{"id":6460,"date":"2017-11-01T16:11:10","date_gmt":"2017-11-01T15:11:10","guid":{"rendered":"https:\/\/inverma.co.il\/?page_id=6460"},"modified":"2020-04-26T22:27:24","modified_gmt":"2020-04-26T20:27:24","slug":"verve-by-fernand-peril","status":"publish","type":"page","link":"https:\/\/inverma.co.il\/ru\/%d0%bf%d1%80%d0%be%d0%b4%d1%83%d0%ba%d1%82%d1%8b\/%d0%bf%d1%80%d0%be%d0%b4%d1%83%d0%ba%d1%82%d1%8b-%d0%b4%d0%bb%d1%8f-%d0%bc%d1%83%d0%b6%d1%87%d0%b8%d0%bd\/verve-by-fernand-peril\/","title":{"rendered":"Verve by Fernand P\u00e9ril"},"content":{"rendered":"[et_pb_section fb_built=&#187;1&#8243; _builder_version=&#187;3.22.4&#8243; inner_width_tablet=&#187;50px&#187; inner_max_width_tablet=&#187;50px&#187; custom_padding=&#187;0px|||&#187; z_index_tablet=&#187;500&#8243;][et_pb_row _builder_version=&#187;3.25&#8243; background_size=&#187;initial&#187; background_position=&#187;top_left&#187; background_repeat=&#187;repeat&#187;][et_pb_column type=&#187;4_4&#8243; _builder_version=&#187;3.25&#8243; custom_padding=&#187;|||&#187; custom_padding__hover=&#187;|||&#187;][et_pb_post_title meta=&#187;off&#187; featured_image=&#187;off&#187; _builder_version=&#187;3.22.4&#8243; z_index_tablet=&#187;500&#8243;][\/et_pb_post_title][\/et_pb_column][\/et_pb_row][et_pb_row make_equal=&#187;on&#187; _builder_version=&#187;3.25&#8243; background_color=&#187;#ffffff&#187; z_index_tablet=&#187;500&#8243; box_shadow_style=&#187;preset3&#8243; column_structure=&#187;1_3,1_3,1_3&#8243;][et_pb_column type=&#187;1_3&#8243; _builder_version=&#187;3.25&#8243; custom_padding=&#187;|||&#187; custom_padding__hover=&#187;|||&#187;][et_pb_text _builder_version=&#187;3.27.4&#8243; background_color=&#187;#ffffff&#187; custom_padding=&#187;5%|5%|5%|5%&#187; z_index_tablet=&#187;500&#8243;]\n<p><img decoding=\"async\" loading=\"lazy\" class=\"aligncenter wp-image-7173\" src=\"https:\/\/inverma.co.il\/wp-content\/uploads\/verve.png\" alt=\"\" width=\"295\" height=\"300\" srcset=\"https:\/\/inverma.co.il\/wp-content\/uploads\/verve.png 329w, https:\/\/inverma.co.il\/wp-content\/uploads\/verve-80x80.png 80w, https:\/\/inverma.co.il\/wp-content\/uploads\/verve-32x32.png 32w\" sizes=\"(max-width: 295px) 100vw, 295px\" \/><\/p>\n<p>\u0418\u043d\u0442\u0435\u043d\u0441\u0438\u0432\u043d\u044b\u0439 \u0441\u043e\u0431\u043b\u0430\u0437\u043d\u0438\u0442\u0435\u043b\u044c\u043d\u044b\u0439 \u043f\u0430\u0440\u0444\u044e\u043c \u043e\u0442 Fernand P\u00e9ril. \u0418\u0437\u044b\u0441\u043a\u0430\u043d\u043d\u0430\u044f \u043a\u043e\u043c\u043f\u043e\u0437\u0438\u0446\u0438\u044f \u0440\u0430\u0437\u043b\u0438\u0447\u043d\u044b\u0445 \u044d\u043a\u0437\u043e\u0442\u0438\u0447\u0435\u0441\u043a\u0438\u0445 \u0430\u0440\u043e\u043c\u0430\u0442\u043d\u044b\u0445 \u043d\u043e\u0442 \u043f\u043e\u0434\u0434\u0435\u0440\u0436\u0438\u0432\u0430\u0435\u0442 \u044d\u0444\u0444\u0435\u043a\u0442 \u0444\u0435\u0440\u043e\u043c\u043e\u043d\u043e\u0432. \u041f\u0430\u043b\u0438\u0442\u0440\u0430 \u0432\u043e\u0437\u0434\u0435\u0439\u0441\u0442\u0432\u0438\u044f \u0435\u0433\u043e \u043e\u0431\u0430\u0434\u0430\u0442\u0435\u043b\u044f \u2014 \u043e\u0442 \u0441\u0432\u0435\u0436\u0435\u0441\u0442\u0438 \u0438 \u043f\u043e\u043b\u043d\u043e\u0442\u044b \u044d\u043d\u0435\u0440\u0433\u0438\u0435\u0439 \u0434\u043e \u0430\u0431\u0441\u043e\u043b\u044e\u0442\u043d\u043e\u0439 \u043d\u0435\u0432\u043e\u0437\u043c\u043e\u0436\u043d\u043e\u0441\u0442\u0438 \u0443\u0441\u0442\u043e\u044f\u0442\u044c, \u043d\u043e \u043f\u0440\u0438 \u044d\u0442\u043e\u043c \u0431\u0435\u0437 \u043d\u0430\u0432\u044f\u0437\u0447\u0438\u0432\u043e\u0441\u0442\u0438. \u041f\u043e\u0434\u0445\u043e\u0434\u044f\u0449\u0438\u0439 \u0430\u0440\u043e\u043c\u0430\u0442 \u0434\u043b\u044f \u043a\u0430\u0436\u0434\u043e\u0433\u043e \u043c\u0443\u0436\u0447\u0438\u043d\u044b.<\/p>\n[\/et_pb_text][\/et_pb_column][et_pb_column type=&#187;1_3&#8243; _builder_version=&#187;3.25&#8243; custom_padding=&#187;|||&#187; custom_padding__hover=&#187;|||&#187;][et_pb_text _builder_version=&#187;4.4.3&#8243; background_color=&#187;#ffffff&#187; custom_padding=&#187;5%|||&#187; custom_padding_tablet=&#187;|5%||5%&#187; custom_padding_phone=&#187;&#187; custom_padding_last_edited=&#187;on|phone&#187; hover_enabled=&#187;0&#8243; z_index_tablet=&#187;500&#8243;]\n<div class=\"prod_box\">\u0418\u041d\u0424\u041e\u0420\u041c\u0410\u0426\u0418\u042f \u041e \u041f\u0420\u041e\u0414\u0423\u041a\u0422\u0415:<\/div>\n<div class=\"prod_list\">\n<ul>\n<li><i class=\"far fa-check-circle\"><\/i>100 \u043c\u043b<\/li>\n<li><i class=\"far fa-check-circle\"><\/i>Eau de Toilette<\/li>\n<li><i class=\"far fa-check-circle\"><\/i>\u0412\u044b\u0441\u043e\u043a\u043e\u043a\u0430\u0447\u0435\u0441\u0442\u0432\u0435\u043d\u043d\u044b\u0439 \u043c\u0443\u0436\u0441\u043a\u043e\u0439 \u043f\u0430\u0440\u0444\u044e\u043c \u0441 \u0444\u0435\u0440\u043e\u043c\u043e\u043d\u0430\u043c\u0438 \u0432 \u0434\u0438\u0437\u0430\u0439\u043d\u0435\u0440\u0441\u043a\u043e\u043c \u0444\u043b\u0430\u043a\u043e\u043d\u0435<\/li>\n<li><i class=\"far fa-check-circle\"><\/i><strong>\u0410\u0440\u0442.\u2116: 57900<\/strong><\/li>\n<\/ul>\n<\/div>\n[\/et_pb_text][et_pb_button button_url=&#187;https:\/\/inverma.co.il\/ru\/%d0%ba%d0%be%d0%bd%d1%82%d0%b0%d0%ba%d1%82%d1%8b\/&#187; url_new_window=&#187;on&#187; button_text=&#187;\u0415\u0429\u0415 \u0412\u041e\u041f\u0420\u041e\u0421\u042b?&#187; button_alignment=&#187;left&#187; admin_label=&#187;Noch Fragen? Button&#187; _builder_version=&#187;3.22.4&#8243; custom_button=&#187;on&#187; button_text_color=&#187;#e2007a&#187; button_bg_color=&#187;#efefef&#187; button_use_icon=&#187;off&#187; custom_padding_tablet=&#187;&#187; custom_padding_phone=&#187;&#187; custom_padding_last_edited=&#187;on|desktop&#187; animation_style=&#187;bounce&#187; z_index_tablet=&#187;500&#8243; saved_tabs=&#187;all&#187;][\/et_pb_button][\/et_pb_column][et_pb_column type=&#187;1_3&#8243; _builder_version=&#187;3.25&#8243; custom_padding=&#187;|||&#187; custom_padding__hover=&#187;|||&#187;][et_pb_text admin_label=&#187;Siblings&#187; _builder_version=&#187;3.27.4&#8243; background_color=&#187;#efefef&#187; use_background_color_gradient=&#187;on&#187; background_color_gradient_start=&#187;#efefef&#187; background_color_gradient_end=&#187;#ffffff&#187; custom_margin=&#187;5%|5%||&#187; custom_margin_tablet=&#187;5%|5%|5%|5%&#187; custom_margin_phone=&#187;&#187; custom_margin_last_edited=&#187;on|phone&#187; custom_padding=&#187;5%|5%|5%|5%&#187; z_index_tablet=&#187;500&#8243;]\n<h3><a title=\"\u0414\u0420\u0423\u0413\u0418\u0415 \u041f\u0420\u041e\u0414\u0423\u041a\u0422\u042b \u0414\u041b\u042f \u041c\u0423\u0416\u0427\u0418\u041d\" href=\"https:\/\/inverma.co.il\/ru\/%d0%bf%d1%80%d0%be%d0%b4%d1%83%d0%ba%d1%82%d1%8b\/%d0%bf%d1%80%d0%be%d0%b4%d1%83%d0%ba%d1%82%d1%8b-%d0%b4%d0%bb%d1%8f-%d0%bc%d1%83%d0%b6%d1%87%d0%b8%d0%bd\/\">\u0414\u0420\u0423\u0413\u0418\u0415 \u041f\u0420\u041e\u0414\u0423\u041a\u0422\u042b \u0414\u041b\u042f \u041c\u0423\u0416\u0427\u0418\u041d:<\/a><\/h3>\n<ul class=\"su-siblings\"><li class=\"page_item page-item-6410\"><a href=\"https:\/\/inverma.co.il\/ru\/%d0%bf%d1%80%d0%be%d0%b4%d1%83%d0%ba%d1%82%d1%8b\/%d0%bf%d1%80%d0%be%d0%b4%d1%83%d0%ba%d1%82%d1%8b-%d0%b4%d0%bb%d1%8f-%d0%bc%d1%83%d0%b6%d1%87%d0%b8%d0%bd\/erekta-absolut\/\">erekta absolut<\/a><\/li>\n<li class=\"page_item page-item-6415\"><a href=\"https:\/\/inverma.co.il\/ru\/%d0%bf%d1%80%d0%be%d0%b4%d1%83%d0%ba%d1%82%d1%8b\/%d0%bf%d1%80%d0%be%d0%b4%d1%83%d0%ba%d1%82%d1%8b-%d0%b4%d0%bb%d1%8f-%d0%bc%d1%83%d0%b6%d1%87%d0%b8%d0%bd\/erekta-prompt-fuer-den-mann\/\">erekta prompt f\u00fcr den Mann<\/a><\/li>\n<li class=\"page_item page-item-6400\"><a href=\"https:\/\/inverma.co.il\/ru\/%d0%bf%d1%80%d0%be%d0%b4%d1%83%d0%ba%d1%82%d1%8b\/%d0%bf%d1%80%d0%be%d0%b4%d1%83%d0%ba%d1%82%d1%8b-%d0%b4%d0%bb%d1%8f-%d0%bc%d1%83%d0%b6%d1%87%d0%b8%d0%bd\/bigist-cream\/\">bigist-cream<\/a><\/li>\n<li class=\"page_item page-item-6430\"><a href=\"https:\/\/inverma.co.il\/ru\/%d0%bf%d1%80%d0%be%d0%b4%d1%83%d0%ba%d1%82%d1%8b\/%d0%bf%d1%80%d0%be%d0%b4%d1%83%d0%ba%d1%82%d1%8b-%d0%b4%d0%bb%d1%8f-%d0%bc%d1%83%d0%b6%d1%87%d0%b8%d0%bd\/largo\/\">largo<\/a><\/li>\n<li class=\"page_item page-item-6440\"><a href=\"https:\/\/inverma.co.il\/ru\/%d0%bf%d1%80%d0%be%d0%b4%d1%83%d0%ba%d1%82%d1%8b\/%d0%bf%d1%80%d0%be%d0%b4%d1%83%d0%ba%d1%82%d1%8b-%d0%b4%d0%bb%d1%8f-%d0%bc%d1%83%d0%b6%d1%87%d0%b8%d0%bd\/magnaphall\/\">Magnaphall<\/a><\/li>\n<li class=\"page_item page-item-6445\"><a href=\"https:\/\/inverma.co.il\/ru\/%d0%bf%d1%80%d0%be%d0%b4%d1%83%d0%ba%d1%82%d1%8b\/%d0%bf%d1%80%d0%be%d0%b4%d1%83%d0%ba%d1%82%d1%8b-%d0%b4%d0%bb%d1%8f-%d0%bc%d1%83%d0%b6%d1%87%d0%b8%d0%bd\/maximum\/\">Maximum<\/a><\/li>\n<li class=\"page_item page-item-6420\"><a href=\"https:\/\/inverma.co.il\/ru\/%d0%bf%d1%80%d0%be%d0%b4%d1%83%d0%ba%d1%82%d1%8b\/%d0%bf%d1%80%d0%be%d0%b4%d1%83%d0%ba%d1%82%d1%8b-%d0%b4%d0%bb%d1%8f-%d0%bc%d1%83%d0%b6%d1%87%d0%b8%d0%bd\/fp-by-fernand-peril\/\">FP by Fernand P\u00e9ril<\/a><\/li>\n<li class=\"page_item page-item-6455\"><a href=\"https:\/\/inverma.co.il\/ru\/%d0%bf%d1%80%d0%be%d0%b4%d1%83%d0%ba%d1%82%d1%8b\/%d0%bf%d1%80%d0%be%d0%b4%d1%83%d0%ba%d1%82%d1%8b-%d0%b4%d0%bb%d1%8f-%d0%bc%d1%83%d0%b6%d1%87%d0%b8%d0%bd\/mens-parfum-von-inverma\/\">Men&#8217;s Parfum von INVERMA<\/a><\/li>\n<li class=\"page_item page-item-6435\"><a href=\"https:\/\/inverma.co.il\/ru\/%d0%bf%d1%80%d0%be%d0%b4%d1%83%d0%ba%d1%82%d1%8b\/%d0%bf%d1%80%d0%be%d0%b4%d1%83%d0%ba%d1%82%d1%8b-%d0%b4%d0%bb%d1%8f-%d0%bc%d1%83%d0%b6%d1%87%d0%b8%d0%bd\/%d0%ba%d0%be%d0%bb%d1%8c%d1%86%d0%b0-%d0%bb%d1%8e%d0%b1%d0%b2%d0%b8\/\">\u041a\u043e\u043b\u044c\u0446\u0430 \u043b\u044e\u0431\u0432\u0438<\/a><\/li>\n<li class=\"page_item page-item-6450\"><a href=\"https:\/\/inverma.co.il\/ru\/%d0%bf%d1%80%d0%be%d0%b4%d1%83%d0%ba%d1%82%d1%8b\/%d0%bf%d1%80%d0%be%d0%b4%d1%83%d0%ba%d1%82%d1%8b-%d0%b4%d0%bb%d1%8f-%d0%bc%d1%83%d0%b6%d1%87%d0%b8%d0%bd\/men-stop-stop\/\">men stop-stop<\/a><\/li>\n<li class=\"page_item page-item-6405\"><a href=\"https:\/\/inverma.co.il\/ru\/%d0%bf%d1%80%d0%be%d0%b4%d1%83%d0%ba%d1%82%d1%8b\/%d0%bf%d1%80%d0%be%d0%b4%d1%83%d0%ba%d1%82%d1%8b-%d0%b4%d0%bb%d1%8f-%d0%bc%d1%83%d0%b6%d1%87%d0%b8%d0%bd\/casanova-cream-creme-damour\/\">Casanova cream &#8212; Creme d`Amour<\/a><\/li>\n<li class=\"page_item page-item-6425\"><a href=\"https:\/\/inverma.co.il\/ru\/%d0%bf%d1%80%d0%be%d0%b4%d1%83%d0%ba%d1%82%d1%8b\/%d0%bf%d1%80%d0%be%d0%b4%d1%83%d0%ba%d1%82%d1%8b-%d0%b4%d0%bb%d1%8f-%d0%bc%d1%83%d0%b6%d1%87%d0%b8%d0%bd\/inverma-herren-creme\/\">INVERMA Herren-Creme<\/a><\/li>\n<\/ul>\n[\/et_pb_text][\/et_pb_column][\/et_pb_row][\/et_pb_section]\n","protected":false},"excerpt":{"rendered":"<p>\u0418\u043d\u0442\u0435\u043d\u0441\u0438\u0432\u043d\u044b\u0439 \u0441\u043e\u0431\u043b\u0430\u0437\u043d\u0438\u0442\u0435\u043b\u044c\u043d\u044b\u0439 \u043f\u0430\u0440\u0444\u044e\u043c \u043e\u0442 Fernand P\u00e9ril. \u0418\u0437\u044b\u0441\u043a\u0430\u043d\u043d\u0430\u044f \u043a\u043e\u043c\u043f\u043e\u0437\u0438\u0446\u0438\u044f \u0440\u0430\u0437\u043b\u0438\u0447\u043d\u044b\u0445 \u044d\u043a\u0437\u043e\u0442\u0438\u0447\u0435\u0441\u043a\u0438\u0445 \u0430\u0440\u043e\u043c\u0430\u0442\u043d\u044b\u0445 \u043d\u043e\u0442 \u043f\u043e\u0434\u0434\u0435\u0440\u0436\u0438\u0432\u0430\u0435\u0442 \u044d\u0444\u0444\u0435\u043a\u0442 \u0444\u0435\u0440\u043e\u043c\u043e\u043d\u043e\u0432. \u041f\u0430\u043b\u0438\u0442\u0440\u0430 \u0432\u043e\u0437\u0434\u0435\u0439\u0441\u0442\u0432\u0438\u044f \u0435\u0433\u043e \u043e\u0431\u0430\u0434\u0430\u0442\u0435\u043b\u044f \u2014 \u043e\u0442 \u0441\u0432\u0435\u0436\u0435\u0441\u0442\u0438 \u0438 \u043f\u043e\u043b\u043d\u043e\u0442\u044b \u044d\u043d\u0435\u0440\u0433\u0438\u0435\u0439 \u0434\u043e \u0430\u0431\u0441\u043e\u043b\u044e\u0442\u043d\u043e\u0439 \u043d\u0435\u0432\u043e\u0437\u043c\u043e\u0436\u043d\u043e\u0441\u0442\u0438 \u0443\u0441\u0442\u043e\u044f\u0442\u044c, \u043d\u043e \u043f\u0440\u0438 \u044d\u0442\u043e\u043c \u0431\u0435\u0437 \u043d\u0430\u0432\u044f\u0437\u0447\u0438\u0432\u043e\u0441\u0442\u0438. \u041f\u043e\u0434\u0445\u043e\u0434\u044f\u0449\u0438\u0439 \u0430\u0440\u043e\u043c\u0430\u0442 \u0434\u043b\u044f \u043a\u0430\u0436\u0434\u043e\u0433\u043e \u043c\u0443\u0436\u0447\u0438\u043d\u044b. \u0418\u041d\u0424\u041e\u0420\u041c\u0410\u0426\u0418\u042f \u041e \u041f\u0420\u041e\u0414\u0423\u041a\u0422\u0415: 100 \u043c\u043b Eau de Toilette \u0412\u044b\u0441\u043e\u043a\u043e\u043a\u0430\u0447\u0435\u0441\u0442\u0432\u0435\u043d\u043d\u044b\u0439 \u043c\u0443\u0436\u0441\u043a\u043e\u0439 \u043f\u0430\u0440\u0444\u044e\u043c \u0441 \u0444\u0435\u0440\u043e\u043c\u043e\u043d\u0430\u043c\u0438 \u0432 \u0434\u0438\u0437\u0430\u0439\u043d\u0435\u0440\u0441\u043a\u043e\u043c \u0444\u043b\u0430\u043a\u043e\u043d\u0435 [&hellip;]<\/p>\n","protected":false},"author":9,"featured_media":7175,"parent":6318,"menu_order":8,"comment_status":"closed","ping_status":"closed","template":"","meta":{"_et_pb_use_builder":"on","_et_pb_old_content":"<p style=\"text-align: justify;\">[su_row]\r\n[su_column size=\"1\/3\"]\r\n<img class=\"aligncenter wp-image-3100 size-full\" title=\"INVERMA Verve by Fernand P\u00e9ril\" src=\"https:\/\/inverma.co.il\/wp-content\/uploads\/verve.png\" alt=\"INVERMA Verve by Fernand P\u00e9ril\" width=\"295\" height=\"300\" \/>\r\n[\/su_column]\r\n[su_column size=\"1\/3\"]<\/p>\r\n<p style=\"text-align: justify;\">Ein intensiv-verf\u00fchrerisches Pheromon-Parfum von Fernand P\u00e9ril mit einer subtilen Komposition verschiedenster exotischer Duftnoten. Die Ausstrahlung des Tr\u00e4gers kann von frisch und voller Energie bis zu absolut unwiderstehlich reichen - ohne dabei aufdringlich zu sein. Der passende Duft f\u00fcr jeden Mann.<\/p>\r\n[\/su_column]\r\n\r\n[su_column size=\"1\/3\"]\r\n<div class=\"prod_box_klein\">\r\n\r\n[su_box title=\"Produktinformation\" box_color=\"#e2007a\"]\r\n<ul>\r\n \t<li>Inhalt: 100 ml<\/li>\r\n \t<li>Eau de Toilette<\/li>\r\n \t<li>hochwertiges Pheromon-Parfum f\u00fcr den Mann in elegantem Design-Flacon<\/li>\r\n \t<li>Made in Germany<\/li>\r\n \t<li><strong>Art.-Nr.: 57900<\/strong><\/li>\r\n<\/ul>\r\n[\/su_box]\r\n\r\n<\/div>\r\n[\/su_column]\r\n[\/su_row]\r\n<h3><a title=\"Produkte f\u00fcr ihn\" href=\"\/?page_id=1996\">Weitere Produkte F\u00dcR IHN:<\/a><\/h3>\r\n[su_siblings]","_et_gb_content_width":""},"yoast_head":"<!-- This site is optimized with the Yoast SEO plugin v19.9 - https:\/\/yoast.com\/wordpress\/plugins\/seo\/ -->\n<title>INVERMA Verve by Fernand P\u00e9ril<\/title>\n<meta name=\"description\" content=\"INVERMA Verve by Fernand P\u00e9ril - Ein intensiv-verf\u00fchrerisches Parfum. Unterst\u00fctzt den Pheromoneffekt durch Komposition exotischer Duftnoten\" \/>\n<meta name=\"robots\" content=\"index, follow, max-snippet:-1, max-image-preview:large, max-video-preview:-1\" \/>\n<link rel=\"canonical\" href=\"https:\/\/inverma.co.il\/ru\/%d0%bf%d1%80%d0%be%d0%b4%d1%83%d0%ba%d1%82%d1%8b\/%d0%bf%d1%80%d0%be%d0%b4%d1%83%d0%ba%d1%82%d1%8b-%d0%b4%d0%bb%d1%8f-%d0%bc%d1%83%d0%b6%d1%87%d0%b8%d0%bd\/verve-by-fernand-peril\/\" \/>\n<meta property=\"og:locale\" content=\"ru_RU\" \/>\n<meta property=\"og:type\" content=\"article\" \/>\n<meta property=\"og:title\" content=\"INVERMA Verve by Fernand P\u00e9ril\" \/>\n<meta property=\"og:description\" content=\"INVERMA Verve by Fernand P\u00e9ril - Ein intensiv-verf\u00fchrerisches Parfum. Unterst\u00fctzt den Pheromoneffekt durch Komposition exotischer Duftnoten\" \/>\n<meta property=\"og:url\" content=\"https:\/\/inverma.co.il\/ru\/%d0%bf%d1%80%d0%be%d0%b4%d1%83%d0%ba%d1%82%d1%8b\/%d0%bf%d1%80%d0%be%d0%b4%d1%83%d0%ba%d1%82%d1%8b-%d0%b4%d0%bb%d1%8f-%d0%bc%d1%83%d0%b6%d1%87%d0%b8%d0%bd\/verve-by-fernand-peril\/\" \/>\n<meta property=\"og:site_name\" content=\"INVERMA\" \/>\n<meta property=\"article:publisher\" content=\"https:\/\/www.facebook.com\/inverma.lange\" \/>\n<meta property=\"article:modified_time\" content=\"2020-04-26T20:27:24+00:00\" \/>\n<meta property=\"og:image\" content=\"https:\/\/inverma.co.il\/wp-content\/uploads\/verve.png\" \/>\n\t<meta property=\"og:image:width\" content=\"329\" \/>\n\t<meta property=\"og:image:height\" content=\"335\" \/>\n\t<meta property=\"og:image:type\" content=\"image\/png\" \/>\n<meta name=\"twitter:label1\" content=\"\u041f\u0440\u0438\u043c\u0435\u0440\u043d\u043e\u0435 \u0432\u0440\u0435\u043c\u044f \u0434\u043b\u044f \u0447\u0442\u0435\u043d\u0438\u044f\" \/>\n\t<meta name=\"twitter:data1\" content=\"2 \u043c\u0438\u043d\u0443\u0442\u044b\" \/>\n<script type=\"application\/ld+json\" class=\"yoast-schema-graph\">{\"@context\":\"https:\/\/schema.org\",\"@graph\":[{\"@type\":\"WebPage\",\"@id\":\"https:\/\/inverma.co.il\/ru\/%d0%bf%d1%80%d0%be%d0%b4%d1%83%d0%ba%d1%82%d1%8b\/%d0%bf%d1%80%d0%be%d0%b4%d1%83%d0%ba%d1%82%d1%8b-%d0%b4%d0%bb%d1%8f-%d0%bc%d1%83%d0%b6%d1%87%d0%b8%d0%bd\/verve-by-fernand-peril\/\",\"url\":\"https:\/\/inverma.co.il\/ru\/%d0%bf%d1%80%d0%be%d0%b4%d1%83%d0%ba%d1%82%d1%8b\/%d0%bf%d1%80%d0%be%d0%b4%d1%83%d0%ba%d1%82%d1%8b-%d0%b4%d0%bb%d1%8f-%d0%bc%d1%83%d0%b6%d1%87%d0%b8%d0%bd\/verve-by-fernand-peril\/\",\"name\":\"INVERMA Verve by Fernand P\u00e9ril\",\"isPartOf\":{\"@id\":\"https:\/\/inverma.co.il\/ru\/#website\"},\"datePublished\":\"2017-11-01T15:11:10+00:00\",\"dateModified\":\"2020-04-26T20:27:24+00:00\",\"description\":\"INVERMA Verve by Fernand P\u00e9ril - Ein intensiv-verf\u00fchrerisches Parfum. Unterst\u00fctzt den Pheromoneffekt durch Komposition exotischer Duftnoten\",\"breadcrumb\":{\"@id\":\"https:\/\/inverma.co.il\/ru\/%d0%bf%d1%80%d0%be%d0%b4%d1%83%d0%ba%d1%82%d1%8b\/%d0%bf%d1%80%d0%be%d0%b4%d1%83%d0%ba%d1%82%d1%8b-%d0%b4%d0%bb%d1%8f-%d0%bc%d1%83%d0%b6%d1%87%d0%b8%d0%bd\/verve-by-fernand-peril\/#breadcrumb\"},\"inLanguage\":\"ru-RU\",\"potentialAction\":[{\"@type\":\"ReadAction\",\"target\":[\"https:\/\/inverma.co.il\/ru\/%d0%bf%d1%80%d0%be%d0%b4%d1%83%d0%ba%d1%82%d1%8b\/%d0%bf%d1%80%d0%be%d0%b4%d1%83%d0%ba%d1%82%d1%8b-%d0%b4%d0%bb%d1%8f-%d0%bc%d1%83%d0%b6%d1%87%d0%b8%d0%bd\/verve-by-fernand-peril\/\"]}]},{\"@type\":\"BreadcrumbList\",\"@id\":\"https:\/\/inverma.co.il\/ru\/%d0%bf%d1%80%d0%be%d0%b4%d1%83%d0%ba%d1%82%d1%8b\/%d0%bf%d1%80%d0%be%d0%b4%d1%83%d0%ba%d1%82%d1%8b-%d0%b4%d0%bb%d1%8f-%d0%bc%d1%83%d0%b6%d1%87%d0%b8%d0%bd\/verve-by-fernand-peril\/#breadcrumb\",\"itemListElement\":[{\"@type\":\"ListItem\",\"position\":1,\"name\":\"Home\",\"item\":\"https:\/\/inverma.co.il\/ru\/inverma-your-partner-for-love\/\"},{\"@type\":\"ListItem\",\"position\":2,\"name\":\"\u043f\u0440\u043e\u0434\u0443\u043a\u0442\u044b\",\"item\":\"https:\/\/inverma.co.il\/ru\/%d0%bf%d1%80%d0%be%d0%b4%d1%83%d0%ba%d1%82%d1%8b\/\"},{\"@type\":\"ListItem\",\"position\":3,\"name\":\"\u043f\u0440\u043e\u0434\u0443\u043a\u0442\u044b \u0434\u043b\u044f \u043c\u0443\u0436\u0447\u0438\u043d\",\"item\":\"https:\/\/inverma.co.il\/ru\/%d0%bf%d1%80%d0%be%d0%b4%d1%83%d0%ba%d1%82%d1%8b\/%d0%bf%d1%80%d0%be%d0%b4%d1%83%d0%ba%d1%82%d1%8b-%d0%b4%d0%bb%d1%8f-%d0%bc%d1%83%d0%b6%d1%87%d0%b8%d0%bd\/\"},{\"@type\":\"ListItem\",\"position\":4,\"name\":\"Verve by Fernand P\u00e9ril\"}]},{\"@type\":\"WebSite\",\"@id\":\"https:\/\/inverma.co.il\/ru\/#website\",\"url\":\"https:\/\/inverma.co.il\/ru\/\",\"name\":\"INVERMA\",\"description\":\"Come in to the world of erotic and exotic\",\"publisher\":{\"@id\":\"https:\/\/inverma.co.il\/ru\/#organization\"},\"potentialAction\":[{\"@type\":\"SearchAction\",\"target\":{\"@type\":\"EntryPoint\",\"urlTemplate\":\"https:\/\/inverma.co.il\/ru\/?s={search_term_string}\"},\"query-input\":\"required name=search_term_string\"}],\"inLanguage\":\"ru-RU\"},{\"@type\":\"Organization\",\"@id\":\"https:\/\/inverma.co.il\/ru\/#organization\",\"name\":\"INVERMA Johannes Lange GmbH+Co KG\",\"url\":\"https:\/\/inverma.co.il\/ru\/\",\"logo\":{\"@type\":\"ImageObject\",\"inLanguage\":\"ru-RU\",\"@id\":\"https:\/\/inverma.co.il\/ru\/#\/schema\/logo\/image\/\",\"url\":\"https:\/\/inverma.co.il\/wp-content\/uploads\/inverma_logo_neu-e1545358251143.png\",\"contentUrl\":\"https:\/\/inverma.co.il\/wp-content\/uploads\/inverma_logo_neu-e1545358251143.png\",\"width\":280,\"height\":74,\"caption\":\"INVERMA Johannes Lange GmbH+Co KG\"},\"image\":{\"@id\":\"https:\/\/inverma.co.il\/ru\/#\/schema\/logo\/image\/\"},\"sameAs\":[\"https:\/\/www.facebook.com\/inverma.lange\"]}]}<\/script>\n<!-- \/ Yoast SEO plugin. -->","yoast_head_json":{"title":"INVERMA Verve by Fernand P\u00e9ril","description":"INVERMA Verve by Fernand P\u00e9ril - Ein intensiv-verf\u00fchrerisches Parfum. Unterst\u00fctzt den Pheromoneffekt durch Komposition exotischer Duftnoten","robots":{"index":"index","follow":"follow","max-snippet":"max-snippet:-1","max-image-preview":"max-image-preview:large","max-video-preview":"max-video-preview:-1"},"canonical":"https:\/\/inverma.co.il\/ru\/%d0%bf%d1%80%d0%be%d0%b4%d1%83%d0%ba%d1%82%d1%8b\/%d0%bf%d1%80%d0%be%d0%b4%d1%83%d0%ba%d1%82%d1%8b-%d0%b4%d0%bb%d1%8f-%d0%bc%d1%83%d0%b6%d1%87%d0%b8%d0%bd\/verve-by-fernand-peril\/","og_locale":"ru_RU","og_type":"article","og_title":"INVERMA Verve by Fernand P\u00e9ril","og_description":"INVERMA Verve by Fernand P\u00e9ril - Ein intensiv-verf\u00fchrerisches Parfum. Unterst\u00fctzt den Pheromoneffekt durch Komposition exotischer Duftnoten","og_url":"https:\/\/inverma.co.il\/ru\/%d0%bf%d1%80%d0%be%d0%b4%d1%83%d0%ba%d1%82%d1%8b\/%d0%bf%d1%80%d0%be%d0%b4%d1%83%d0%ba%d1%82%d1%8b-%d0%b4%d0%bb%d1%8f-%d0%bc%d1%83%d0%b6%d1%87%d0%b8%d0%bd\/verve-by-fernand-peril\/","og_site_name":"INVERMA","article_publisher":"https:\/\/www.facebook.com\/inverma.lange","article_modified_time":"2020-04-26T20:27:24+00:00","og_image":[{"width":329,"height":335,"url":"https:\/\/inverma.co.il\/wp-content\/uploads\/verve.png","type":"image\/png"}],"twitter_misc":{"\u041f\u0440\u0438\u043c\u0435\u0440\u043d\u043e\u0435 \u0432\u0440\u0435\u043c\u044f \u0434\u043b\u044f \u0447\u0442\u0435\u043d\u0438\u044f":"2 \u043c\u0438\u043d\u0443\u0442\u044b"},"schema":{"@context":"https:\/\/schema.org","@graph":[{"@type":"WebPage","@id":"https:\/\/inverma.co.il\/ru\/%d0%bf%d1%80%d0%be%d0%b4%d1%83%d0%ba%d1%82%d1%8b\/%d0%bf%d1%80%d0%be%d0%b4%d1%83%d0%ba%d1%82%d1%8b-%d0%b4%d0%bb%d1%8f-%d0%bc%d1%83%d0%b6%d1%87%d0%b8%d0%bd\/verve-by-fernand-peril\/","url":"https:\/\/inverma.co.il\/ru\/%d0%bf%d1%80%d0%be%d0%b4%d1%83%d0%ba%d1%82%d1%8b\/%d0%bf%d1%80%d0%be%d0%b4%d1%83%d0%ba%d1%82%d1%8b-%d0%b4%d0%bb%d1%8f-%d0%bc%d1%83%d0%b6%d1%87%d0%b8%d0%bd\/verve-by-fernand-peril\/","name":"INVERMA Verve by Fernand P\u00e9ril","isPartOf":{"@id":"https:\/\/inverma.co.il\/ru\/#website"},"datePublished":"2017-11-01T15:11:10+00:00","dateModified":"2020-04-26T20:27:24+00:00","description":"INVERMA Verve by Fernand P\u00e9ril - Ein intensiv-verf\u00fchrerisches Parfum. Unterst\u00fctzt den Pheromoneffekt durch Komposition exotischer Duftnoten","breadcrumb":{"@id":"https:\/\/inverma.co.il\/ru\/%d0%bf%d1%80%d0%be%d0%b4%d1%83%d0%ba%d1%82%d1%8b\/%d0%bf%d1%80%d0%be%d0%b4%d1%83%d0%ba%d1%82%d1%8b-%d0%b4%d0%bb%d1%8f-%d0%bc%d1%83%d0%b6%d1%87%d0%b8%d0%bd\/verve-by-fernand-peril\/#breadcrumb"},"inLanguage":"ru-RU","potentialAction":[{"@type":"ReadAction","target":["https:\/\/inverma.co.il\/ru\/%d0%bf%d1%80%d0%be%d0%b4%d1%83%d0%ba%d1%82%d1%8b\/%d0%bf%d1%80%d0%be%d0%b4%d1%83%d0%ba%d1%82%d1%8b-%d0%b4%d0%bb%d1%8f-%d0%bc%d1%83%d0%b6%d1%87%d0%b8%d0%bd\/verve-by-fernand-peril\/"]}]},{"@type":"BreadcrumbList","@id":"https:\/\/inverma.co.il\/ru\/%d0%bf%d1%80%d0%be%d0%b4%d1%83%d0%ba%d1%82%d1%8b\/%d0%bf%d1%80%d0%be%d0%b4%d1%83%d0%ba%d1%82%d1%8b-%d0%b4%d0%bb%d1%8f-%d0%bc%d1%83%d0%b6%d1%87%d0%b8%d0%bd\/verve-by-fernand-peril\/#breadcrumb","itemListElement":[{"@type":"ListItem","position":1,"name":"Home","item":"https:\/\/inverma.co.il\/ru\/inverma-your-partner-for-love\/"},{"@type":"ListItem","position":2,"name":"\u043f\u0440\u043e\u0434\u0443\u043a\u0442\u044b","item":"https:\/\/inverma.co.il\/ru\/%d0%bf%d1%80%d0%be%d0%b4%d1%83%d0%ba%d1%82%d1%8b\/"},{"@type":"ListItem","position":3,"name":"\u043f\u0440\u043e\u0434\u0443\u043a\u0442\u044b \u0434\u043b\u044f \u043c\u0443\u0436\u0447\u0438\u043d","item":"https:\/\/inverma.co.il\/ru\/%d0%bf%d1%80%d0%be%d0%b4%d1%83%d0%ba%d1%82%d1%8b\/%d0%bf%d1%80%d0%be%d0%b4%d1%83%d0%ba%d1%82%d1%8b-%d0%b4%d0%bb%d1%8f-%d0%bc%d1%83%d0%b6%d1%87%d0%b8%d0%bd\/"},{"@type":"ListItem","position":4,"name":"Verve by Fernand P\u00e9ril"}]},{"@type":"WebSite","@id":"https:\/\/inverma.co.il\/ru\/#website","url":"https:\/\/inverma.co.il\/ru\/","name":"INVERMA","description":"Come in to the world of erotic and exotic","publisher":{"@id":"https:\/\/inverma.co.il\/ru\/#organization"},"potentialAction":[{"@type":"SearchAction","target":{"@type":"EntryPoint","urlTemplate":"https:\/\/inverma.co.il\/ru\/?s={search_term_string}"},"query-input":"required name=search_term_string"}],"inLanguage":"ru-RU"},{"@type":"Organization","@id":"https:\/\/inverma.co.il\/ru\/#organization","name":"INVERMA Johannes Lange GmbH+Co KG","url":"https:\/\/inverma.co.il\/ru\/","logo":{"@type":"ImageObject","inLanguage":"ru-RU","@id":"https:\/\/inverma.co.il\/ru\/#\/schema\/logo\/image\/","url":"https:\/\/inverma.co.il\/wp-content\/uploads\/inverma_logo_neu-e1545358251143.png","contentUrl":"https:\/\/inverma.co.il\/wp-content\/uploads\/inverma_logo_neu-e1545358251143.png","width":280,"height":74,"caption":"INVERMA Johannes Lange GmbH+Co KG"},"image":{"@id":"https:\/\/inverma.co.il\/ru\/#\/schema\/logo\/image\/"},"sameAs":["https:\/\/www.facebook.com\/inverma.lange"]}]}},"_links":{"self":[{"href":"https:\/\/inverma.co.il\/ru\/wp-json\/wp\/v2\/pages\/6460"}],"collection":[{"href":"https:\/\/inverma.co.il\/ru\/wp-json\/wp\/v2\/pages"}],"about":[{"href":"https:\/\/inverma.co.il\/ru\/wp-json\/wp\/v2\/types\/page"}],"author":[{"embeddable":true,"href":"https:\/\/inverma.co.il\/ru\/wp-json\/wp\/v2\/users\/9"}],"replies":[{"embeddable":true,"href":"https:\/\/inverma.co.il\/ru\/wp-json\/wp\/v2\/comments?post=6460"}],"version-history":[{"count":0,"href":"https:\/\/inverma.co.il\/ru\/wp-json\/wp\/v2\/pages\/6460\/revisions"}],"up":[{"embeddable":true,"href":"https:\/\/inverma.co.il\/ru\/wp-json\/wp\/v2\/pages\/6318"}],"wp:featuredmedia":[{"embeddable":true,"href":"https:\/\/inverma.co.il\/ru\/wp-json\/wp\/v2\/media\/7175"}],"wp:attachment":[{"href":"https:\/\/inverma.co.il\/ru\/wp-json\/wp\/v2\/media?parent=6460"}],"curies":[{"name":"wp","href":"https:\/\/api.w.org\/{rel}","templated":true}]}}