{"id":6260,"date":"2014-05-21T17:55:02","date_gmt":"2014-05-21T15:55:02","guid":{"rendered":"https:\/\/inverma.co.il\/inverma-effektive-sexualmittel\/"},"modified":"2022-01-04T17:47:43","modified_gmt":"2022-01-04T16:47:43","slug":"%d0%b8%d0%bd%d0%b2%d0%b5%d1%80%d0%bc%d0%b0","status":"publish","type":"page","link":"https:\/\/inverma.co.il\/ru\/%d0%b8%d0%bd%d0%b2%d0%b5%d1%80%d0%bc%d0%b0\/","title":{"rendered":"\u0418\u041d\u0412\u0415\u0420\u041c\u0410"},"content":{"rendered":"[et_pb_section fb_built=&#187;1&#8243; _builder_version=&#187;3.22.4&#8243; inner_width_tablet=&#187;50px&#187; inner_max_width_tablet=&#187;50px&#187; custom_padding=&#187;0px|||&#187; z_index_tablet=&#187;500&#8243; global_colors_info=&#187;{}&#187;][et_pb_row _builder_version=&#187;3.25&#8243; custom_padding=&#187;0px||0px|&#187; z_index_tablet=&#187;500&#8243; global_colors_info=&#187;{}&#187;][et_pb_column type=&#187;4_4&#8243; _builder_version=&#187;3.25&#8243; custom_padding=&#187;|||&#187; global_colors_info=&#187;{}&#187; custom_padding__hover=&#187;|||&#187;][et_pb_post_title meta=&#187;off&#187; featured_image=&#187;off&#187; _builder_version=&#187;3.22.4&#8243; z_index_tablet=&#187;500&#8243;][\/et_pb_post_title][\/et_pb_column][\/et_pb_row][et_pb_row column_structure=&#187;1_3,1_3,1_3&#8243; make_equal=&#187;on&#187; _builder_version=&#187;3.25&#8243; background_color=&#187;#ffffff&#187; module_alignment=&#187;center&#187; z_index_tablet=&#187;500&#8243; border_radii=&#187;on|0px|0px|0px|0px&#187; box_shadow_style=&#187;preset3&#8243; global_colors_info=&#187;{}&#187;][et_pb_column type=&#187;1_3&#8243; _builder_version=&#187;3.25&#8243; background_color=&#187;#ffffff&#187; custom_padding=&#187;|||&#187; global_colors_info=&#187;{}&#187; custom_padding__hover=&#187;|||&#187;][et_pb_text _builder_version=&#187;4.14.2&#8243; custom_padding=&#187;5%|5%|5%|5%&#187; z_index_tablet=&#187;500&#8243; global_colors_info=&#187;{}&#187;]\n<h3>\u0417\u0410\u0421\u041b\u0423\u0413\u0418, \u041f\u041e\u0414\u0414\u0415\u0420\u0416\u0418\u0412\u0410\u0415\u041c\u042b\u0415 \u0422\u0420\u0410\u0414\u0418\u0426\u0418\u0415\u0419 \u00ab\u0421\u0414\u0415\u041b\u0410\u041d\u041e \u0412 \u0413\u0415\u0420\u041c\u0410\u041d\u0418\u0418\u00bb \u2014 \u0411\u041e\u041b\u0415\u0415 71 \u041b\u0415\u0422<\/h3>\n<p>\u041a\u043e\u043c\u043f\u0430\u043d\u0438\u044f \u0441 \u0442\u0440\u0430\u0434\u0438\u0446\u0438\u0435\u0439 INVERMA, \u043f\u0440\u043e\u0446\u0432\u0435\u0442\u0430\u044e\u0449\u0430\u044f \u0443\u0436\u0435 \u0432\u043e \u0432\u0442\u043e\u0440\u043e\u043c \u043f\u043e\u043a\u043e\u043b\u0435\u043d\u0438\u0438, \u0440\u0430\u0441\u043f\u043e\u043b\u043e\u0436\u0435\u043d\u0430 \u0432\u0431\u043b\u0438\u0437\u0438 \u0413\u0430\u043c\u0431\u0443\u0440\u0433\u0430. \u041e\u043d\u0430 \u0438\u0437\u0432\u0435\u0441\u0442\u043d\u0430 \u0432\u043e \u0432\u0441\u0451\u043c \u043c\u0438\u0440\u0435 \u0438 \u0437\u0430\u043d\u0438\u043c\u0430\u0435\u0442 \u0432\u0435\u0434\u0443\u0449\u0435\u0435 \u043c\u0435\u0441\u0442\u043e \u0432 \u043c\u0435\u0436\u0434\u0443\u043d\u0430\u0440\u043e\u0434\u043d\u043e\u043c \u0440\u0435\u0439\u0442\u0438\u043d\u0433\u0435, \u0431\u043b\u0430\u0433\u043e\u0434\u0430\u0440\u044f \u0444\u0438\u0440\u043c\u0435\u043d\u043d\u044b\u043c \u0438\u043d\u0442\u0438\u043c\u043d\u044b\u043c \u043f\u0440\u043e\u0434\u0443\u043a\u0442\u0430\u043c.<br \/>\n\u0410\u0441\u0441\u043e\u0440\u0442\u0438\u043c\u0435\u043d\u0442 \u043e\u0431\u0448\u0438\u0440\u0435\u043d: \u043e\u0442 \u043b\u0443\u0431\u0440\u0438\u043a\u0430\u043d\u0442\u043e\u0432 \u043d\u0430 \u0432\u043e\u0434\u043d\u043e\u0439 \u0438\u043b\u0438 \u0441\u0438\u043b\u0438\u043a\u043e\u043d\u043e\u0432\u043e\u0439 \u043e\u0441\u043d\u043e\u0432\u0435 (\u0433\u0435\u043b\u044c-\u0441\u043c\u0430\u0437\u043a\u0430 come in Gleit-Gel \u0441 \u0430\u043b\u043e\u044d \u0432\u0435\u0440\u0430 \u0438\u043b\u0438 \u0443\u0432\u043b\u0430\u0436\u043d\u044f\u044e\u0449\u0438\u0439 come in Glide-Oil silicone), \u043f\u0440\u0435\u0432\u043e\u0441\u0445\u043e\u0434\u043d\u043e \u0443\u0445\u0430\u0436\u0438\u0432\u0430\u044e\u0449\u0435\u0439 \u0438\u043d\u0442\u0438\u043c\u043d\u043e\u0439 \u043a\u043e\u0441\u043c\u0435\u0442\u0438\u043a\u0438 \u0434\u043b\u044f \u043c\u0443\u0436\u0447\u0438\u043d \u0438 \u0436\u0435\u043d\u0449\u0438\u043d, \u0434\u043e \u0441\u043e\u0431\u043b\u0430\u0437\u043d\u044f\u044e\u0449\u0438\u0445 \u0432\u0435\u043b\u043b\u043d\u0435\u0441\u0441- \u0438 \u043c\u0430\u0441\u0441\u0430\u0436\u043d\u044b\u0445 \u0441\u0440\u0435\u0434\u0441\u0442\u0432.[\/et_pb_text][\/et_pb_column][et_pb_column type=&#187;1_3&#8243; _builder_version=&#187;3.25&#8243; background_color=&#187;#ffffff&#187; custom_padding=&#187;|||&#187; global_colors_info=&#187;{}&#187; custom_padding__hover=&#187;|||&#187;][et_pb_text admin_label=&#187;\u00dcber&#187; _builder_version=&#187;3.27.4&#8243; custom_margin=&#187;5%|||&#187; custom_padding=&#187;||0px|&#187; z_index_tablet=&#187;500&#8243; global_colors_info=&#187;{}&#187;]\n<h3 style=\"font-size: 50px; text-align: center;\">\u0411\u041e\u041b\u0415\u0415<\/h3>\n[\/et_pb_text][et_pb_number_counter number=&#187;71&#8243; percent_sign=&#187;off&#187; _builder_version=&#187;4.14.2&#8243; title_line_height=&#187;1.6em&#187; number_text_align=&#187;center&#187; number_font_size=&#187;150&#8243; number_line_height=&#187;45px&#187; custom_margin=&#187;||6%|&#187; z_index_tablet=&#187;500&#8243; global_colors_info=&#187;{}&#187;][\/et_pb_number_counter][et_pb_text admin_label=&#187;Jahre&#187; _builder_version=&#187;3.27.4&#8243; custom_margin=&#187;||4%|&#187; custom_padding=&#187;0px||0px|&#187; z_index_tablet=&#187;500&#8243; global_colors_info=&#187;{}&#187;]\n<h3 style=\"font-size: 85px; text-align: center;\">\u041b\u0415\u0422<\/h3>\n[\/et_pb_text][\/et_pb_column][et_pb_column type=&#187;1_3&#8243; _builder_version=&#187;3.25&#8243; background_color=&#187;#ffffff&#187; custom_padding=&#187;|||&#187; global_colors_info=&#187;{}&#187; custom_padding__hover=&#187;|||&#187;][et_pb_text _builder_version=&#187;4.2.2&#8243; custom_padding=&#187;5%|5%|5%|5%&#187; z_index_tablet=&#187;500&#8243; global_colors_info=&#187;{}&#187;]\u0412\u0441\u0435 \u043f\u0440\u043e\u0434\u0443\u043a\u0442\u044b INVERMA \u043f\u0440\u043e\u0438\u0437\u0432\u043e\u0434\u044f\u0442\u0441\u044f \u0438 \u043a\u043e\u043d\u0442\u0440\u043e\u043b\u0438\u0440\u0443\u044e\u0442\u0441\u044f \u0432 \u0441\u043e\u043e\u0442\u0432\u0435\u0442\u0441\u0442\u0432\u0438\u0438 \u0441 \u0441\u0430\u043c\u044b\u043c\u0438 \u0441\u043e\u0432\u0440\u0435\u043c\u0435\u043d\u043d\u044b\u043c\u0438 \u0441\u0442\u0430\u043d\u0434\u0430\u0440\u0442\u0430\u043c\u0438 \u043a\u0430\u0447\u0435\u0441\u0442\u0432\u0430, \u043d\u0430\u0447\u0438\u043d\u0430\u044f \u0441 \u0432\u044b\u0431\u043e\u0440\u0430 \u0432\u044b\u0440\u0430\u0431\u0430\u0442\u044b\u0432\u0430\u0435\u043c\u044b\u0445 \u043a\u043e\u043c\u043f\u043e\u043d\u0435\u043d\u0442\u043e\u0432, \u0447\u0442\u043e\u0431\u044b \u0443\u0434\u043e\u0441\u0442\u043e\u0432\u0435\u0440\u0438\u0442\u0441\u044f, \u0447\u0442\u043e \u043f\u043e\u0442\u0440\u0435\u0431\u0438\u0442\u0435\u043b\u044c \u043f\u043e\u043b\u0443\u0447\u0438\u0442 \u044d\u0444\u0444\u0435\u043a\u0442\u0438\u0432\u043d\u044b\u0439 \u0438\u043d\u0442\u0438\u043c\u043d\u044b\u0439 \u043f\u0440\u043e\u0434\u0443\u043a\u0442 \u043d\u0430\u0438\u0432\u044b\u0441\u0448\u0435\u0433\u043e \u043a\u0430\u0447\u0435\u0441\u0442\u0432\u0430. \u041e\u0441\u043e\u0431\u0435\u043d\u043d\u043e \u0432 \u0447\u0430\u0441\u0442\u0438 \u0431\u0435\u0437\u043e\u043f\u0430\u0441\u043d\u043e\u0441\u0442\u0438 \u043f\u0440\u043e\u0434\u0443\u043a\u0442\u044b INVERMA \u043e\u0442\u0432\u0435\u0447\u0430\u044e\u0442 \u0432\u044b\u0441\u0448\u0438\u043c \u0441\u0442\u0430\u043d\u0434\u0430\u0440\u0442\u0430\u043c. \u0412\u0441\u0435 \u043f\u0440\u043e\u0434\u0443\u043a\u0442\u044b, \u043a\u043e\u043d\u0435\u0447\u043d\u043e \u0436\u0435, \u043f\u0440\u043e\u0448\u043b\u0438 \u0434\u0435\u0440\u043c\u0430\u0442\u043e\u043b\u043e\u0433\u0438\u0447\u0435\u0441\u043a\u0438\u0435 \u0442\u0435\u0441\u0442\u044b \u0441 \u043e\u0446\u0435\u043d\u043a\u043e\u0439 \u00ab\u043e\u0447\u0435\u043d\u044c \u0445\u043e\u0440\u043e\u0448\u043e\u00bb \u0438 \u043f\u0440\u043e\u0432\u0435\u0440\u0435\u043d\u044b \u0434\u0435\u0441\u044f\u0442\u0438\u043b\u0435\u0442\u0438\u044f\u043c\u0438.[\/et_pb_text][\/et_pb_column][\/et_pb_row][\/et_pb_section]\n","protected":false},"excerpt":{"rendered":"<p>\u0417\u0410\u0421\u041b\u0423\u0413\u0418, \u041f\u041e\u0414\u0414\u0415\u0420\u0416\u0418\u0412\u0410\u0415\u041c\u042b\u0415 \u0422\u0420\u0410\u0414\u0418\u0426\u0418\u0415\u0419 \u00ab\u0421\u0414\u0415\u041b\u0410\u041d\u041e \u0412 \u0413\u0415\u0420\u041c\u0410\u041d\u0418\u0418\u00bb \u2014 \u0411\u041e\u041b\u0415\u0415 71 \u041b\u0415\u0422 \u041a\u043e\u043c\u043f\u0430\u043d\u0438\u044f \u0441 \u0442\u0440\u0430\u0434\u0438\u0446\u0438\u0435\u0439 INVERMA, \u043f\u0440\u043e\u0446\u0432\u0435\u0442\u0430\u044e\u0449\u0430\u044f \u0443\u0436\u0435 \u0432\u043e \u0432\u0442\u043e\u0440\u043e\u043c \u043f\u043e\u043a\u043e\u043b\u0435\u043d\u0438\u0438, \u0440\u0430\u0441\u043f\u043e\u043b\u043e\u0436\u0435\u043d\u0430 \u0432\u0431\u043b\u0438\u0437\u0438 \u0413\u0430\u043c\u0431\u0443\u0440\u0433\u0430. \u041e\u043d\u0430 \u0438\u0437\u0432\u0435\u0441\u0442\u043d\u0430 \u0432\u043e \u0432\u0441\u0451\u043c \u043c\u0438\u0440\u0435 \u0438 \u0437\u0430\u043d\u0438\u043c\u0430\u0435\u0442 \u0432\u0435\u0434\u0443\u0449\u0435\u0435 \u043c\u0435\u0441\u0442\u043e \u0432 \u043c\u0435\u0436\u0434\u0443\u043d\u0430\u0440\u043e\u0434\u043d\u043e\u043c \u0440\u0435\u0439\u0442\u0438\u043d\u0433\u0435, \u0431\u043b\u0430\u0433\u043e\u0434\u0430\u0440\u044f \u0444\u0438\u0440\u043c\u0435\u043d\u043d\u044b\u043c \u0438\u043d\u0442\u0438\u043c\u043d\u044b\u043c \u043f\u0440\u043e\u0434\u0443\u043a\u0442\u0430\u043c. \u0410\u0441\u0441\u043e\u0440\u0442\u0438\u043c\u0435\u043d\u0442 \u043e\u0431\u0448\u0438\u0440\u0435\u043d: \u043e\u0442 \u043b\u0443\u0431\u0440\u0438\u043a\u0430\u043d\u0442\u043e\u0432 \u043d\u0430 \u0432\u043e\u0434\u043d\u043e\u0439 \u0438\u043b\u0438 \u0441\u0438\u043b\u0438\u043a\u043e\u043d\u043e\u0432\u043e\u0439 \u043e\u0441\u043d\u043e\u0432\u0435 (\u0433\u0435\u043b\u044c-\u0441\u043c\u0430\u0437\u043a\u0430 come in Gleit-Gel \u0441 \u0430\u043b\u043e\u044d \u0432\u0435\u0440\u0430 \u0438\u043b\u0438 [&hellip;]<\/p>\n","protected":false},"author":8,"featured_media":6069,"parent":0,"menu_order":8,"comment_status":"closed","ping_status":"closed","template":"","meta":{"_et_pb_use_builder":"on","_et_pb_old_content":"<h3>Leistung mit Tradition \u201eMade in Germany\u201c seit mehr als 68 Jahren<\/h3>\r\n[su_row]\r\n\r\n[su_column size=\"2\/3\"]\r\n<p style=\"text-align: justify;\">Das Traditionsunternehmen INVERMA, welches in der zweiten Generation gef\u00fchrt wird, hat seinen Sitz in der N\u00e4he von Hamburg und ist durch seine Marken-Sexual-Produkte weltweit bekannt und nimmt im internationalen Ranking einen Spitzenplatz ein.\r\nDas Sortiment reicht von Gleitmitteln auf Wasser- oder Silikonbasis (come in Gleit-Gel mit Aloe Vera bzw. come in Glide-Oil silicone) \u00fcber hervorragend pflegende Intim-Kosmetika f\u00fcr Mann und Frau bis hin zu verw\u00f6hnenden Wellness-Massage-Mitteln.\r\nAlle INVERMA-Produkte werden nach modernsten Qualit\u00e4tsstandards hergestellt und kontrolliert. Dies beginnt bei der Auswahl der zu verarbeitenden Substanzen mit umfassenden Kontrollen, um sicherzustellen, dass der Verbraucher effektive Sexualmittel von h\u00f6chster Qualit\u00e4t erh\u00e4lt. Besonders auf dem Gebiet der Sicherheit gen\u00fcgen die Produkte von INVERMA h\u00f6chsten Standards. Alle Produkte sind nat\u00fcrlich dermatologisch \u201esehr gut\u201c getestet und seit Jahrzehnten bew\u00e4hrt. Sie werden \u00fcberrascht sein, wie viel unentdeckte Energie Sie mit unseren <strong><a href=\"\/?page_id=18\">INVERMA-INTIM-WELLNESS<\/a><\/strong> Produkten entdecken k\u00f6nnen.<\/p>\r\n[\/su_column]\r\n\r\n[su_column size=\"1\/3\"]\r\n\r\n[metaslider id=563]\r\n\r\n[\/su_column]\r\n\r\n[\/su_row]","_et_gb_content_width":""},"yoast_head":"<!-- This site is optimized with the Yoast SEO plugin v19.9 - https:\/\/yoast.com\/wordpress\/plugins\/seo\/ -->\n<title>Effektive Sexualmittel von h\u00f6chster Qualit\u00e4t - INVERMA<\/title>\n<meta name=\"description\" content=\"Das Sortiment von INVERMA umfasst effektive Sexualmittel wie Gleitmittel (Wasser- o. Silikonbasis), Intim-Kosmetika, Wellness-Massage-Mittel\" \/>\n<meta name=\"robots\" content=\"index, follow, max-snippet:-1, max-image-preview:large, max-video-preview:-1\" \/>\n<link rel=\"canonical\" href=\"https:\/\/inverma.co.il\/ru\/%d0%b8%d0%bd%d0%b2%d0%b5%d1%80%d0%bc%d0%b0\/\" \/>\n<meta property=\"og:locale\" content=\"ru_RU\" \/>\n<meta property=\"og:type\" content=\"article\" \/>\n<meta property=\"og:title\" content=\"Effektive Sexualmittel von h\u00f6chster Qualit\u00e4t - INVERMA\" \/>\n<meta property=\"og:description\" content=\"Das Sortiment von INVERMA umfasst effektive Sexualmittel wie Gleitmittel (Wasser- o. Silikonbasis), Intim-Kosmetika, Wellness-Massage-Mittel\" \/>\n<meta property=\"og:url\" content=\"https:\/\/inverma.co.il\/ru\/%d0%b8%d0%bd%d0%b2%d0%b5%d1%80%d0%bc%d0%b0\/\" \/>\n<meta property=\"og:site_name\" content=\"INVERMA\" \/>\n<meta property=\"article:publisher\" content=\"https:\/\/www.facebook.com\/inverma.lange\" \/>\n<meta property=\"article:modified_time\" content=\"2022-01-04T16:47:43+00:00\" \/>\n<meta property=\"og:image\" content=\"https:\/\/inverma.co.il\/wp-content\/uploads\/homewidgets-rahmen-1.png\" \/>\n\t<meta property=\"og:image:width\" content=\"250\" \/>\n\t<meta property=\"og:image:height\" content=\"180\" \/>\n\t<meta property=\"og:image:type\" content=\"image\/png\" \/>\n<meta name=\"twitter:label1\" content=\"\u041f\u0440\u0438\u043c\u0435\u0440\u043d\u043e\u0435 \u0432\u0440\u0435\u043c\u044f \u0434\u043b\u044f \u0447\u0442\u0435\u043d\u0438\u044f\" \/>\n\t<meta name=\"twitter:data1\" content=\"2 \u043c\u0438\u043d\u0443\u0442\u044b\" \/>\n<script type=\"application\/ld+json\" class=\"yoast-schema-graph\">{\"@context\":\"https:\/\/schema.org\",\"@graph\":[{\"@type\":\"WebPage\",\"@id\":\"https:\/\/inverma.co.il\/ru\/%d0%b8%d0%bd%d0%b2%d0%b5%d1%80%d0%bc%d0%b0\/\",\"url\":\"https:\/\/inverma.co.il\/ru\/%d0%b8%d0%bd%d0%b2%d0%b5%d1%80%d0%bc%d0%b0\/\",\"name\":\"Effektive Sexualmittel von h\u00f6chster Qualit\u00e4t - INVERMA\",\"isPartOf\":{\"@id\":\"https:\/\/inverma.co.il\/ru\/#website\"},\"datePublished\":\"2014-05-21T15:55:02+00:00\",\"dateModified\":\"2022-01-04T16:47:43+00:00\",\"description\":\"Das Sortiment von INVERMA umfasst effektive Sexualmittel wie Gleitmittel (Wasser- o. Silikonbasis), Intim-Kosmetika, Wellness-Massage-Mittel\",\"breadcrumb\":{\"@id\":\"https:\/\/inverma.co.il\/ru\/%d0%b8%d0%bd%d0%b2%d0%b5%d1%80%d0%bc%d0%b0\/#breadcrumb\"},\"inLanguage\":\"ru-RU\",\"potentialAction\":[{\"@type\":\"ReadAction\",\"target\":[\"https:\/\/inverma.co.il\/ru\/%d0%b8%d0%bd%d0%b2%d0%b5%d1%80%d0%bc%d0%b0\/\"]}]},{\"@type\":\"BreadcrumbList\",\"@id\":\"https:\/\/inverma.co.il\/ru\/%d0%b8%d0%bd%d0%b2%d0%b5%d1%80%d0%bc%d0%b0\/#breadcrumb\",\"itemListElement\":[{\"@type\":\"ListItem\",\"position\":1,\"name\":\"Home\",\"item\":\"https:\/\/inverma.co.il\/ru\/inverma-your-partner-for-love\/\"},{\"@type\":\"ListItem\",\"position\":2,\"name\":\"\u0418\u041d\u0412\u0415\u0420\u041c\u0410\"}]},{\"@type\":\"WebSite\",\"@id\":\"https:\/\/inverma.co.il\/ru\/#website\",\"url\":\"https:\/\/inverma.co.il\/ru\/\",\"name\":\"INVERMA\",\"description\":\"Come in to the world of erotic and exotic\",\"publisher\":{\"@id\":\"https:\/\/inverma.co.il\/ru\/#organization\"},\"potentialAction\":[{\"@type\":\"SearchAction\",\"target\":{\"@type\":\"EntryPoint\",\"urlTemplate\":\"https:\/\/inverma.co.il\/ru\/?s={search_term_string}\"},\"query-input\":\"required name=search_term_string\"}],\"inLanguage\":\"ru-RU\"},{\"@type\":\"Organization\",\"@id\":\"https:\/\/inverma.co.il\/ru\/#organization\",\"name\":\"INVERMA Johannes Lange GmbH+Co KG\",\"url\":\"https:\/\/inverma.co.il\/ru\/\",\"logo\":{\"@type\":\"ImageObject\",\"inLanguage\":\"ru-RU\",\"@id\":\"https:\/\/inverma.co.il\/ru\/#\/schema\/logo\/image\/\",\"url\":\"https:\/\/inverma.co.il\/wp-content\/uploads\/inverma_logo_neu-e1545358251143.png\",\"contentUrl\":\"https:\/\/inverma.co.il\/wp-content\/uploads\/inverma_logo_neu-e1545358251143.png\",\"width\":280,\"height\":74,\"caption\":\"INVERMA Johannes Lange GmbH+Co KG\"},\"image\":{\"@id\":\"https:\/\/inverma.co.il\/ru\/#\/schema\/logo\/image\/\"},\"sameAs\":[\"https:\/\/www.facebook.com\/inverma.lange\"]}]}<\/script>\n<!-- \/ Yoast SEO plugin. -->","yoast_head_json":{"title":"Effektive Sexualmittel von h\u00f6chster Qualit\u00e4t - INVERMA","description":"Das Sortiment von INVERMA umfasst effektive Sexualmittel wie Gleitmittel (Wasser- o. Silikonbasis), Intim-Kosmetika, Wellness-Massage-Mittel","robots":{"index":"index","follow":"follow","max-snippet":"max-snippet:-1","max-image-preview":"max-image-preview:large","max-video-preview":"max-video-preview:-1"},"canonical":"https:\/\/inverma.co.il\/ru\/%d0%b8%d0%bd%d0%b2%d0%b5%d1%80%d0%bc%d0%b0\/","og_locale":"ru_RU","og_type":"article","og_title":"Effektive Sexualmittel von h\u00f6chster Qualit\u00e4t - INVERMA","og_description":"Das Sortiment von INVERMA umfasst effektive Sexualmittel wie Gleitmittel (Wasser- o. Silikonbasis), Intim-Kosmetika, Wellness-Massage-Mittel","og_url":"https:\/\/inverma.co.il\/ru\/%d0%b8%d0%bd%d0%b2%d0%b5%d1%80%d0%bc%d0%b0\/","og_site_name":"INVERMA","article_publisher":"https:\/\/www.facebook.com\/inverma.lange","article_modified_time":"2022-01-04T16:47:43+00:00","og_image":[{"width":250,"height":180,"url":"https:\/\/inverma.co.il\/wp-content\/uploads\/homewidgets-rahmen-1.png","type":"image\/png"}],"twitter_misc":{"\u041f\u0440\u0438\u043c\u0435\u0440\u043d\u043e\u0435 \u0432\u0440\u0435\u043c\u044f \u0434\u043b\u044f \u0447\u0442\u0435\u043d\u0438\u044f":"2 \u043c\u0438\u043d\u0443\u0442\u044b"},"schema":{"@context":"https:\/\/schema.org","@graph":[{"@type":"WebPage","@id":"https:\/\/inverma.co.il\/ru\/%d0%b8%d0%bd%d0%b2%d0%b5%d1%80%d0%bc%d0%b0\/","url":"https:\/\/inverma.co.il\/ru\/%d0%b8%d0%bd%d0%b2%d0%b5%d1%80%d0%bc%d0%b0\/","name":"Effektive Sexualmittel von h\u00f6chster Qualit\u00e4t - INVERMA","isPartOf":{"@id":"https:\/\/inverma.co.il\/ru\/#website"},"datePublished":"2014-05-21T15:55:02+00:00","dateModified":"2022-01-04T16:47:43+00:00","description":"Das Sortiment von INVERMA umfasst effektive Sexualmittel wie Gleitmittel (Wasser- o. Silikonbasis), Intim-Kosmetika, Wellness-Massage-Mittel","breadcrumb":{"@id":"https:\/\/inverma.co.il\/ru\/%d0%b8%d0%bd%d0%b2%d0%b5%d1%80%d0%bc%d0%b0\/#breadcrumb"},"inLanguage":"ru-RU","potentialAction":[{"@type":"ReadAction","target":["https:\/\/inverma.co.il\/ru\/%d0%b8%d0%bd%d0%b2%d0%b5%d1%80%d0%bc%d0%b0\/"]}]},{"@type":"BreadcrumbList","@id":"https:\/\/inverma.co.il\/ru\/%d0%b8%d0%bd%d0%b2%d0%b5%d1%80%d0%bc%d0%b0\/#breadcrumb","itemListElement":[{"@type":"ListItem","position":1,"name":"Home","item":"https:\/\/inverma.co.il\/ru\/inverma-your-partner-for-love\/"},{"@type":"ListItem","position":2,"name":"\u0418\u041d\u0412\u0415\u0420\u041c\u0410"}]},{"@type":"WebSite","@id":"https:\/\/inverma.co.il\/ru\/#website","url":"https:\/\/inverma.co.il\/ru\/","name":"INVERMA","description":"Come in to the world of erotic and exotic","publisher":{"@id":"https:\/\/inverma.co.il\/ru\/#organization"},"potentialAction":[{"@type":"SearchAction","target":{"@type":"EntryPoint","urlTemplate":"https:\/\/inverma.co.il\/ru\/?s={search_term_string}"},"query-input":"required name=search_term_string"}],"inLanguage":"ru-RU"},{"@type":"Organization","@id":"https:\/\/inverma.co.il\/ru\/#organization","name":"INVERMA Johannes Lange GmbH+Co KG","url":"https:\/\/inverma.co.il\/ru\/","logo":{"@type":"ImageObject","inLanguage":"ru-RU","@id":"https:\/\/inverma.co.il\/ru\/#\/schema\/logo\/image\/","url":"https:\/\/inverma.co.il\/wp-content\/uploads\/inverma_logo_neu-e1545358251143.png","contentUrl":"https:\/\/inverma.co.il\/wp-content\/uploads\/inverma_logo_neu-e1545358251143.png","width":280,"height":74,"caption":"INVERMA Johannes Lange GmbH+Co KG"},"image":{"@id":"https:\/\/inverma.co.il\/ru\/#\/schema\/logo\/image\/"},"sameAs":["https:\/\/www.facebook.com\/inverma.lange"]}]}},"_links":{"self":[{"href":"https:\/\/inverma.co.il\/ru\/wp-json\/wp\/v2\/pages\/6260"}],"collection":[{"href":"https:\/\/inverma.co.il\/ru\/wp-json\/wp\/v2\/pages"}],"about":[{"href":"https:\/\/inverma.co.il\/ru\/wp-json\/wp\/v2\/types\/page"}],"author":[{"embeddable":true,"href":"https:\/\/inverma.co.il\/ru\/wp-json\/wp\/v2\/users\/8"}],"replies":[{"embeddable":true,"href":"https:\/\/inverma.co.il\/ru\/wp-json\/wp\/v2\/comments?post=6260"}],"version-history":[{"count":6,"href":"https:\/\/inverma.co.il\/ru\/wp-json\/wp\/v2\/pages\/6260\/revisions"}],"predecessor-version":[{"id":13124,"href":"https:\/\/inverma.co.il\/ru\/wp-json\/wp\/v2\/pages\/6260\/revisions\/13124"}],"wp:featuredmedia":[{"embeddable":true,"href":"https:\/\/inverma.co.il\/ru\/wp-json\/wp\/v2\/media\/6069"}],"wp:attachment":[{"href":"https:\/\/inverma.co.il\/ru\/wp-json\/wp\/v2\/media?parent=6260"}],"curies":[{"name":"wp","href":"https:\/\/api.w.org\/{rel}","templated":true}]}}