{"id":6249,"date":"2014-05-21T17:55:52","date_gmt":"2014-05-21T15:55:52","guid":{"rendered":"https:\/\/inverma.co.il\/produkte\/"},"modified":"2020-05-06T00:58:35","modified_gmt":"2020-05-05T22:58:35","slug":"%d0%bf%d1%80%d0%be%d0%b4%d1%83%d0%ba%d1%82%d1%8b","status":"publish","type":"page","link":"https:\/\/inverma.co.il\/ru\/%d0%bf%d1%80%d0%be%d0%b4%d1%83%d0%ba%d1%82%d1%8b\/","title":{"rendered":"\u043f\u0440\u043e\u0434\u0443\u043a\u0442\u044b"},"content":{"rendered":"[et_pb_section fb_built=&#187;1&#8243; _builder_version=&#187;3.22.4&#8243; parallax=&#187;on&#187; inner_width_tablet=&#187;50px&#187; inner_max_width_tablet=&#187;50px&#187; custom_padding=&#187;0px|||&#187; z_index_tablet=&#187;500&#8243;][et_pb_row _builder_version=&#187;3.25&#8243; custom_padding=&#187;0px||0px|&#187; z_index_tablet=&#187;500&#8243;][et_pb_column type=&#187;4_4&#8243; _builder_version=&#187;3.25&#8243; custom_padding=&#187;|||&#187; custom_padding__hover=&#187;|||&#187;][et_pb_post_title meta=&#187;off&#187; featured_image=&#187;off&#187; _builder_version=&#187;3.22.4&#8243; z_index_tablet=&#187;500&#8243;][\/et_pb_post_title][\/et_pb_column][\/et_pb_row][et_pb_row column_structure=&#187;1_3,1_3,1_3&#8243; make_equal=&#187;on&#187; _builder_version=&#187;3.25&#8243; z_index_tablet=&#187;500&#8243;][et_pb_column type=&#187;1_3&#8243; module_class=&#187;box-shadow&#187; _builder_version=&#187;3.25&#8243; background_color=&#187;#ffffff&#187; custom_padding=&#187;|||&#187; custom_padding__hover=&#187;|||&#187;][et_pb_button button_url=&#187;https:\/\/inverma.co.il\/ru\/%d0%bf%d1%80%d0%be%d0%b4%d1%83%d0%ba%d1%82%d1%8b\/%d0%bf%d1%80%d0%be%d0%b4%d1%83%d0%ba%d1%82%d1%8b-%d0%b4%d0%bb%d1%8f-%d0%b6%d0%b5%d0%bd%d1%89%d0%b8%d0%bd\/&#187; button_text=&#187;\u0434\u043b\u044f \u0436\u0435\u043d\u0449\u0438\u043d&#187; button_alignment=&#187;center&#187; admin_label=&#187;F\u00fcr sie&#187; _builder_version=&#187;3.22.4&#8243; background_layout=&#187;dark&#187; custom_margin=&#187;||0px|&#187; z_index_tablet=&#187;500&#8243; custom_css_main_element=&#187;width: 100%;&#187;][\/et_pb_button][et_pb_gallery gallery_ids=&#187;6985,7060,7535,7097,6880,7018,7100,7042,7160,7157,7118,7115,7112,6928,6943&#8243; fullwidth=&#187;on&#187; module_id=&#187;prod-fuer-sie&#187; module_class=&#187;disable-lightbox&#187; _builder_version=&#187;4.2.2&#8243; pagination_font_size=&#187;1px&#187; background_color=&#187;#ffffff&#187; text_orientation=&#187;center&#187; module_alignment=&#187;center&#187; custom_margin=&#187;0px|||&#187; custom_padding=&#187;5%|5%|5%|5%&#187; auto=&#187;on&#187; link_option_url=&#187;https:\/\/inverma.co.il\/ru\/%d0%bf%d1%80%d0%be%d0%b4%d1%83%d0%ba%d1%82%d1%8b\/%d0%bf%d1%80%d0%be%d0%b4%d1%83%d0%ba%d1%82%d1%8b-%d0%b4%d0%bb%d1%8f-%d0%b6%d0%b5%d0%bd%d1%89%d0%b8%d0%bd\/&#187; z_index_tablet=&#187;500&#8243;][\/et_pb_gallery][\/et_pb_column][et_pb_column type=&#187;1_3&#8243; module_class=&#187;box-shadow&#187; _builder_version=&#187;3.25&#8243; background_color=&#187;#ffffff&#187; custom_padding=&#187;|||&#187; custom_padding__hover=&#187;|||&#187;][et_pb_button button_url=&#187;https:\/\/inverma.co.il\/ru\/%d0%bf%d1%80%d0%be%d0%b4%d1%83%d0%ba%d1%82%d1%8b\/%d0%bf%d1%80%d0%be%d0%b4%d1%83%d0%ba%d1%82%d1%8b-%d0%b4%d0%bb%d1%8f-%d0%bc%d1%83%d0%b6%d1%87%d0%b8%d0%bd\/&#187; button_text=&#187;\u0434\u043b\u044f \u043c\u0443\u0436\u0447\u0438\u043d&#187; button_alignment=&#187;center&#187; admin_label=&#187;F\u00fcr ihn&#187; _builder_version=&#187;3.22.4&#8243; background_layout=&#187;dark&#187; custom_margin=&#187;||0px|&#187; z_index_tablet=&#187;500&#8243; custom_css_main_element=&#187;width: 100%;&#187;][\/et_pb_button][et_pb_gallery gallery_ids=&#187;11832,6952,7054,6913,7076,7762,6976,7175,7088,7057,7094,6919,8063&#8243; fullwidth=&#187;on&#187; module_id=&#187;prod-fuer-ihn&#187; module_class=&#187;disable-lightbox&#187; _builder_version=&#187;4.4.3&#8243; pagination_font_size=&#187;1px&#187; background_color=&#187;#ffffff&#187; text_orientation=&#187;center&#187; module_alignment=&#187;center&#187; custom_margin=&#187;0px|||&#187; custom_padding=&#187;5%|5%|5%|5%&#187; auto=&#187;on&#187; link_option_url=&#187;https:\/\/inverma.co.il\/ru\/%d0%bf%d1%80%d0%be%d0%b4%d1%83%d0%ba%d1%82%d1%8b\/%d0%bf%d1%80%d0%be%d0%b4%d1%83%d0%ba%d1%82%d1%8b-%d0%b4%d0%bb%d1%8f-%d0%bc%d1%83%d0%b6%d1%87%d0%b8%d0%bd\/&#187; z_index_tablet=&#187;500&#8243;][\/et_pb_gallery][\/et_pb_column][et_pb_column type=&#187;1_3&#8243; module_class=&#187;box-shadow&#187; _builder_version=&#187;3.25&#8243; background_color=&#187;#ffffff&#187; custom_padding=&#187;|||&#187; custom_padding__hover=&#187;|||&#187;][et_pb_button button_url=&#187;https:\/\/inverma.co.il\/ru\/%d0%bf%d1%80%d0%be%d0%b4%d1%83%d0%ba%d1%82%d1%8b\/%d0%bf%d1%80%d0%be%d0%b4%d1%83%d0%ba%d1%82%d1%8b-%d0%b4%d0%bb%d1%8f-%d0%b6%d0%b5%d0%bd%d1%89%d0%b8%d0%bd-%d0%b8-%d0%bc%d1%83%d0%b6%d1%87%d0%b8%d0%bd\/&#187; button_text=&#187;\u0434\u043b\u044f \u0436\u0435\u043d\u0449\u0438\u043d \u0438 \u043c\u0443\u0436\u0447\u0438\u043d&#187; button_alignment=&#187;center&#187; admin_label=&#187;F\u00fcr sie und ihn&#187; _builder_version=&#187;3.22.4&#8243; background_layout=&#187;dark&#187; custom_margin=&#187;||0px|&#187; z_index_tablet=&#187;500&#8243; custom_css_main_element=&#187;width: 100%;&#187;][\/et_pb_button][et_pb_gallery gallery_ids=&#187;7045,7178,7169&#8243; fullwidth=&#187;on&#187; module_id=&#187;prod-fuer-sie-ihn&#187; module_class=&#187;disable-lightbox&#187; _builder_version=&#187;4.2.2&#8243; pagination_font_size=&#187;1px&#187; background_color=&#187;#ffffff&#187; text_orientation=&#187;center&#187; module_alignment=&#187;center&#187; custom_margin=&#187;0px|||&#187; custom_padding=&#187;5%|5%|5%|5%&#187; auto=&#187;on&#187; link_option_url=&#187;https:\/\/inverma.co.il\/ru\/%d0%bf%d1%80%d0%be%d0%b4%d1%83%d0%ba%d1%82%d1%8b\/%d0%bf%d1%80%d0%be%d0%b4%d1%83%d0%ba%d1%82%d1%8b-%d0%b4%d0%bb%d1%8f-%d0%b6%d0%b5%d0%bd%d1%89%d0%b8%d0%bd-%d0%b8-%d0%bc%d1%83%d0%b6%d1%87%d0%b8%d0%bd\/&#187; z_index_tablet=&#187;500&#8243;][\/et_pb_gallery][\/et_pb_column][\/et_pb_row][\/et_pb_section]\n","protected":false},"excerpt":{"rendered":"","protected":false},"author":8,"featured_media":6072,"parent":0,"menu_order":6,"comment_status":"closed","ping_status":"closed","template":"","meta":{"_et_pb_use_builder":"on","_et_pb_old_content":"<p><img class=\"alignright wp-image-2333 size-full\" src=\"https:\/\/inverma.co.il\/wp-content\/uploads\/produkte_pic.jpg\" alt=\"produkte_pic\" width=\"700\" height=\"470\" \/><\/p><div class=\"prod-button-gross\"><p><a class=\"btn btn-primary fp-button\" title=\"F\u00fcr sie\" href=\"\/?page_id=777\">F\u00dcR SIE \u00bb<\/a><\/p><p><a class=\"btn btn-primary fp-button\" title=\"F\u00fcr ihn\" href=\"https:\/\/inverma.co.il\/fuer-ihn\/\">F\u00fcr ihn \u00bb<\/a><\/p><p><a class=\"btn btn-primary fp-button\" title=\"F\u00fcr sie und ihn\" href=\"https:\/\/inverma.co.il\/fuer-sie-und-ihn\/\">F\u00fcr sie und ihn \u00bb<\/a><\/p><\/div>","_et_gb_content_width":""},"yoast_head":"<!-- This site is optimized with the Yoast SEO plugin v19.9 - https:\/\/yoast.com\/wordpress\/plugins\/seo\/ -->\n<title>\u043f\u0440\u043e\u0434\u0443\u043a\u0442\u044b - INVERMA<\/title>\n<meta name=\"description\" content=\"Alle Produkte von INVERMA entsprechen modernsten Qualit\u00e4tsstandards. Sie erhalten effektive Sexualmittel h\u00f6chster Qualit\u00e4t und Sicherheit.\" \/>\n<meta name=\"robots\" content=\"index, follow, max-snippet:-1, max-image-preview:large, max-video-preview:-1\" \/>\n<link rel=\"canonical\" href=\"https:\/\/inverma.co.il\/ru\/%d0%bf%d1%80%d0%be%d0%b4%d1%83%d0%ba%d1%82%d1%8b\/\" \/>\n<meta property=\"og:locale\" content=\"ru_RU\" \/>\n<meta property=\"og:type\" content=\"article\" \/>\n<meta property=\"og:title\" content=\"\u043f\u0440\u043e\u0434\u0443\u043a\u0442\u044b - INVERMA\" \/>\n<meta property=\"og:description\" content=\"Alle Produkte von INVERMA entsprechen modernsten Qualit\u00e4tsstandards. Sie erhalten effektive Sexualmittel h\u00f6chster Qualit\u00e4t und Sicherheit.\" \/>\n<meta property=\"og:url\" content=\"https:\/\/inverma.co.il\/ru\/%d0%bf%d1%80%d0%be%d0%b4%d1%83%d0%ba%d1%82%d1%8b\/\" \/>\n<meta property=\"og:site_name\" content=\"INVERMA\" \/>\n<meta property=\"article:publisher\" content=\"https:\/\/www.facebook.com\/inverma.lange\" \/>\n<meta property=\"article:modified_time\" content=\"2020-05-05T22:58:35+00:00\" \/>\n<meta property=\"og:image\" content=\"https:\/\/inverma.co.il\/wp-content\/uploads\/homewidgets-rahmen2.png\" \/>\n\t<meta property=\"og:image:width\" content=\"250\" \/>\n\t<meta property=\"og:image:height\" content=\"180\" \/>\n\t<meta property=\"og:image:type\" content=\"image\/png\" \/>\n<meta name=\"twitter:label1\" content=\"\u041f\u0440\u0438\u043c\u0435\u0440\u043d\u043e\u0435 \u0432\u0440\u0435\u043c\u044f \u0434\u043b\u044f \u0447\u0442\u0435\u043d\u0438\u044f\" \/>\n\t<meta name=\"twitter:data1\" content=\"3 \u043c\u0438\u043d\u0443\u0442\u044b\" \/>\n<script type=\"application\/ld+json\" class=\"yoast-schema-graph\">{\"@context\":\"https:\/\/schema.org\",\"@graph\":[{\"@type\":\"WebPage\",\"@id\":\"https:\/\/inverma.co.il\/ru\/%d0%bf%d1%80%d0%be%d0%b4%d1%83%d0%ba%d1%82%d1%8b\/\",\"url\":\"https:\/\/inverma.co.il\/ru\/%d0%bf%d1%80%d0%be%d0%b4%d1%83%d0%ba%d1%82%d1%8b\/\",\"name\":\"\u043f\u0440\u043e\u0434\u0443\u043a\u0442\u044b - INVERMA\",\"isPartOf\":{\"@id\":\"https:\/\/inverma.co.il\/ru\/#website\"},\"datePublished\":\"2014-05-21T15:55:52+00:00\",\"dateModified\":\"2020-05-05T22:58:35+00:00\",\"description\":\"Alle Produkte von INVERMA entsprechen modernsten Qualit\u00e4tsstandards. Sie erhalten effektive Sexualmittel h\u00f6chster Qualit\u00e4t und Sicherheit.\",\"breadcrumb\":{\"@id\":\"https:\/\/inverma.co.il\/ru\/%d0%bf%d1%80%d0%be%d0%b4%d1%83%d0%ba%d1%82%d1%8b\/#breadcrumb\"},\"inLanguage\":\"ru-RU\",\"potentialAction\":[{\"@type\":\"ReadAction\",\"target\":[\"https:\/\/inverma.co.il\/ru\/%d0%bf%d1%80%d0%be%d0%b4%d1%83%d0%ba%d1%82%d1%8b\/\"]}]},{\"@type\":\"BreadcrumbList\",\"@id\":\"https:\/\/inverma.co.il\/ru\/%d0%bf%d1%80%d0%be%d0%b4%d1%83%d0%ba%d1%82%d1%8b\/#breadcrumb\",\"itemListElement\":[{\"@type\":\"ListItem\",\"position\":1,\"name\":\"Home\",\"item\":\"https:\/\/inverma.co.il\/ru\/inverma-your-partner-for-love\/\"},{\"@type\":\"ListItem\",\"position\":2,\"name\":\"\u043f\u0440\u043e\u0434\u0443\u043a\u0442\u044b\"}]},{\"@type\":\"WebSite\",\"@id\":\"https:\/\/inverma.co.il\/ru\/#website\",\"url\":\"https:\/\/inverma.co.il\/ru\/\",\"name\":\"INVERMA\",\"description\":\"Come in to the world of erotic and exotic\",\"publisher\":{\"@id\":\"https:\/\/inverma.co.il\/ru\/#organization\"},\"potentialAction\":[{\"@type\":\"SearchAction\",\"target\":{\"@type\":\"EntryPoint\",\"urlTemplate\":\"https:\/\/inverma.co.il\/ru\/?s={search_term_string}\"},\"query-input\":\"required name=search_term_string\"}],\"inLanguage\":\"ru-RU\"},{\"@type\":\"Organization\",\"@id\":\"https:\/\/inverma.co.il\/ru\/#organization\",\"name\":\"INVERMA Johannes Lange GmbH+Co KG\",\"url\":\"https:\/\/inverma.co.il\/ru\/\",\"logo\":{\"@type\":\"ImageObject\",\"inLanguage\":\"ru-RU\",\"@id\":\"https:\/\/inverma.co.il\/ru\/#\/schema\/logo\/image\/\",\"url\":\"https:\/\/inverma.co.il\/wp-content\/uploads\/inverma_logo_neu-e1545358251143.png\",\"contentUrl\":\"https:\/\/inverma.co.il\/wp-content\/uploads\/inverma_logo_neu-e1545358251143.png\",\"width\":280,\"height\":74,\"caption\":\"INVERMA Johannes Lange GmbH+Co KG\"},\"image\":{\"@id\":\"https:\/\/inverma.co.il\/ru\/#\/schema\/logo\/image\/\"},\"sameAs\":[\"https:\/\/www.facebook.com\/inverma.lange\"]}]}<\/script>\n<!-- \/ Yoast SEO plugin. -->","yoast_head_json":{"title":"\u043f\u0440\u043e\u0434\u0443\u043a\u0442\u044b - INVERMA","description":"Alle Produkte von INVERMA entsprechen modernsten Qualit\u00e4tsstandards. Sie erhalten effektive Sexualmittel h\u00f6chster Qualit\u00e4t und Sicherheit.","robots":{"index":"index","follow":"follow","max-snippet":"max-snippet:-1","max-image-preview":"max-image-preview:large","max-video-preview":"max-video-preview:-1"},"canonical":"https:\/\/inverma.co.il\/ru\/%d0%bf%d1%80%d0%be%d0%b4%d1%83%d0%ba%d1%82%d1%8b\/","og_locale":"ru_RU","og_type":"article","og_title":"\u043f\u0440\u043e\u0434\u0443\u043a\u0442\u044b - INVERMA","og_description":"Alle Produkte von INVERMA entsprechen modernsten Qualit\u00e4tsstandards. Sie erhalten effektive Sexualmittel h\u00f6chster Qualit\u00e4t und Sicherheit.","og_url":"https:\/\/inverma.co.il\/ru\/%d0%bf%d1%80%d0%be%d0%b4%d1%83%d0%ba%d1%82%d1%8b\/","og_site_name":"INVERMA","article_publisher":"https:\/\/www.facebook.com\/inverma.lange","article_modified_time":"2020-05-05T22:58:35+00:00","og_image":[{"width":250,"height":180,"url":"https:\/\/inverma.co.il\/wp-content\/uploads\/homewidgets-rahmen2.png","type":"image\/png"}],"twitter_misc":{"\u041f\u0440\u0438\u043c\u0435\u0440\u043d\u043e\u0435 \u0432\u0440\u0435\u043c\u044f \u0434\u043b\u044f \u0447\u0442\u0435\u043d\u0438\u044f":"3 \u043c\u0438\u043d\u0443\u0442\u044b"},"schema":{"@context":"https:\/\/schema.org","@graph":[{"@type":"WebPage","@id":"https:\/\/inverma.co.il\/ru\/%d0%bf%d1%80%d0%be%d0%b4%d1%83%d0%ba%d1%82%d1%8b\/","url":"https:\/\/inverma.co.il\/ru\/%d0%bf%d1%80%d0%be%d0%b4%d1%83%d0%ba%d1%82%d1%8b\/","name":"\u043f\u0440\u043e\u0434\u0443\u043a\u0442\u044b - INVERMA","isPartOf":{"@id":"https:\/\/inverma.co.il\/ru\/#website"},"datePublished":"2014-05-21T15:55:52+00:00","dateModified":"2020-05-05T22:58:35+00:00","description":"Alle Produkte von INVERMA entsprechen modernsten Qualit\u00e4tsstandards. Sie erhalten effektive Sexualmittel h\u00f6chster Qualit\u00e4t und Sicherheit.","breadcrumb":{"@id":"https:\/\/inverma.co.il\/ru\/%d0%bf%d1%80%d0%be%d0%b4%d1%83%d0%ba%d1%82%d1%8b\/#breadcrumb"},"inLanguage":"ru-RU","potentialAction":[{"@type":"ReadAction","target":["https:\/\/inverma.co.il\/ru\/%d0%bf%d1%80%d0%be%d0%b4%d1%83%d0%ba%d1%82%d1%8b\/"]}]},{"@type":"BreadcrumbList","@id":"https:\/\/inverma.co.il\/ru\/%d0%bf%d1%80%d0%be%d0%b4%d1%83%d0%ba%d1%82%d1%8b\/#breadcrumb","itemListElement":[{"@type":"ListItem","position":1,"name":"Home","item":"https:\/\/inverma.co.il\/ru\/inverma-your-partner-for-love\/"},{"@type":"ListItem","position":2,"name":"\u043f\u0440\u043e\u0434\u0443\u043a\u0442\u044b"}]},{"@type":"WebSite","@id":"https:\/\/inverma.co.il\/ru\/#website","url":"https:\/\/inverma.co.il\/ru\/","name":"INVERMA","description":"Come in to the world of erotic and exotic","publisher":{"@id":"https:\/\/inverma.co.il\/ru\/#organization"},"potentialAction":[{"@type":"SearchAction","target":{"@type":"EntryPoint","urlTemplate":"https:\/\/inverma.co.il\/ru\/?s={search_term_string}"},"query-input":"required name=search_term_string"}],"inLanguage":"ru-RU"},{"@type":"Organization","@id":"https:\/\/inverma.co.il\/ru\/#organization","name":"INVERMA Johannes Lange GmbH+Co KG","url":"https:\/\/inverma.co.il\/ru\/","logo":{"@type":"ImageObject","inLanguage":"ru-RU","@id":"https:\/\/inverma.co.il\/ru\/#\/schema\/logo\/image\/","url":"https:\/\/inverma.co.il\/wp-content\/uploads\/inverma_logo_neu-e1545358251143.png","contentUrl":"https:\/\/inverma.co.il\/wp-content\/uploads\/inverma_logo_neu-e1545358251143.png","width":280,"height":74,"caption":"INVERMA Johannes Lange GmbH+Co KG"},"image":{"@id":"https:\/\/inverma.co.il\/ru\/#\/schema\/logo\/image\/"},"sameAs":["https:\/\/www.facebook.com\/inverma.lange"]}]}},"_links":{"self":[{"href":"https:\/\/inverma.co.il\/ru\/wp-json\/wp\/v2\/pages\/6249"}],"collection":[{"href":"https:\/\/inverma.co.il\/ru\/wp-json\/wp\/v2\/pages"}],"about":[{"href":"https:\/\/inverma.co.il\/ru\/wp-json\/wp\/v2\/types\/page"}],"author":[{"embeddable":true,"href":"https:\/\/inverma.co.il\/ru\/wp-json\/wp\/v2\/users\/8"}],"replies":[{"embeddable":true,"href":"https:\/\/inverma.co.il\/ru\/wp-json\/wp\/v2\/comments?post=6249"}],"version-history":[{"count":0,"href":"https:\/\/inverma.co.il\/ru\/wp-json\/wp\/v2\/pages\/6249\/revisions"}],"wp:featuredmedia":[{"embeddable":true,"href":"https:\/\/inverma.co.il\/ru\/wp-json\/wp\/v2\/media\/6072"}],"wp:attachment":[{"href":"https:\/\/inverma.co.il\/ru\/wp-json\/wp\/v2\/media?parent=6249"}],"curies":[{"name":"wp","href":"https:\/\/api.w.org\/{rel}","templated":true}]}}