{"id":6484,"date":"2017-11-01T16:17:34","date_gmt":"2017-11-01T15:17:34","guid":{"rendered":"https:\/\/inverma.co.il\/?page_id=6484"},"modified":"2020-04-30T02:02:05","modified_gmt":"2020-04-30T00:02:05","slug":"intimite-by-fernand-peril","status":"publish","type":"page","link":"https:\/\/inverma.co.il\/he\/products\/products-for-her\/intimite-by-fernand-peril\/","title":{"rendered":"Intimit\u00e9 by Fernand P\u00e9ril"},"content":{"rendered":"[et_pb_section fb_built=&quot;1&quot; _builder_version=&quot;3.22.4&quot; inner_width_tablet=&quot;50px&quot; inner_max_width_tablet=&quot;50px&quot; custom_padding=&quot;0px|||&quot; z_index_tablet=&quot;500&quot;][et_pb_row _builder_version=&quot;3.25&quot; background_size=&quot;initial&quot; background_position=&quot;top_left&quot; background_repeat=&quot;repeat&quot;][et_pb_column type=&quot;4_4&quot; _builder_version=&quot;3.25&quot; custom_padding=&quot;|||&quot; custom_padding__hover=&quot;|||&quot;][et_pb_post_title meta=&quot;off&quot; featured_image=&quot;off&quot; _builder_version=&quot;3.22.4&quot; z_index_tablet=&quot;500&quot;][\/et_pb_post_title][\/et_pb_column][\/et_pb_row][et_pb_row column_structure=&quot;1_3,1_3,1_3&quot; make_equal=&quot;on&quot; _builder_version=&quot;3.25&quot; background_color=&quot;#ffffff&quot; z_index_tablet=&quot;500&quot; box_shadow_style=&quot;preset3&quot;][et_pb_column type=&quot;1_3&quot; _builder_version=&quot;3.25&quot; custom_padding=&quot;|||&quot; custom_padding__hover=&quot;|||&quot;][et_pb_text _builder_version=&quot;3.27.4&quot; background_color=&quot;#ffffff&quot; custom_padding=&quot;5%|5%|5%|5%&quot; z_index_tablet=&quot;500&quot;]\n<p><img decoding=\"async\" loading=\"lazy\" class=\"aligncenter wp-image-7016 size-full\" src=\"https:\/\/inverma.co.il\/wp-content\/uploads\/intimite-e1428333086805.png\" alt=\"\" width=\"216\" height=\"300\" \/><\/p>\n<p>An exclusive perfume with pheromones for modern women. The mysteriously seductive combination emphasizes a self-confident women\u2018s erotic and could lead her to the orient with it\u2018s exotic tales of 1001 nights to yield the temptations there. The adequate fragrance for love.<\/p>\n[\/et_pb_text][\/et_pb_column][et_pb_column type=&quot;1_3&quot; _builder_version=&quot;3.25&quot; custom_padding=&quot;|||&quot; custom_padding__hover=&quot;|||&quot;][et_pb_text _builder_version=&quot;4.4.3&quot; background_color=&quot;#ffffff&quot; custom_padding=&quot;5%|||&quot; custom_padding_tablet=&quot;|5%||5%&quot; custom_padding_phone=&quot;&quot; custom_padding_last_edited=&quot;on|phone&quot; z_index_tablet=&quot;500&quot;]\n<div class=\"prod_box\">Productinformation<\/div>\n<div class=\"prod_list\">\n<ul>\n<li><i class=\"far fa-check-circle\"><\/i>Content: 50 ml<\/li>\n<li><i class=\"far fa-check-circle\"><\/i>Eau de Toilette<\/li>\n<li><i class=\"far fa-check-circle\"><\/i>high-quality\u00a0pheromone-perfume for the woman in elegant design-flacon<\/li>\n<li><i class=\"far fa-check-circle\"><\/i>Made in Germany<\/li>\n<li><i class=\"far fa-check-circle\"><\/i><strong>Art.-No.: 57800<\/strong><\/li>\n<\/ul>\n<\/div>\n[\/et_pb_text][et_pb_button button_url=&quot;https:\/\/inverma.co.il\/en\/contact\/&quot; url_new_window=&quot;on&quot; button_text=&quot;More Questions?&quot; button_alignment=&quot;left&quot; admin_label=&quot;Noch Fragen? Button&quot; _builder_version=&quot;3.22.4&quot; custom_button=&quot;on&quot; button_text_color=&quot;#e2007a&quot; button_bg_color=&quot;#efefef&quot; button_use_icon=&quot;off&quot; custom_padding_tablet=&quot;&quot; custom_padding_phone=&quot;&quot; custom_padding_last_edited=&quot;on|desktop&quot; animation_style=&quot;bounce&quot; z_index_tablet=&quot;500&quot; saved_tabs=&quot;all&quot;][\/et_pb_button][\/et_pb_column][et_pb_column type=&quot;1_3&quot; _builder_version=&quot;3.25&quot; custom_padding=&quot;|||&quot; custom_padding__hover=&quot;|||&quot;][et_pb_text admin_label=&quot;Siblings&quot; _builder_version=&quot;3.27.4&quot; background_color=&quot;#efefef&quot; use_background_color_gradient=&quot;on&quot; background_color_gradient_start=&quot;#efefef&quot; background_color_gradient_end=&quot;#ffffff&quot; custom_margin=&quot;5%|5%||&quot; custom_margin_tablet=&quot;5%|5%|5%|5%&quot; custom_margin_phone=&quot;&quot; custom_margin_last_edited=&quot;on|phone&quot; custom_padding=&quot;5%|5%|5%|5%&quot; z_index_tablet=&quot;500&quot;]\n<h3><a title=\"Produkte f\u00fcr sie\" href=\"https:\/\/inverma.co.il\/products\/products-for-her\/\">ADDITIONAL PRODUCTS FOR HER:<\/a><\/h3>\n\n[\/et_pb_text][\/et_pb_column][\/et_pb_row][\/et_pb_section]\n","protected":false},"excerpt":{"rendered":"<p>An exclusive perfume with pheromones for modern women. The mysteriously seductive combination emphasizes a self-confident women\u2018s erotic and could lead her to the orient with it\u2018s exotic tales of 1001 nights to yield the temptations there. The adequate fragrance for love. Productinformation Content: 50 ml Eau de Toilette high-quality\u00a0pheromone-perfume for the woman in elegant design-flacon [&hellip;]<\/p>\n","protected":false},"author":9,"featured_media":7017,"parent":6311,"menu_order":6,"comment_status":"closed","ping_status":"closed","template":"","meta":{"_et_pb_use_builder":"on","_et_pb_old_content":"[su_row]\r\n[su_column size=\"1\/3\"]\r\n<img class=\"aligncenter wp-image-1659 size-medium\" title=\"Intimit\u00e9 by Fernand P\u00e9ril\" src=\"https:\/\/inverma.co.il\/wp-content\/uploads\/intimite-e1428333086805.png\" alt=\"Intimit\u00e9 by Fernand P\u00e9ril\" width=\"216\" height=\"300\" \/>\r\n[\/su_column]\r\n[su_column size=\"1\/3\"]\r\n<p style=\"text-align: justify;\">Exklusives Parfum f\u00fcr die moderne Frau mit Pheromon. Die geheimnisvoll-verf\u00fchrerische Kombination aus einer leicht blumigen Kopf- und charakteristischen Herznote in Verbindung mit einem raffinierten Holz-Aroma als Basisnote unterstreicht die Erotik jeder selbstbewussten Frau und k\u00f6nnte Sie in den Orient mit seinen exotischen Geschichten aus 1001 Nacht entf\u00fchren und den dortigen Versuchungen erliegen lassen. Der passende Duft f\u00fcr die Liebe.<\/p>\r\n[\/su_column]\r\n[su_column size=\"1\/3\"]\r\n<div class=\"prod_box_klein\">\r\n\r\n[su_box title=\"Produktinformation\" box_color=\"#e2007a\"]\r\n<ul>\r\n \t<li>Inhalt: 50 ml<\/li>\r\n \t<li>Eau de Toilette<\/li>\r\n \t<li>hochwertiges Pheromon-Parfum f\u00fcr die Frau in elegantem Design-Flacon<\/li>\r\n \t<li>Made in Germany<\/li>\r\n \t<li><strong>Art.-Nr.: 57800<\/strong><\/li>\r\n<\/ul>\r\n[\/su_box]\r\n\r\n<\/div>\r\n[\/su_column]\r\n[\/su_row]\r\n<h3><a title=\"Produkte f\u00fcr sie\" href=\"\/?page_id=777\">Weitere Produkte F\u00dcR SIE:<\/a><\/h3>\r\n[su_siblings]","_et_gb_content_width":""},"yoast_head":"<!-- This site is optimized with the Yoast SEO plugin v19.9 - https:\/\/yoast.com\/wordpress\/plugins\/seo\/ -->\n<title>INVERMA Intimit\u00e9 by Fernand P\u00e9ril<\/title>\n<meta name=\"description\" content=\"INVERMA Intimit\u00e9 by Fernand P\u00e9ril - Exklusives Damen-Parfum mit Pheromon. Die geheimnisvolle Kombination unterstreicht die Erotik der Frau\" \/>\n<meta name=\"robots\" content=\"index, follow, max-snippet:-1, max-image-preview:large, max-video-preview:-1\" \/>\n<link rel=\"canonical\" href=\"https:\/\/inverma.co.il\/he\/products\/products-for-her\/intimite-by-fernand-peril\/\" \/>\n<meta property=\"og:locale\" content=\"he_IL\" \/>\n<meta property=\"og:type\" content=\"article\" \/>\n<meta property=\"og:title\" content=\"INVERMA Intimit\u00e9 by Fernand P\u00e9ril\" \/>\n<meta property=\"og:description\" content=\"INVERMA Intimit\u00e9 by Fernand P\u00e9ril - Exklusives Damen-Parfum mit Pheromon. Die geheimnisvolle Kombination unterstreicht die Erotik der Frau\" \/>\n<meta property=\"og:url\" content=\"https:\/\/inverma.co.il\/he\/products\/products-for-her\/intimite-by-fernand-peril\/\" \/>\n<meta property=\"og:site_name\" content=\"INVERMA\" \/>\n<meta property=\"article:publisher\" content=\"https:\/\/www.facebook.com\/inverma.lange\" \/>\n<meta property=\"article:modified_time\" content=\"2020-04-30T00:02:05+00:00\" \/>\n<meta property=\"og:image\" content=\"https:\/\/inverma.co.il\/wp-content\/uploads\/intimite-e1428333086805.png\" \/>\n\t<meta property=\"og:image:width\" content=\"216\" \/>\n\t<meta property=\"og:image:height\" content=\"300\" \/>\n\t<meta property=\"og:image:type\" content=\"image\/png\" \/>\n<meta name=\"twitter:label1\" content=\"\u05d6\u05de\u05df \u05e7\u05e8\u05d9\u05d0\u05d4 \u05de\u05d5\u05e2\u05e8\u05da\" \/>\n\t<meta name=\"twitter:data1\" content=\"2 \u05d3\u05e7\u05d5\u05ea\" \/>\n<script type=\"application\/ld+json\" class=\"yoast-schema-graph\">{\"@context\":\"https:\/\/schema.org\",\"@graph\":[{\"@type\":\"WebPage\",\"@id\":\"https:\/\/inverma.co.il\/he\/products\/products-for-her\/intimite-by-fernand-peril\/\",\"url\":\"https:\/\/inverma.co.il\/he\/products\/products-for-her\/intimite-by-fernand-peril\/\",\"name\":\"INVERMA Intimit\u00e9 by Fernand P\u00e9ril\",\"isPartOf\":{\"@id\":\"https:\/\/inverma.co.il\/he\/#website\"},\"datePublished\":\"2017-11-01T15:17:34+00:00\",\"dateModified\":\"2020-04-30T00:02:05+00:00\",\"description\":\"INVERMA Intimit\u00e9 by Fernand P\u00e9ril - Exklusives Damen-Parfum mit Pheromon. Die geheimnisvolle Kombination unterstreicht die Erotik der Frau\",\"breadcrumb\":{\"@id\":\"https:\/\/inverma.co.il\/he\/products\/products-for-her\/intimite-by-fernand-peril\/#breadcrumb\"},\"inLanguage\":\"he-IL\",\"potentialAction\":[{\"@type\":\"ReadAction\",\"target\":[\"https:\/\/inverma.co.il\/he\/products\/products-for-her\/intimite-by-fernand-peril\/\"]}]},{\"@type\":\"BreadcrumbList\",\"@id\":\"https:\/\/inverma.co.il\/he\/products\/products-for-her\/intimite-by-fernand-peril\/#breadcrumb\",\"itemListElement\":[{\"@type\":\"ListItem\",\"position\":1,\"name\":\"Home\",\"item\":\"https:\/\/inverma.co.il\/he\/\"},{\"@type\":\"ListItem\",\"position\":2,\"name\":\"Products\",\"item\":\"https:\/\/inverma.co.il\/he\/products\/\"},{\"@type\":\"ListItem\",\"position\":3,\"name\":\"Products for her\",\"item\":\"https:\/\/inverma.co.il\/he\/products\/products-for-her\/\"},{\"@type\":\"ListItem\",\"position\":4,\"name\":\"Intimit\u00e9 by Fernand P\u00e9ril\"}]},{\"@type\":\"WebSite\",\"@id\":\"https:\/\/inverma.co.il\/he\/#website\",\"url\":\"https:\/\/inverma.co.il\/he\/\",\"name\":\"INVERMA\",\"description\":\"Come in to the world of erotic and exotic\",\"publisher\":{\"@id\":\"https:\/\/inverma.co.il\/he\/#organization\"},\"potentialAction\":[{\"@type\":\"SearchAction\",\"target\":{\"@type\":\"EntryPoint\",\"urlTemplate\":\"https:\/\/inverma.co.il\/he\/?s={search_term_string}\"},\"query-input\":\"required name=search_term_string\"}],\"inLanguage\":\"he-IL\"},{\"@type\":\"Organization\",\"@id\":\"https:\/\/inverma.co.il\/he\/#organization\",\"name\":\"INVERMA Johannes Lange GmbH+Co KG\",\"url\":\"https:\/\/inverma.co.il\/he\/\",\"logo\":{\"@type\":\"ImageObject\",\"inLanguage\":\"he-IL\",\"@id\":\"https:\/\/inverma.co.il\/he\/#\/schema\/logo\/image\/\",\"url\":\"https:\/\/inverma.co.il\/wp-content\/uploads\/inverma_logo_neu-e1545358251143.png\",\"contentUrl\":\"https:\/\/inverma.co.il\/wp-content\/uploads\/inverma_logo_neu-e1545358251143.png\",\"width\":280,\"height\":74,\"caption\":\"INVERMA Johannes Lange GmbH+Co KG\"},\"image\":{\"@id\":\"https:\/\/inverma.co.il\/he\/#\/schema\/logo\/image\/\"},\"sameAs\":[\"https:\/\/www.facebook.com\/inverma.lange\"]}]}<\/script>\n<!-- \/ Yoast SEO plugin. -->","yoast_head_json":{"title":"INVERMA Intimit\u00e9 by Fernand P\u00e9ril","description":"INVERMA Intimit\u00e9 by Fernand P\u00e9ril - Exklusives Damen-Parfum mit Pheromon. Die geheimnisvolle Kombination unterstreicht die Erotik der Frau","robots":{"index":"index","follow":"follow","max-snippet":"max-snippet:-1","max-image-preview":"max-image-preview:large","max-video-preview":"max-video-preview:-1"},"canonical":"https:\/\/inverma.co.il\/he\/products\/products-for-her\/intimite-by-fernand-peril\/","og_locale":"he_IL","og_type":"article","og_title":"INVERMA Intimit\u00e9 by Fernand P\u00e9ril","og_description":"INVERMA Intimit\u00e9 by Fernand P\u00e9ril - Exklusives Damen-Parfum mit Pheromon. Die geheimnisvolle Kombination unterstreicht die Erotik der Frau","og_url":"https:\/\/inverma.co.il\/he\/products\/products-for-her\/intimite-by-fernand-peril\/","og_site_name":"INVERMA","article_publisher":"https:\/\/www.facebook.com\/inverma.lange","article_modified_time":"2020-04-30T00:02:05+00:00","og_image":[{"width":216,"height":300,"url":"https:\/\/inverma.co.il\/wp-content\/uploads\/intimite-e1428333086805.png","type":"image\/png"}],"twitter_misc":{"\u05d6\u05de\u05df \u05e7\u05e8\u05d9\u05d0\u05d4 \u05de\u05d5\u05e2\u05e8\u05da":"2 \u05d3\u05e7\u05d5\u05ea"},"schema":{"@context":"https:\/\/schema.org","@graph":[{"@type":"WebPage","@id":"https:\/\/inverma.co.il\/he\/products\/products-for-her\/intimite-by-fernand-peril\/","url":"https:\/\/inverma.co.il\/he\/products\/products-for-her\/intimite-by-fernand-peril\/","name":"INVERMA Intimit\u00e9 by Fernand P\u00e9ril","isPartOf":{"@id":"https:\/\/inverma.co.il\/he\/#website"},"datePublished":"2017-11-01T15:17:34+00:00","dateModified":"2020-04-30T00:02:05+00:00","description":"INVERMA Intimit\u00e9 by Fernand P\u00e9ril - Exklusives Damen-Parfum mit Pheromon. Die geheimnisvolle Kombination unterstreicht die Erotik der Frau","breadcrumb":{"@id":"https:\/\/inverma.co.il\/he\/products\/products-for-her\/intimite-by-fernand-peril\/#breadcrumb"},"inLanguage":"he-IL","potentialAction":[{"@type":"ReadAction","target":["https:\/\/inverma.co.il\/he\/products\/products-for-her\/intimite-by-fernand-peril\/"]}]},{"@type":"BreadcrumbList","@id":"https:\/\/inverma.co.il\/he\/products\/products-for-her\/intimite-by-fernand-peril\/#breadcrumb","itemListElement":[{"@type":"ListItem","position":1,"name":"Home","item":"https:\/\/inverma.co.il\/he\/"},{"@type":"ListItem","position":2,"name":"Products","item":"https:\/\/inverma.co.il\/he\/products\/"},{"@type":"ListItem","position":3,"name":"Products for her","item":"https:\/\/inverma.co.il\/he\/products\/products-for-her\/"},{"@type":"ListItem","position":4,"name":"Intimit\u00e9 by Fernand P\u00e9ril"}]},{"@type":"WebSite","@id":"https:\/\/inverma.co.il\/he\/#website","url":"https:\/\/inverma.co.il\/he\/","name":"INVERMA","description":"Come in to the world of erotic and exotic","publisher":{"@id":"https:\/\/inverma.co.il\/he\/#organization"},"potentialAction":[{"@type":"SearchAction","target":{"@type":"EntryPoint","urlTemplate":"https:\/\/inverma.co.il\/he\/?s={search_term_string}"},"query-input":"required name=search_term_string"}],"inLanguage":"he-IL"},{"@type":"Organization","@id":"https:\/\/inverma.co.il\/he\/#organization","name":"INVERMA Johannes Lange GmbH+Co KG","url":"https:\/\/inverma.co.il\/he\/","logo":{"@type":"ImageObject","inLanguage":"he-IL","@id":"https:\/\/inverma.co.il\/he\/#\/schema\/logo\/image\/","url":"https:\/\/inverma.co.il\/wp-content\/uploads\/inverma_logo_neu-e1545358251143.png","contentUrl":"https:\/\/inverma.co.il\/wp-content\/uploads\/inverma_logo_neu-e1545358251143.png","width":280,"height":74,"caption":"INVERMA Johannes Lange GmbH+Co KG"},"image":{"@id":"https:\/\/inverma.co.il\/he\/#\/schema\/logo\/image\/"},"sameAs":["https:\/\/www.facebook.com\/inverma.lange"]}]}},"_links":{"self":[{"href":"https:\/\/inverma.co.il\/he\/wp-json\/wp\/v2\/pages\/6484"}],"collection":[{"href":"https:\/\/inverma.co.il\/he\/wp-json\/wp\/v2\/pages"}],"about":[{"href":"https:\/\/inverma.co.il\/he\/wp-json\/wp\/v2\/types\/page"}],"author":[{"embeddable":true,"href":"https:\/\/inverma.co.il\/he\/wp-json\/wp\/v2\/users\/9"}],"replies":[{"embeddable":true,"href":"https:\/\/inverma.co.il\/he\/wp-json\/wp\/v2\/comments?post=6484"}],"version-history":[{"count":0,"href":"https:\/\/inverma.co.il\/he\/wp-json\/wp\/v2\/pages\/6484\/revisions"}],"up":[{"embeddable":true,"href":"https:\/\/inverma.co.il\/he\/wp-json\/wp\/v2\/pages\/6311"}],"wp:featuredmedia":[{"embeddable":true,"href":"https:\/\/inverma.co.il\/he\/wp-json\/wp\/v2\/media\/7017"}],"wp:attachment":[{"href":"https:\/\/inverma.co.il\/he\/wp-json\/wp\/v2\/media?parent=6484"}],"curies":[{"name":"wp","href":"https:\/\/api.w.org\/{rel}","templated":true}]}}