{"id":6479,"date":"2017-11-01T16:16:10","date_gmt":"2017-11-01T15:16:10","guid":{"rendered":"https:\/\/inverma.co.il\/?page_id=6479"},"modified":"2020-04-30T01:53:42","modified_gmt":"2020-04-29T23:53:42","slug":"erekta-prompt-for-women","status":"publish","type":"page","link":"https:\/\/inverma.co.il\/he\/products\/products-for-her\/erekta-prompt-for-women\/","title":{"rendered":"erekta prompt for women"},"content":{"rendered":"[et_pb_section fb_built=&quot;1&quot; _builder_version=&quot;3.22.4&quot; inner_width_tablet=&quot;50px&quot; inner_max_width_tablet=&quot;50px&quot; custom_padding=&quot;0px|||&quot; z_index_tablet=&quot;500&quot;][et_pb_row _builder_version=&quot;3.25&quot; background_size=&quot;initial&quot; background_position=&quot;top_left&quot; background_repeat=&quot;repeat&quot;][et_pb_column type=&quot;4_4&quot; _builder_version=&quot;3.25&quot; custom_padding=&quot;|||&quot; custom_padding__hover=&quot;|||&quot;][et_pb_post_title meta=&quot;off&quot; featured_image=&quot;off&quot; _builder_version=&quot;3.22.4&quot; z_index_tablet=&quot;500&quot;][\/et_pb_post_title][\/et_pb_column][\/et_pb_row][et_pb_row make_equal=&quot;on&quot; _builder_version=&quot;3.25&quot; background_color=&quot;#ffffff&quot; z_index_tablet=&quot;500&quot; box_shadow_style=&quot;preset3&quot; column_structure=&quot;1_3,1_3,1_3&quot;][et_pb_column type=&quot;1_3&quot; _builder_version=&quot;3.25&quot; custom_padding=&quot;|||&quot; custom_padding__hover=&quot;|||&quot;][et_pb_text _builder_version=&quot;3.27.4&quot; background_color=&quot;#ffffff&quot; custom_padding=&quot;5%|5%|5%|5%&quot; z_index_tablet=&quot;500&quot;]\n<p><img decoding=\"async\" loading=\"lazy\" class=\"size-full wp-image-7533 aligncenter\" src=\"https:\/\/inverma.co.il\/wp-content\/uploads\/51200.png\" alt=\"\" width=\"340\" height=\"159\" srcset=\"https:\/\/inverma.co.il\/wp-content\/uploads\/51200.png 340w, https:\/\/inverma.co.il\/wp-content\/uploads\/51200-80x37.png 80w\" sizes=\"(max-width: 340px) 100vw, 340px\" \/><\/p>\n<p>Erekta prompt for the woman offers you special care for your most intimate body zone (e.g. clitoris and external labia). Simply enjoy the pleasant ingredients and the sensual smell. This precious cosmetic may let your most secret wishes come true. Pleasing care that will indulge yourself.<\/p>\n<p>Use just a small amount of erekta prompt for the woman for a soft massage, and wait until the cream is absorbed by the skin. It may be advisable to wash the genital area with mild soap before using the cream.<\/p>\n[\/et_pb_text][\/et_pb_column][et_pb_column type=&quot;1_3&quot; _builder_version=&quot;3.25&quot; custom_padding=&quot;|||&quot; custom_padding__hover=&quot;|||&quot;][et_pb_text _builder_version=&quot;4.4.3&quot; background_color=&quot;#ffffff&quot; custom_padding=&quot;5%|||&quot; custom_padding_tablet=&quot;|5%||5%&quot; custom_padding_phone=&quot;&quot; custom_padding_last_edited=&quot;on|phone&quot; hover_enabled=&quot;0&quot; z_index_tablet=&quot;500&quot;]\n<div class=\"prod_box\">Productinformation<\/div>\n<div class=\"prod_list\">\n<ul>\n<li><i class=\"far fa-check-circle\"><\/i>Content: 13 ml<\/li>\n<li><i class=\"far fa-check-circle\"><\/i>dermatologically tested \u201cvery good\u201d<\/li>\n<li><i class=\"far fa-check-circle\"><\/i>pleasant application<\/li>\n<li><i class=\"far fa-check-circle\"><\/i>quality care substances, without alcohol and colour additives<\/li>\n<li><i class=\"far fa-check-circle\"><\/i>Made in Germany<\/li>\n<li><i class=\"far fa-check-circle\"><\/i><strong>Art.-No.: 51200<\/strong><\/li>\n<\/ul>\n<\/div>\n[\/et_pb_text][et_pb_button button_url=&quot;https:\/\/inverma.co.il\/en\/contact\/&quot; url_new_window=&quot;on&quot; button_text=&quot;More Questions?&quot; button_alignment=&quot;left&quot; admin_label=&quot;Noch Fragen? Button&quot; _builder_version=&quot;3.22.4&quot; custom_button=&quot;on&quot; button_text_color=&quot;#e2007a&quot; button_bg_color=&quot;#efefef&quot; button_use_icon=&quot;off&quot; custom_padding_tablet=&quot;&quot; custom_padding_phone=&quot;&quot; custom_padding_last_edited=&quot;on|desktop&quot; animation_style=&quot;bounce&quot; z_index_tablet=&quot;500&quot; saved_tabs=&quot;all&quot;][\/et_pb_button][\/et_pb_column][et_pb_column type=&quot;1_3&quot; _builder_version=&quot;3.25&quot; custom_padding=&quot;|||&quot; custom_padding__hover=&quot;|||&quot;][et_pb_text admin_label=&quot;Siblings&quot; _builder_version=&quot;3.27.4&quot; background_color=&quot;#efefef&quot; use_background_color_gradient=&quot;on&quot; background_color_gradient_start=&quot;#efefef&quot; background_color_gradient_end=&quot;#ffffff&quot; custom_margin=&quot;5%|5%||&quot; custom_margin_tablet=&quot;5%|5%|5%|5%&quot; custom_margin_phone=&quot;&quot; custom_margin_last_edited=&quot;on|phone&quot; custom_padding=&quot;5%|5%|5%|5%&quot; z_index_tablet=&quot;500&quot;]\n<h3><a title=\"Produkte f\u00fcr sie\" href=\"https:\/\/inverma.co.il\/products\/products-for-her\/\">ADDITIONAL PRODUCTS FOR HER:<\/a><\/h3>\n\n[\/et_pb_text][\/et_pb_column][\/et_pb_row][\/et_pb_section]\n","protected":false},"excerpt":{"rendered":"<p>Erekta prompt for the woman offers you special care for your most intimate body zone (e.g. clitoris and external labia). Simply enjoy the pleasant ingredients and the sensual smell. This precious cosmetic may let your most secret wishes come true. Pleasing care that will indulge yourself. Use just a small amount of erekta prompt for [&hellip;]<\/p>\n","protected":false},"author":9,"featured_media":7534,"parent":6311,"menu_order":3,"comment_status":"closed","ping_status":"closed","template":"","meta":{"_et_pb_use_builder":"on","_et_pb_old_content":"[su_row]\r\n[su_column size=\"1\/3\"]\r\n<img class=\"wp-image-7533 aligncenter\" src=\"https:\/\/inverma.co.il\/wp-content\/uploads\/51200.png\" alt=\"\" width=\"310\" height=\"145\" \/>\r\n[\/su_column]\r\n[su_column size=\"1\/3\"]\r\n<p style=\"text-align: justify;\">Erekta prompt f\u00fcr die Frau bietet Ihnen die besondere Pflege f\u00fcr Ihre intimste K\u00f6rperzone (z.B. Klitoris und \u00e4u\u00dfere Schamlippen). Genie\u00dfen Sie einfach die wohltuenden Inhaltsstoffe und den sinnlichen Geruch. Dieses wertvolle Kosmetikum kann Ihre geheimsten W\u00fcnsche in Erf\u00fcllung gehen lassen. Genussvolle Pflege mit Verw\u00f6hncharakter. Eine kleine Menge erekta prompt f\u00fcr die Frau leicht einreiben und einmassieren bis die Creme eingezogen ist.<\/p>\r\n[\/su_column]\r\n[su_column size=\"1\/3\"]\r\n<div class=\"prod_box_klein\">\r\n\r\n[su_box title=\"Produktinformation\" box_color=\"#e2007a\"]\r\n<ul>\r\n \t<li>Inhalt: 13 ml<\/li>\r\n \t<li>dermatologisch \"sehr gut\" getestet<\/li>\r\n \t<li>angenehme Anwendung<\/li>\r\n \t<li>hochwertige Pflegestoffe, frei von Alkohol und Farbstoffen<\/li>\r\n \t<li>Made in Germany<\/li>\r\n \t<li><strong>Art.-Nr.: 51200<\/strong><\/li>\r\n<\/ul>\r\n[\/su_box]\r\n\r\n<\/div>\r\n[\/su_column]\r\n[\/su_row]\r\n<h3><a title=\"Produkte f\u00fcr sie\" href=\"\/?page_id=777\">Weitere Produkte F\u00dcR SIE:<\/a><\/h3>\r\n[su_siblings]","_et_gb_content_width":""},"yoast_head":"<!-- This site is optimized with the Yoast SEO plugin v19.9 - https:\/\/yoast.com\/wordpress\/plugins\/seo\/ -->\n<title>INVERMA erekta prompt f\u00fcr die Frau<\/title>\n<meta name=\"description\" content=\"INVERMA erekta prompt f\u00fcr die Frau bietet besondere Pflege f\u00fcr die intimste K\u00f6rperzone. Wohltuende Inhalte und sinnlicher Geruch.\" \/>\n<meta name=\"robots\" content=\"index, follow, max-snippet:-1, max-image-preview:large, max-video-preview:-1\" \/>\n<link rel=\"canonical\" href=\"https:\/\/inverma.co.il\/he\/products\/products-for-her\/erekta-prompt-for-women\/\" \/>\n<meta property=\"og:locale\" content=\"he_IL\" \/>\n<meta property=\"og:type\" content=\"article\" \/>\n<meta property=\"og:title\" content=\"INVERMA erekta prompt f\u00fcr die Frau\" \/>\n<meta property=\"og:description\" content=\"INVERMA erekta prompt f\u00fcr die Frau bietet besondere Pflege f\u00fcr die intimste K\u00f6rperzone. Wohltuende Inhalte und sinnlicher Geruch.\" \/>\n<meta property=\"og:url\" content=\"https:\/\/inverma.co.il\/he\/products\/products-for-her\/erekta-prompt-for-women\/\" \/>\n<meta property=\"og:site_name\" content=\"INVERMA\" \/>\n<meta property=\"article:publisher\" content=\"https:\/\/www.facebook.com\/inverma.lange\" \/>\n<meta property=\"article:modified_time\" content=\"2020-04-29T23:53:42+00:00\" \/>\n<meta property=\"og:image\" content=\"https:\/\/inverma.co.il\/wp-content\/uploads\/51200.png\" \/>\n\t<meta property=\"og:image:width\" content=\"340\" \/>\n\t<meta property=\"og:image:height\" content=\"159\" \/>\n\t<meta property=\"og:image:type\" content=\"image\/png\" \/>\n<meta name=\"twitter:label1\" content=\"\u05d6\u05de\u05df \u05e7\u05e8\u05d9\u05d0\u05d4 \u05de\u05d5\u05e2\u05e8\u05da\" \/>\n\t<meta name=\"twitter:data1\" content=\"2 \u05d3\u05e7\u05d5\u05ea\" \/>\n<script type=\"application\/ld+json\" class=\"yoast-schema-graph\">{\"@context\":\"https:\/\/schema.org\",\"@graph\":[{\"@type\":\"WebPage\",\"@id\":\"https:\/\/inverma.co.il\/he\/products\/products-for-her\/erekta-prompt-for-women\/\",\"url\":\"https:\/\/inverma.co.il\/he\/products\/products-for-her\/erekta-prompt-for-women\/\",\"name\":\"INVERMA erekta prompt f\u00fcr die Frau\",\"isPartOf\":{\"@id\":\"https:\/\/inverma.co.il\/he\/#website\"},\"datePublished\":\"2017-11-01T15:16:10+00:00\",\"dateModified\":\"2020-04-29T23:53:42+00:00\",\"description\":\"INVERMA erekta prompt f\u00fcr die Frau bietet besondere Pflege f\u00fcr die intimste K\u00f6rperzone. Wohltuende Inhalte und sinnlicher Geruch.\",\"breadcrumb\":{\"@id\":\"https:\/\/inverma.co.il\/he\/products\/products-for-her\/erekta-prompt-for-women\/#breadcrumb\"},\"inLanguage\":\"he-IL\",\"potentialAction\":[{\"@type\":\"ReadAction\",\"target\":[\"https:\/\/inverma.co.il\/he\/products\/products-for-her\/erekta-prompt-for-women\/\"]}]},{\"@type\":\"BreadcrumbList\",\"@id\":\"https:\/\/inverma.co.il\/he\/products\/products-for-her\/erekta-prompt-for-women\/#breadcrumb\",\"itemListElement\":[{\"@type\":\"ListItem\",\"position\":1,\"name\":\"Home\",\"item\":\"https:\/\/inverma.co.il\/he\/\"},{\"@type\":\"ListItem\",\"position\":2,\"name\":\"Products\",\"item\":\"https:\/\/inverma.co.il\/he\/products\/\"},{\"@type\":\"ListItem\",\"position\":3,\"name\":\"Products for her\",\"item\":\"https:\/\/inverma.co.il\/he\/products\/products-for-her\/\"},{\"@type\":\"ListItem\",\"position\":4,\"name\":\"erekta prompt for women\"}]},{\"@type\":\"WebSite\",\"@id\":\"https:\/\/inverma.co.il\/he\/#website\",\"url\":\"https:\/\/inverma.co.il\/he\/\",\"name\":\"INVERMA\",\"description\":\"Come in to the world of erotic and exotic\",\"publisher\":{\"@id\":\"https:\/\/inverma.co.il\/he\/#organization\"},\"potentialAction\":[{\"@type\":\"SearchAction\",\"target\":{\"@type\":\"EntryPoint\",\"urlTemplate\":\"https:\/\/inverma.co.il\/he\/?s={search_term_string}\"},\"query-input\":\"required name=search_term_string\"}],\"inLanguage\":\"he-IL\"},{\"@type\":\"Organization\",\"@id\":\"https:\/\/inverma.co.il\/he\/#organization\",\"name\":\"INVERMA Johannes Lange GmbH+Co KG\",\"url\":\"https:\/\/inverma.co.il\/he\/\",\"logo\":{\"@type\":\"ImageObject\",\"inLanguage\":\"he-IL\",\"@id\":\"https:\/\/inverma.co.il\/he\/#\/schema\/logo\/image\/\",\"url\":\"https:\/\/inverma.co.il\/wp-content\/uploads\/inverma_logo_neu-e1545358251143.png\",\"contentUrl\":\"https:\/\/inverma.co.il\/wp-content\/uploads\/inverma_logo_neu-e1545358251143.png\",\"width\":280,\"height\":74,\"caption\":\"INVERMA Johannes Lange GmbH+Co KG\"},\"image\":{\"@id\":\"https:\/\/inverma.co.il\/he\/#\/schema\/logo\/image\/\"},\"sameAs\":[\"https:\/\/www.facebook.com\/inverma.lange\"]}]}<\/script>\n<!-- \/ Yoast SEO plugin. -->","yoast_head_json":{"title":"INVERMA erekta prompt f\u00fcr die Frau","description":"INVERMA erekta prompt f\u00fcr die Frau bietet besondere Pflege f\u00fcr die intimste K\u00f6rperzone. Wohltuende Inhalte und sinnlicher Geruch.","robots":{"index":"index","follow":"follow","max-snippet":"max-snippet:-1","max-image-preview":"max-image-preview:large","max-video-preview":"max-video-preview:-1"},"canonical":"https:\/\/inverma.co.il\/he\/products\/products-for-her\/erekta-prompt-for-women\/","og_locale":"he_IL","og_type":"article","og_title":"INVERMA erekta prompt f\u00fcr die Frau","og_description":"INVERMA erekta prompt f\u00fcr die Frau bietet besondere Pflege f\u00fcr die intimste K\u00f6rperzone. Wohltuende Inhalte und sinnlicher Geruch.","og_url":"https:\/\/inverma.co.il\/he\/products\/products-for-her\/erekta-prompt-for-women\/","og_site_name":"INVERMA","article_publisher":"https:\/\/www.facebook.com\/inverma.lange","article_modified_time":"2020-04-29T23:53:42+00:00","og_image":[{"width":340,"height":159,"url":"https:\/\/inverma.co.il\/wp-content\/uploads\/51200.png","type":"image\/png"}],"twitter_misc":{"\u05d6\u05de\u05df \u05e7\u05e8\u05d9\u05d0\u05d4 \u05de\u05d5\u05e2\u05e8\u05da":"2 \u05d3\u05e7\u05d5\u05ea"},"schema":{"@context":"https:\/\/schema.org","@graph":[{"@type":"WebPage","@id":"https:\/\/inverma.co.il\/he\/products\/products-for-her\/erekta-prompt-for-women\/","url":"https:\/\/inverma.co.il\/he\/products\/products-for-her\/erekta-prompt-for-women\/","name":"INVERMA erekta prompt f\u00fcr die Frau","isPartOf":{"@id":"https:\/\/inverma.co.il\/he\/#website"},"datePublished":"2017-11-01T15:16:10+00:00","dateModified":"2020-04-29T23:53:42+00:00","description":"INVERMA erekta prompt f\u00fcr die Frau bietet besondere Pflege f\u00fcr die intimste K\u00f6rperzone. Wohltuende Inhalte und sinnlicher Geruch.","breadcrumb":{"@id":"https:\/\/inverma.co.il\/he\/products\/products-for-her\/erekta-prompt-for-women\/#breadcrumb"},"inLanguage":"he-IL","potentialAction":[{"@type":"ReadAction","target":["https:\/\/inverma.co.il\/he\/products\/products-for-her\/erekta-prompt-for-women\/"]}]},{"@type":"BreadcrumbList","@id":"https:\/\/inverma.co.il\/he\/products\/products-for-her\/erekta-prompt-for-women\/#breadcrumb","itemListElement":[{"@type":"ListItem","position":1,"name":"Home","item":"https:\/\/inverma.co.il\/he\/"},{"@type":"ListItem","position":2,"name":"Products","item":"https:\/\/inverma.co.il\/he\/products\/"},{"@type":"ListItem","position":3,"name":"Products for her","item":"https:\/\/inverma.co.il\/he\/products\/products-for-her\/"},{"@type":"ListItem","position":4,"name":"erekta prompt for women"}]},{"@type":"WebSite","@id":"https:\/\/inverma.co.il\/he\/#website","url":"https:\/\/inverma.co.il\/he\/","name":"INVERMA","description":"Come in to the world of erotic and exotic","publisher":{"@id":"https:\/\/inverma.co.il\/he\/#organization"},"potentialAction":[{"@type":"SearchAction","target":{"@type":"EntryPoint","urlTemplate":"https:\/\/inverma.co.il\/he\/?s={search_term_string}"},"query-input":"required name=search_term_string"}],"inLanguage":"he-IL"},{"@type":"Organization","@id":"https:\/\/inverma.co.il\/he\/#organization","name":"INVERMA Johannes Lange GmbH+Co KG","url":"https:\/\/inverma.co.il\/he\/","logo":{"@type":"ImageObject","inLanguage":"he-IL","@id":"https:\/\/inverma.co.il\/he\/#\/schema\/logo\/image\/","url":"https:\/\/inverma.co.il\/wp-content\/uploads\/inverma_logo_neu-e1545358251143.png","contentUrl":"https:\/\/inverma.co.il\/wp-content\/uploads\/inverma_logo_neu-e1545358251143.png","width":280,"height":74,"caption":"INVERMA Johannes Lange GmbH+Co KG"},"image":{"@id":"https:\/\/inverma.co.il\/he\/#\/schema\/logo\/image\/"},"sameAs":["https:\/\/www.facebook.com\/inverma.lange"]}]}},"_links":{"self":[{"href":"https:\/\/inverma.co.il\/he\/wp-json\/wp\/v2\/pages\/6479"}],"collection":[{"href":"https:\/\/inverma.co.il\/he\/wp-json\/wp\/v2\/pages"}],"about":[{"href":"https:\/\/inverma.co.il\/he\/wp-json\/wp\/v2\/types\/page"}],"author":[{"embeddable":true,"href":"https:\/\/inverma.co.il\/he\/wp-json\/wp\/v2\/users\/9"}],"replies":[{"embeddable":true,"href":"https:\/\/inverma.co.il\/he\/wp-json\/wp\/v2\/comments?post=6479"}],"version-history":[{"count":0,"href":"https:\/\/inverma.co.il\/he\/wp-json\/wp\/v2\/pages\/6479\/revisions"}],"up":[{"embeddable":true,"href":"https:\/\/inverma.co.il\/he\/wp-json\/wp\/v2\/pages\/6311"}],"wp:featuredmedia":[{"embeddable":true,"href":"https:\/\/inverma.co.il\/he\/wp-json\/wp\/v2\/media\/7534"}],"wp:attachment":[{"href":"https:\/\/inverma.co.il\/he\/wp-json\/wp\/v2\/media?parent=6479"}],"curies":[{"name":"wp","href":"https:\/\/api.w.org\/{rel}","templated":true}]}}