{"id":6321,"date":"2017-10-25T16:01:57","date_gmt":"2017-10-25T14:01:57","guid":{"rendered":"https:\/\/inverma.co.il\/?page_id=6321"},"modified":"2019-10-23T12:49:43","modified_gmt":"2019-10-23T10:49:43","slug":"for-her-and-him","status":"publish","type":"page","link":"https:\/\/inverma.co.il\/he\/products\/for-her-and-him\/","title":{"rendered":"Products for her and him"},"content":{"rendered":"[et_pb_section bb_built=&quot;1&quot; inner_width_tablet=&quot;50px&quot; inner_max_width_tablet=&quot;50px&quot; _builder_version=&quot;3.22.4&quot; custom_padding=&quot;0px|||&quot; z_index_tablet=&quot;500&quot; custom_margin=&quot;||5%|&quot;][et_pb_row _builder_version=&quot;3.22.4&quot; custom_padding=&quot;0px||0px|&quot; z_index_tablet=&quot;500&quot;][et_pb_column type=&quot;4_4&quot;][et_pb_post_title _builder_version=&quot;3.22.4&quot; meta=&quot;off&quot; featured_image=&quot;off&quot; text_shadow_horizontal_length=&quot;text_shadow_style,%91object Object%93&quot; text_shadow_vertical_length=&quot;text_shadow_style,%91object Object%93&quot; text_shadow_blur_strength=&quot;text_shadow_style,%91object Object%93&quot; title_text_shadow_horizontal_length=&quot;title_text_shadow_style,%91object Object%93&quot; title_text_shadow_vertical_length=&quot;title_text_shadow_style,%91object Object%93&quot; title_text_shadow_blur_strength=&quot;title_text_shadow_style,%91object Object%93&quot; meta_text_shadow_horizontal_length=&quot;meta_text_shadow_style,%91object Object%93&quot; meta_text_shadow_vertical_length=&quot;meta_text_shadow_style,%91object Object%93&quot; meta_text_shadow_blur_strength=&quot;meta_text_shadow_style,%91object Object%93&quot; z_index_tablet=&quot;500&quot; \/][\/et_pb_column][\/et_pb_row][et_pb_row _builder_version=&quot;3.22.4&quot; z_index_tablet=&quot;500&quot; background_position=&quot;top_left&quot; background_repeat=&quot;repeat&quot; background_size=&quot;initial&quot; background_color_1=&quot;#ffffff&quot; background_color_2=&quot;#ffffff&quot; background_color_3=&quot;#ffffff&quot; make_equal=&quot;on&quot; module_class_1=&quot;box-shadow&quot; module_class_2=&quot;box-shadow&quot; module_class_3=&quot;box-shadow&quot;][et_pb_column type=&quot;1_3&quot;][et_pb_button admin_label=&quot;212 CLITO-KITZLER JIL&quot; _builder_version=&quot;3.22.4&quot; button_text=&quot;212 CLITO-KITZLER JIL&quot; button_url=&quot;https:\/\/inverma.co.il\/en\/products\/for-her-and-him\/jil\/&quot; button_text_shadow_horizontal_length=&quot;button_text_shadow_style,%91object Object%93&quot; button_text_shadow_vertical_length=&quot;button_text_shadow_style,%91object Object%93&quot; button_text_shadow_blur_strength=&quot;button_text_shadow_style,%91object Object%93&quot; z_index_tablet=&quot;500&quot; button_alignment=&quot;center&quot; background_layout=&quot;dark&quot; animation_style=&quot;slide&quot; custom_css_main_element=&quot;width: 100%;&quot; custom_margin=&quot;||0px|&quot; custom_button=&quot;on&quot; button_bg_size=&quot;initial&quot; button_bg_position=&quot;top_right&quot; button_text_size=&quot;16&quot; \/][et_pb_image _builder_version=&quot;3.22.4&quot; src=&quot;https:\/\/inverma.co.il\/wp-content\/uploads\/klitoris-kitzler21290-e1428333109283.png&quot; url=&quot;https:\/\/inverma.co.il\/en\/products\/for-her-and-him\/jil\/&quot; z_index_tablet=&quot;500&quot; align=&quot;center&quot; show_bottom_space=&quot;off&quot; custom_padding=&quot;5%|5%|5%|5%&quot; max_height=&quot;160px&quot; \/][\/et_pb_column][et_pb_column type=&quot;1_3&quot;][et_pb_button admin_label=&quot;22090 WOLLUST-HOPPER&quot; _builder_version=&quot;3.22.4&quot; button_text=&quot;22090 WOLLUST-HOPPER&quot; button_url=&quot;https:\/\/inverma.co.il\/en\/products\/for-her-and-him\/wollust-hopper\/&quot; button_text_shadow_horizontal_length=&quot;button_text_shadow_style,%91object Object%93&quot; button_text_shadow_vertical_length=&quot;button_text_shadow_style,%91object Object%93&quot; button_text_shadow_blur_strength=&quot;button_text_shadow_style,%91object Object%93&quot; z_index_tablet=&quot;500&quot; button_alignment=&quot;center&quot; background_layout=&quot;dark&quot; animation_style=&quot;slide&quot; custom_css_main_element=&quot;width: 100%;&quot; custom_margin=&quot;||0px|&quot; custom_button=&quot;on&quot; button_text_size=&quot;16&quot; \/][et_pb_image _builder_version=&quot;3.22.4&quot; src=&quot;https:\/\/inverma.co.il\/wp-content\/uploads\/wollust-hopper22090-e1428333052890.png&quot; url=&quot;https:\/\/inverma.co.il\/en\/products\/for-her-and-him\/wollust-hopper\/&quot; z_index_tablet=&quot;500&quot; align=&quot;center&quot; show_bottom_space=&quot;off&quot; custom_padding=&quot;5%|5%|5%|5%&quot; max_height=&quot;160px&quot; \/][\/et_pb_column][et_pb_column type=&quot;1_3&quot;][et_pb_button admin_label=&quot;222 TRI-SEX-DOPPLER&quot; _builder_version=&quot;3.22.4&quot; button_text=&quot;222 TRI-SEX-DOPPLER&quot; button_url=&quot;https:\/\/inverma.co.il\/en\/products\/for-her-and-him\/tri-sex-doppler\/&quot; button_text_shadow_horizontal_length=&quot;button_text_shadow_style,%91object Object%93&quot; button_text_shadow_vertical_length=&quot;button_text_shadow_style,%91object Object%93&quot; button_text_shadow_blur_strength=&quot;button_text_shadow_style,%91object Object%93&quot; z_index_tablet=&quot;500&quot; button_alignment=&quot;center&quot; background_layout=&quot;dark&quot; animation_style=&quot;slide&quot; custom_css_main_element=&quot;width: 100%;&quot; custom_margin=&quot;||0px|&quot; custom_button=&quot;on&quot; button_text_size=&quot;16&quot; \/][et_pb_image _builder_version=&quot;3.22.4&quot; src=&quot;https:\/\/inverma.co.il\/wp-content\/uploads\/tri-sex-doppler22290-e1428333037985.png&quot; url=&quot;https:\/\/inverma.co.il\/en\/products\/for-her-and-him\/tri-sex-doppler\/&quot; z_index_tablet=&quot;500&quot; align=&quot;center&quot; show_bottom_space=&quot;off&quot; custom_padding=&quot;5%|5%|5%|5%&quot; max_height=&quot;160px&quot; \/][\/et_pb_column][\/et_pb_row][\/et_pb_section]\n","protected":false},"excerpt":{"rendered":"","protected":false},"author":8,"featured_media":7150,"parent":6248,"menu_order":3,"comment_status":"closed","ping_status":"closed","template":"","meta":{"_et_pb_use_builder":"on","_et_pb_old_content":"[su_row class=\"marginbottom\"]\r\n[su_column size=\"1\/3\"]\r\n<div class=\"box-150\">[su_box title=\"212 Clito-Kitzler Jil\" box_color=\"#e2007a\"]\r\n<a title=\"Klitoris Kitzler\" href=\"\/?page_id=2069\"><img class=\"aligncenter wp-image-1929\" src=\"https:\/\/inverma.co.il\/wp-content\/uploads\/klitoris-kitzler21290-e1428333109283.png\" alt=\"title=\" width=\"106\" height=\"140\" \/><\/a><\/div>\r\n[\/su_box]\r\n[\/su_column]\r\n[su_column size=\"1\/3\"]\r\n<div class=\"box-150\">[su_box title=\"22090 Wollust-Hopper\" box_color=\"#e2007a\"]\r\n<a title=\"Wollust-Hopper\" href=\"\/?page_id=2074\"><img class=\"aligncenter wp-image-1932\" src=\"https:\/\/inverma.co.il\/wp-content\/uploads\/wollust-hopper22090-e1428333052890.png\" alt=\"Wollust-Hopper\" width=\"88\" height=\"140\" \/><\/a><\/div>\r\n[\/su_box]\r\n[\/su_column]\r\n[su_column size=\"1\/3\"]\r\n<div class=\"box-150\">[su_box title=\"222 TRI-SEX-DOPPLER\" box_color=\"#e2007a\"]\r\n<a title=\"Tri-Sex-Doppler\" href=\"\/?page_id=2079\"><img class=\"aligncenter wp-image-1933\" src=\"https:\/\/inverma.co.il\/wp-content\/uploads\/tri-sex-doppler22290-e1428333037985.png\" alt=\"Tri-Sex-Doppler\" width=\"98\" height=\"140\" \/><\/a><\/div>\r\n[\/su_box]\r\n[\/su_column]\r\n[\/su_row]","_et_gb_content_width":""},"yoast_head":"<!-- This site is optimized with the Yoast SEO plugin v19.9 - https:\/\/yoast.com\/wordpress\/plugins\/seo\/ -->\n<title>Products for her and him - INVERMA<\/title>\n<meta name=\"description\" content=\"INVERMA &quot;Produkte f\u00fcr sie und ihn&quot; k\u00f6nnen f\u00fcr das Intimleben von Mann und Frau wunderbare Lustbereiter in der Partner-Beziehung sein.\" \/>\n<meta name=\"robots\" content=\"index, follow, max-snippet:-1, max-image-preview:large, max-video-preview:-1\" \/>\n<link rel=\"canonical\" href=\"https:\/\/inverma.co.il\/he\/products\/for-her-and-him\/\" \/>\n<meta property=\"og:locale\" content=\"he_IL\" \/>\n<meta property=\"og:type\" content=\"article\" \/>\n<meta property=\"og:title\" content=\"Products for her and him - INVERMA\" \/>\n<meta property=\"og:description\" content=\"INVERMA &quot;Produkte f\u00fcr sie und ihn&quot; k\u00f6nnen f\u00fcr das Intimleben von Mann und Frau wunderbare Lustbereiter in der Partner-Beziehung sein.\" \/>\n<meta property=\"og:url\" content=\"https:\/\/inverma.co.il\/he\/products\/for-her-and-him\/\" \/>\n<meta property=\"og:site_name\" content=\"INVERMA\" \/>\n<meta property=\"article:publisher\" content=\"https:\/\/www.facebook.com\/inverma.lange\" \/>\n<meta property=\"article:modified_time\" content=\"2019-10-23T10:49:43+00:00\" \/>\n<meta property=\"og:image\" content=\"https:\/\/inverma.co.il\/wp-content\/uploads\/slider6.jpg\" \/>\n\t<meta property=\"og:image:width\" content=\"340\" \/>\n\t<meta property=\"og:image:height\" content=\"240\" \/>\n\t<meta property=\"og:image:type\" content=\"image\/jpeg\" \/>\n<meta name=\"twitter:label1\" content=\"\u05d6\u05de\u05df \u05e7\u05e8\u05d9\u05d0\u05d4 \u05de\u05d5\u05e2\u05e8\u05da\" \/>\n\t<meta name=\"twitter:data1\" content=\"3 \u05d3\u05e7\u05d5\u05ea\" \/>\n<script type=\"application\/ld+json\" class=\"yoast-schema-graph\">{\"@context\":\"https:\/\/schema.org\",\"@graph\":[{\"@type\":\"WebPage\",\"@id\":\"https:\/\/inverma.co.il\/he\/products\/for-her-and-him\/\",\"url\":\"https:\/\/inverma.co.il\/he\/products\/for-her-and-him\/\",\"name\":\"Products for her and him - INVERMA\",\"isPartOf\":{\"@id\":\"https:\/\/inverma.co.il\/he\/#website\"},\"datePublished\":\"2017-10-25T14:01:57+00:00\",\"dateModified\":\"2019-10-23T10:49:43+00:00\",\"description\":\"INVERMA \\\"Produkte f\u00fcr sie und ihn\\\" k\u00f6nnen f\u00fcr das Intimleben von Mann und Frau wunderbare Lustbereiter in der Partner-Beziehung sein.\",\"breadcrumb\":{\"@id\":\"https:\/\/inverma.co.il\/he\/products\/for-her-and-him\/#breadcrumb\"},\"inLanguage\":\"he-IL\",\"potentialAction\":[{\"@type\":\"ReadAction\",\"target\":[\"https:\/\/inverma.co.il\/he\/products\/for-her-and-him\/\"]}]},{\"@type\":\"BreadcrumbList\",\"@id\":\"https:\/\/inverma.co.il\/he\/products\/for-her-and-him\/#breadcrumb\",\"itemListElement\":[{\"@type\":\"ListItem\",\"position\":1,\"name\":\"Home\",\"item\":\"https:\/\/inverma.co.il\/he\/\"},{\"@type\":\"ListItem\",\"position\":2,\"name\":\"Products\",\"item\":\"https:\/\/inverma.co.il\/he\/products\/\"},{\"@type\":\"ListItem\",\"position\":3,\"name\":\"Products for her and him\"}]},{\"@type\":\"WebSite\",\"@id\":\"https:\/\/inverma.co.il\/he\/#website\",\"url\":\"https:\/\/inverma.co.il\/he\/\",\"name\":\"INVERMA\",\"description\":\"Come in to the world of erotic and exotic\",\"publisher\":{\"@id\":\"https:\/\/inverma.co.il\/he\/#organization\"},\"potentialAction\":[{\"@type\":\"SearchAction\",\"target\":{\"@type\":\"EntryPoint\",\"urlTemplate\":\"https:\/\/inverma.co.il\/he\/?s={search_term_string}\"},\"query-input\":\"required name=search_term_string\"}],\"inLanguage\":\"he-IL\"},{\"@type\":\"Organization\",\"@id\":\"https:\/\/inverma.co.il\/he\/#organization\",\"name\":\"INVERMA Johannes Lange GmbH+Co KG\",\"url\":\"https:\/\/inverma.co.il\/he\/\",\"logo\":{\"@type\":\"ImageObject\",\"inLanguage\":\"he-IL\",\"@id\":\"https:\/\/inverma.co.il\/he\/#\/schema\/logo\/image\/\",\"url\":\"https:\/\/inverma.co.il\/wp-content\/uploads\/inverma_logo_neu-e1545358251143.png\",\"contentUrl\":\"https:\/\/inverma.co.il\/wp-content\/uploads\/inverma_logo_neu-e1545358251143.png\",\"width\":280,\"height\":74,\"caption\":\"INVERMA Johannes Lange GmbH+Co KG\"},\"image\":{\"@id\":\"https:\/\/inverma.co.il\/he\/#\/schema\/logo\/image\/\"},\"sameAs\":[\"https:\/\/www.facebook.com\/inverma.lange\"]}]}<\/script>\n<!-- \/ Yoast SEO plugin. -->","yoast_head_json":{"title":"Products for her and him - INVERMA","description":"INVERMA \"Produkte f\u00fcr sie und ihn\" k\u00f6nnen f\u00fcr das Intimleben von Mann und Frau wunderbare Lustbereiter in der Partner-Beziehung sein.","robots":{"index":"index","follow":"follow","max-snippet":"max-snippet:-1","max-image-preview":"max-image-preview:large","max-video-preview":"max-video-preview:-1"},"canonical":"https:\/\/inverma.co.il\/he\/products\/for-her-and-him\/","og_locale":"he_IL","og_type":"article","og_title":"Products for her and him - INVERMA","og_description":"INVERMA \"Produkte f\u00fcr sie und ihn\" k\u00f6nnen f\u00fcr das Intimleben von Mann und Frau wunderbare Lustbereiter in der Partner-Beziehung sein.","og_url":"https:\/\/inverma.co.il\/he\/products\/for-her-and-him\/","og_site_name":"INVERMA","article_publisher":"https:\/\/www.facebook.com\/inverma.lange","article_modified_time":"2019-10-23T10:49:43+00:00","og_image":[{"width":340,"height":240,"url":"https:\/\/inverma.co.il\/wp-content\/uploads\/slider6.jpg","type":"image\/jpeg"}],"twitter_misc":{"\u05d6\u05de\u05df \u05e7\u05e8\u05d9\u05d0\u05d4 \u05de\u05d5\u05e2\u05e8\u05da":"3 \u05d3\u05e7\u05d5\u05ea"},"schema":{"@context":"https:\/\/schema.org","@graph":[{"@type":"WebPage","@id":"https:\/\/inverma.co.il\/he\/products\/for-her-and-him\/","url":"https:\/\/inverma.co.il\/he\/products\/for-her-and-him\/","name":"Products for her and him - INVERMA","isPartOf":{"@id":"https:\/\/inverma.co.il\/he\/#website"},"datePublished":"2017-10-25T14:01:57+00:00","dateModified":"2019-10-23T10:49:43+00:00","description":"INVERMA \"Produkte f\u00fcr sie und ihn\" k\u00f6nnen f\u00fcr das Intimleben von Mann und Frau wunderbare Lustbereiter in der Partner-Beziehung sein.","breadcrumb":{"@id":"https:\/\/inverma.co.il\/he\/products\/for-her-and-him\/#breadcrumb"},"inLanguage":"he-IL","potentialAction":[{"@type":"ReadAction","target":["https:\/\/inverma.co.il\/he\/products\/for-her-and-him\/"]}]},{"@type":"BreadcrumbList","@id":"https:\/\/inverma.co.il\/he\/products\/for-her-and-him\/#breadcrumb","itemListElement":[{"@type":"ListItem","position":1,"name":"Home","item":"https:\/\/inverma.co.il\/he\/"},{"@type":"ListItem","position":2,"name":"Products","item":"https:\/\/inverma.co.il\/he\/products\/"},{"@type":"ListItem","position":3,"name":"Products for her and him"}]},{"@type":"WebSite","@id":"https:\/\/inverma.co.il\/he\/#website","url":"https:\/\/inverma.co.il\/he\/","name":"INVERMA","description":"Come in to the world of erotic and exotic","publisher":{"@id":"https:\/\/inverma.co.il\/he\/#organization"},"potentialAction":[{"@type":"SearchAction","target":{"@type":"EntryPoint","urlTemplate":"https:\/\/inverma.co.il\/he\/?s={search_term_string}"},"query-input":"required name=search_term_string"}],"inLanguage":"he-IL"},{"@type":"Organization","@id":"https:\/\/inverma.co.il\/he\/#organization","name":"INVERMA Johannes Lange GmbH+Co KG","url":"https:\/\/inverma.co.il\/he\/","logo":{"@type":"ImageObject","inLanguage":"he-IL","@id":"https:\/\/inverma.co.il\/he\/#\/schema\/logo\/image\/","url":"https:\/\/inverma.co.il\/wp-content\/uploads\/inverma_logo_neu-e1545358251143.png","contentUrl":"https:\/\/inverma.co.il\/wp-content\/uploads\/inverma_logo_neu-e1545358251143.png","width":280,"height":74,"caption":"INVERMA Johannes Lange GmbH+Co KG"},"image":{"@id":"https:\/\/inverma.co.il\/he\/#\/schema\/logo\/image\/"},"sameAs":["https:\/\/www.facebook.com\/inverma.lange"]}]}},"_links":{"self":[{"href":"https:\/\/inverma.co.il\/he\/wp-json\/wp\/v2\/pages\/6321"}],"collection":[{"href":"https:\/\/inverma.co.il\/he\/wp-json\/wp\/v2\/pages"}],"about":[{"href":"https:\/\/inverma.co.il\/he\/wp-json\/wp\/v2\/types\/page"}],"author":[{"embeddable":true,"href":"https:\/\/inverma.co.il\/he\/wp-json\/wp\/v2\/users\/8"}],"replies":[{"embeddable":true,"href":"https:\/\/inverma.co.il\/he\/wp-json\/wp\/v2\/comments?post=6321"}],"version-history":[{"count":0,"href":"https:\/\/inverma.co.il\/he\/wp-json\/wp\/v2\/pages\/6321\/revisions"}],"up":[{"embeddable":true,"href":"https:\/\/inverma.co.il\/he\/wp-json\/wp\/v2\/pages\/6248"}],"wp:featuredmedia":[{"embeddable":true,"href":"https:\/\/inverma.co.il\/he\/wp-json\/wp\/v2\/media\/7150"}],"wp:attachment":[{"href":"https:\/\/inverma.co.il\/he\/wp-json\/wp\/v2\/media?parent=6321"}],"curies":[{"name":"wp","href":"https:\/\/api.w.org\/{rel}","templated":true}]}}