{"id":6278,"date":"2017-10-25T15:33:46","date_gmt":"2017-10-25T13:33:46","guid":{"rendered":"https:\/\/inverma.co.il\/?page_id=6278"},"modified":"2019-11-21T11:34:12","modified_gmt":"2019-11-21T10:34:12","slug":"infos","status":"publish","type":"page","link":"https:\/\/inverma.co.il\/he\/infos\/","title":{"rendered":"Infos"},"content":{"rendered":"[et_pb_section bb_built=&quot;1&quot; specialty=&quot;off&quot; _builder_version=&quot;3.22.4&quot; custom_padding=&quot;0px|||&quot; z_index_tablet=&quot;500&quot;][et_pb_row _builder_version=&quot;3.22.4&quot; custom_padding=&quot;0px||0px|&quot; z_index_tablet=&quot;500&quot;][et_pb_column type=&quot;4_4&quot;][et_pb_post_title _builder_version=&quot;3.22.4&quot; meta=&quot;off&quot; featured_image=&quot;off&quot; text_shadow_horizontal_length=&quot;text_shadow_style,%91object Object%93&quot; text_shadow_vertical_length=&quot;text_shadow_style,%91object Object%93&quot; text_shadow_blur_strength=&quot;text_shadow_style,%91object Object%93&quot; title_text_shadow_horizontal_length=&quot;title_text_shadow_style,%91object Object%93&quot; title_text_shadow_vertical_length=&quot;title_text_shadow_style,%91object Object%93&quot; title_text_shadow_blur_strength=&quot;title_text_shadow_style,%91object Object%93&quot; meta_text_shadow_horizontal_length=&quot;meta_text_shadow_style,%91object Object%93&quot; meta_text_shadow_vertical_length=&quot;meta_text_shadow_style,%91object Object%93&quot; meta_text_shadow_blur_strength=&quot;meta_text_shadow_style,%91object Object%93&quot; z_index_tablet=&quot;500&quot; \/][\/et_pb_column][\/et_pb_row][et_pb_row _builder_version=&quot;3.22.4&quot; background_color_1=&quot;#ffffff&quot; background_color_2=&quot;#ffffff&quot; background_color_3=&quot;#ffffff&quot; make_equal=&quot;on&quot; module_alignment=&quot;center&quot; z_index_tablet=&quot;500&quot; background_color=&quot;#ffffff&quot; box_shadow_style=&quot;preset3&quot; padding_right_2=&quot;5%&quot; padding_left_2=&quot;0px&quot; padding_bottom_2=&quot;0px&quot; padding_top_2=&quot;5%&quot; custom_margin=&quot;0px|||&quot; padding_right_1=&quot;5%&quot; padding_left_1=&quot;5%&quot;][et_pb_column type=&quot;4_4&quot;][et_pb_toggle admin_label=&quot;INVERMA INTIM-WELLNESS&quot; _builder_version=&quot;3.22.4&quot; title=&quot;INVERMA INTIMATE WELLNESS&quot; text_shadow_horizontal_length=&quot;text_shadow_style,%91object Object%93&quot; text_shadow_vertical_length=&quot;text_shadow_style,%91object Object%93&quot; text_shadow_blur_strength=&quot;text_shadow_style,%91object Object%93&quot; title_text_shadow_horizontal_length=&quot;title_text_shadow_style,%91object Object%93&quot; title_text_shadow_vertical_length=&quot;title_text_shadow_style,%91object Object%93&quot; title_text_shadow_blur_strength=&quot;title_text_shadow_style,%91object Object%93&quot; body_text_shadow_horizontal_length=&quot;body_text_shadow_style,%91object Object%93&quot; body_text_shadow_vertical_length=&quot;body_text_shadow_style,%91object Object%93&quot; body_text_shadow_blur_strength=&quot;body_text_shadow_style,%91object Object%93&quot; z_index_tablet=&quot;500&quot; module_id=&quot;intimwellness&quot;]\n<p><img decoding=\"async\" loading=\"lazy\" class=\"alignright wp-image-6989\" src=\"https:\/\/inverma.co.il\/wp-content\/uploads\/frust-lust.jpg\" alt=\"\" width=\"600\" height=\"494\" \/><\/p>\n<h3>TAKE A FEW MINUTES TIME AND DISCOVER THE SECRET OF YOUR PERSONAL INTIMATE WELLNESS!<\/h3>\n<p>Become aware of the importance of a clean intimate\u00a0area and take care towards it. It plays a central role in many moments and often affects your general well-being. The hygiene in the genital area includes not only the simple cleaning or treating of medical problems. Instead, the care of your genital area is today much comprehensive. You will be surprised how much undiscovered energy you can discover with our\u00a0I<strong>NVERMA-INTIMATE-WELLNESS<\/strong>\u00a0products in it.<\/p>\n<p>Whether consciously or unconsciously \u2013 our private parts every day affect us decisive. They are\u00a0one of the most important areas of our body, a complex interplay of body and mind. Whether man or woman, our intimate zone\u00a0is one of the centers and determines the peak of physical health and well-being in many dimensions and strengthens also the individual sexual self-confidence.<\/p>\n<h5>UNSERE <strong>INVERMA-INTIM-WELLNESS<\/strong> PRODUKTE K\u00d6NNEN SIE HIERBEI VIELFACH UNTERST\u00dcTZEN.<\/h5>\n<p>Wellbeing through targeted cleaning\u00a0<strong>(CLEAN)<\/strong>\u00a0and holistic care\u00a0<strong>(CARE)<\/strong>\u00a0of the genital area has an immediate impact on the sense of attractiveness, charisma and erotic in your\u00a0own and even the eyes of the partner. The connection between our erotic attractiveness\u00a0<strong>(BEAUTY)<\/strong>\u00a0and our sexual wellbeing\u00a0<strong>(PLEASURE)<\/strong>\u00a0is self-evident.<\/p>\n<p>Since\u00a0this identification has become stronger, the cleaning and care of your genital area has strongly gained in importance. The intimate hygiene evolved from a conservative taboo subject to a daily major need.<br \/>\nWe call this concept of hygiene and care of the genital area on the one hand and the possibility of sex-appeal thus increased and sexual satisfaction\u00a0on the other side\u00a0<strong>INVERMA-INTIMATE-WELLNESS<\/strong>.<\/p>\n<h4>INVERMA INTIMATE COSMETICS ARE FOCUSSED ON THE DIFFERENT NEEDS OF THE INTIMATE AREA OF MAN AND WOMAN.<\/h4>\n<h3>INVERMA \u2013 PLEASING CARE THAT WILL INDULGE YOURSELF.<\/h3>\n[\/et_pb_toggle][et_pb_toggle admin_label=&quot;INVERMA COME IN-DISPLAY&quot; _builder_version=&quot;3.22.4&quot; title=&quot;INVERMA COME IN-DISPLAY&quot; text_shadow_horizontal_length=&quot;text_shadow_style,%91object Object%93&quot; text_shadow_vertical_length=&quot;text_shadow_style,%91object Object%93&quot; text_shadow_blur_strength=&quot;text_shadow_style,%91object Object%93&quot; title_text_shadow_horizontal_length=&quot;title_text_shadow_style,%91object Object%93&quot; title_text_shadow_vertical_length=&quot;title_text_shadow_style,%91object Object%93&quot; title_text_shadow_blur_strength=&quot;title_text_shadow_style,%91object Object%93&quot; body_text_shadow_horizontal_length=&quot;body_text_shadow_style,%91object Object%93&quot; body_text_shadow_vertical_length=&quot;body_text_shadow_style,%91object Object%93&quot; body_text_shadow_blur_strength=&quot;body_text_shadow_style,%91object Object%93&quot; z_index_tablet=&quot;500&quot;]\n<h3>INVERMA PR\u00c4SENTIERT SEIN NEUES INVERMA COME IN-DISPLAY<\/h3>\n<p><img decoding=\"async\" loading=\"lazy\" class=\"alignright wp-image-7463\" src=\"https:\/\/inverma.co.il\/wp-content\/uploads\/Come-in-Display.jpg\" alt=\"POS Display\" width=\"240\" height=\"309\" \/>Mit unserem neuen INVERMA COME IN-Display erm\u00f6glicht INVERMA dem station\u00e4ren Einzelhandel am Point of Sale an der Kasse oder im Verkaufsregal das bekannte INVERMA Gleitgel und Gleit\u00f6l COME IN zu pr\u00e4sentieren. Das Display ist ausgestattet mit je einem Exemplar des wasserbasierten\u00a0<a href=\"https:\/\/inverma.co.il\/he\/products\/products-for-her\/come-in-glide-gel-with-aloe-vera\/\">COME IN mit Aloe Vera-Gleitgels<\/a>\u00a0in den Gr\u00f6\u00dfen 50 ml, 100 ml und 200 ml, dem\u00a0<a href=\"https:\/\/inverma.co.il\/he\/products\/products-for-her\/come-in-gleit-oel-silicone\/\">COME IN silicone Gleit-\u00d6l<\/a>\u00a0(75 ml) und 25 INVERMA-Info-Flyern.<br \/>\nSomit erregen nicht nur die Verpackungen an sich Aufmerksamkeit. Zus\u00e4tzlich wird mit dem INVERMA COME IN-Display eine Plattform geschaffen, die die Produkte gekonnt in den Vordergrund r\u00fcckt. Sie gewinnen das Interesse Ihrer Kunden und k\u00f6nnen Ihren Umsatz mit unseren preis- und leistungsstarken INVERMA COME IN Produkten steigern. Ein weiterer Vorteil ergibt sich aus der Tatsache, dass wir Ihnen mit dem Display auch noch weiteres Werbematerial in Form von INVERMA-Info-Flyern zur Verf\u00fcgung stellen. So k\u00f6nnen Ihre Kunden sich gezielt auf Ihren n\u00e4chsten Besuch vorbereiten.<\/p>\n<p>Wiederverk\u00e4ufer k\u00f6nnen das INVERMA COME IN-Display zu sehr attraktiven Konditionen bei Ihrem Grossh\u00e4ndler oder bei INVERMA direkt beziehen.<\/p>\n<h5>UND WAS SIND DIE VORTEILE VOM INVERMA COME IN-DISPLAY F\u00dcR MANN UND FRAU?<\/h5>\n<p>Sie erhalten einen schnellen \u00dcberblick \u00fcber unser Gleitgel und Gleit-\u00d6l. Beide Produkte sind sehr gut geeignet um z.B. bei mangelnder Scheidenfeuchtigkeit trotzdem den Sex mit dem Partner in h\u00f6herem Ma\u00df geniessen zu k\u00f6nnen. Mit ihrer Hilfe kann Sie oder Er beim Geschlechtsverkehr oder bei der Verwendung von verschiedenen Sexspielzeugen auch mehr Lust erleben.<\/p>\n<p>Erreichen auch Sie mehr Befriedigung in Ihrer Sexualit\u00e4t und profitieren auch Sie von unserem<a href=\"https:\/\/inverma.co.il\/he\/infos\/#intimwellness\"><strong>\u00a0INVERMA-INTIM-WELLNESS-Konzept<\/strong>.<\/a><\/p>\n[\/et_pb_toggle][et_pb_toggle admin_label=&quot;NEUES VON INVERMA&quot; _builder_version=&quot;3.22.4&quot; title=&quot;NEWS FROM INVERMA&quot; text_shadow_horizontal_length=&quot;text_shadow_style,%91object Object%93&quot; text_shadow_vertical_length=&quot;text_shadow_style,%91object Object%93&quot; text_shadow_blur_strength=&quot;text_shadow_style,%91object Object%93&quot; title_text_shadow_horizontal_length=&quot;title_text_shadow_style,%91object Object%93&quot; title_text_shadow_vertical_length=&quot;title_text_shadow_style,%91object Object%93&quot; title_text_shadow_blur_strength=&quot;title_text_shadow_style,%91object Object%93&quot; body_text_shadow_horizontal_length=&quot;body_text_shadow_style,%91object Object%93&quot; body_text_shadow_vertical_length=&quot;body_text_shadow_style,%91object Object%93&quot; body_text_shadow_blur_strength=&quot;body_text_shadow_style,%91object Object%93&quot; z_index_tablet=&quot;500&quot; module_id=&quot;comein&quot;]\n<p><iframe loading=\"lazy\" src=\"https:\/\/www.youtube.com\/embed\/cntShkTEZwU\" width=\"500\" height=\"281\" frameborder=\"0\" allowfullscreen=\"allowfullscreen\"><\/iframe><\/p>\n<h3>INVERMA KEEPS ON GROWING \u2013<br \/>\nCOME IN GLIDE-GEL WITH ALOE VERA NOW AVAILABLE IN 50 ML AND 200 ML<\/h3>\n<p>Our well established lubricant Come in Glide-Gel with Aloe Vera is now available in two new sizes. Additionally to the 100 ml tube we now offer the sizes 50 ml and 200 ml. Therefore every customer can find the appropriate tube size he needs.<\/p>\n<p>Whether for your handbag in the evening, the toiletry bag during your holiday trip or an exstatic night at home \u2013 you can choose the size which fits best for your erotic and exotic moments of love \u2013 whenever and wherever you and your partner feel the desire of love and passion.<\/p>\n<p>Also suitable for use with a vibrator, dildo or other toys. Due to Aloe Vera very caring and supporting your personal intimate wellness.<\/p>\n[\/et_pb_toggle][\/et_pb_column][\/et_pb_row][\/et_pb_section]\n","protected":false},"excerpt":{"rendered":"<p>TAKE A FEW MINUTES TIME AND DISCOVER THE SECRET OF YOUR PERSONAL INTIMATE WELLNESS! Become aware of the importance of a clean intimate\u00a0area and take care towards it. It plays a central role in many moments and often affects your general well-being. The hygiene in the genital area includes not only the simple cleaning or [&hellip;]<\/p>\n","protected":false},"author":9,"featured_media":7023,"parent":0,"menu_order":11,"comment_status":"closed","ping_status":"closed","template":"","meta":{"_et_pb_use_builder":"on","_et_pb_old_content":"<h3>Nehmen Sie sich ein paar Minuten Zeit und L\u00fcften Sie das Geheimnis<br \/>ihrer pers\u00f6nlichen INVERMA-INTIM-WELLNESS!<\/h3><p style=\"text-align: justify;\">Werden Sie sich der Wichtigkeit eines gepflegten Intimbereichs bewusst und tragen Sie ihm Sorge gegen\u00fcber. Er spielt in vielen Momenten eine zentrale Rolle und beeinflusst dabei h\u00e4ufig Ihr generelles Wohlbefinden. Die Hygiene im Intimbereich umfasst nicht nur die einfache Reinigung oder Behandlung medizinischer Probleme. Vielmehr ist die Pflege des Intimbereichs heute viel umfassender. Sie werden \u00fcberrascht sein, wie viel unentdeckte Energie Sie mit unseren <strong><a href=\"\/?page_id=18\">INVERMA-INTIM-WELLNESS<\/a><\/strong> Produkten darin entdecken k\u00f6nnen.<\/p><p style=\"text-align: justify;\">Ob bewusst oder unbewusst - unser Intimbereich beeinflusst uns t\u00e4glich in entscheidendem Ausma\u00df. Er ist eine der wichtigsten Zonen unseres K\u00f6rpers, ein komplexes Zusammenspiel von K\u00f6rper und Geist.<br \/>Egal, ob Mann oder Frau, unsere Intimzone bestimmt in vielen Dimensionen das Zentrum und den H\u00f6hepunkt des k\u00f6rperlichen Wohlbefindens und st\u00e4rkt somit auch das individuelle sexuelle Selbstbewusstsein.<\/p><h5>Unsere <a href=\"\/?page_id=18\"><strong>INVERMA-INTIM-WELLNESS<\/strong><\/a> Produkte k\u00f6nnen Sie hierbei vielfach unterst\u00fctzen.<\/h5><p><img class=\"size-full wp-image-4109 aligncenter\" src=\"https:\/\/inverma.co.il\/wp-content\/uploads\/frust-lust.jpg\" alt=\"Frust und Lust\" width=\"1519\" height=\"1251\" \/><\/p><p style=\"text-align: justify;\">Wohlbehagen durch gezielte Reinigung <strong>(CLEAN)<\/strong> und ganzheitliche Pflege <strong>(CARE)<\/strong> des Intimbereiches hat eine unmittelbare Auswirkung auf das Gef\u00fchl von Attraktivit\u00e4t, Ausstrahlung und Erotik in den eigenen und auch den Augen des Partners. Der Zusammenhang zwischen unserer erotischen Attraktivit\u00e4t <strong>(BEAUTY)<\/strong> und unserem sexuellen Wohlf\u00fchlen <strong>(PLEASURE)<\/strong> versteht sich von selbst.<br \/>Im Rahmen dieser st\u00e4rker gewordenen Identifikation hat die Reinigung und Pflege des Intimbereichs stark an Bedeutung gewonnen. Die Intimhygiene entwickelt sich immer mehr von einem biederen Tabuthema zu einer t\u00e4glich wichtigen Notwendigkeit und kann den entscheidenden Unterschied zwischen Lust oder Frust in Ihrer pers\u00f6nlichen und der gemeinsamen Sexualit\u00e4t bewirken.<br \/>Dieses Konzept von Hygiene und Pflege des Intimbereiches auf der einen Seite und der M\u00f6glichkeit einer damit gesteigerten Attraktivit\u00e4t und Befriedigung bei der Sexualit\u00e4t auf der anderen Seite bezeichnen wir als<strong>\u00a0<a href=\"\/?page_id=18\">INVERMA-INTIM-WELLNESS<\/a><\/strong>.<\/p><h4 style=\"text-align: left;\">INVERMA INTIM COSMETICS sind genau auf die verschiedenen Bed\u00fcrfnisse des Intimbereiches beim Mann und Frau abgestimmt.<\/h4><h3 style=\"text-align: left;\">INVERMA - genussvolle Pflege mit Verw\u00f6hncharakter.<\/h3>","_et_gb_content_width":""},"yoast_head":"<!-- This site is optimized with the Yoast SEO plugin v19.9 - https:\/\/yoast.com\/wordpress\/plugins\/seo\/ -->\n<title>INVERMA-INTIMATE-WELLNESS<\/title>\n<meta name=\"description\" content=\"TAKE A FEW MINUTES TIME AND DISCOVER THE SECRET OF YOUR PERSONAL INTIMATE WELLNESS!\" \/>\n<meta name=\"robots\" content=\"index, follow, max-snippet:-1, max-image-preview:large, max-video-preview:-1\" \/>\n<link rel=\"canonical\" href=\"https:\/\/inverma.co.il\/he\/infos\/\" \/>\n<meta property=\"og:locale\" content=\"he_IL\" \/>\n<meta property=\"og:type\" content=\"article\" \/>\n<meta property=\"og:title\" content=\"INVERMA-INTIMATE-WELLNESS\" \/>\n<meta property=\"og:description\" content=\"TAKE A FEW MINUTES TIME AND DISCOVER THE SECRET OF YOUR PERSONAL INTIMATE WELLNESS!\" \/>\n<meta property=\"og:url\" content=\"https:\/\/inverma.co.il\/he\/infos\/\" \/>\n<meta property=\"og:site_name\" content=\"INVERMA\" \/>\n<meta property=\"article:publisher\" content=\"https:\/\/www.facebook.com\/inverma.lange\" \/>\n<meta property=\"article:modified_time\" content=\"2019-11-21T10:34:12+00:00\" \/>\n<meta property=\"og:image\" content=\"https:\/\/inverma.co.il\/wp-content\/uploads\/INTIM-WELLNESS-Largo-Amorelie-lang-2017-08-10_2-2.png\" \/>\n\t<meta property=\"og:image:width\" content=\"250\" \/>\n\t<meta property=\"og:image:height\" content=\"180\" \/>\n\t<meta property=\"og:image:type\" content=\"image\/png\" \/>\n<meta name=\"twitter:label1\" content=\"\u05d6\u05de\u05df \u05e7\u05e8\u05d9\u05d0\u05d4 \u05de\u05d5\u05e2\u05e8\u05da\" \/>\n\t<meta name=\"twitter:data1\" content=\"6 \u05d3\u05e7\u05d5\u05ea\" \/>\n<script type=\"application\/ld+json\" class=\"yoast-schema-graph\">{\"@context\":\"https:\/\/schema.org\",\"@graph\":[{\"@type\":\"WebPage\",\"@id\":\"https:\/\/inverma.co.il\/he\/infos\/\",\"url\":\"https:\/\/inverma.co.il\/he\/infos\/\",\"name\":\"INVERMA-INTIMATE-WELLNESS\",\"isPartOf\":{\"@id\":\"https:\/\/inverma.co.il\/he\/#website\"},\"datePublished\":\"2017-10-25T13:33:46+00:00\",\"dateModified\":\"2019-11-21T10:34:12+00:00\",\"description\":\"TAKE A FEW MINUTES TIME AND DISCOVER THE SECRET OF YOUR PERSONAL INTIMATE WELLNESS!\",\"breadcrumb\":{\"@id\":\"https:\/\/inverma.co.il\/he\/infos\/#breadcrumb\"},\"inLanguage\":\"he-IL\",\"potentialAction\":[{\"@type\":\"ReadAction\",\"target\":[\"https:\/\/inverma.co.il\/he\/infos\/\"]}]},{\"@type\":\"BreadcrumbList\",\"@id\":\"https:\/\/inverma.co.il\/he\/infos\/#breadcrumb\",\"itemListElement\":[{\"@type\":\"ListItem\",\"position\":1,\"name\":\"Home\",\"item\":\"https:\/\/inverma.co.il\/he\/\"},{\"@type\":\"ListItem\",\"position\":2,\"name\":\"Infos\"}]},{\"@type\":\"WebSite\",\"@id\":\"https:\/\/inverma.co.il\/he\/#website\",\"url\":\"https:\/\/inverma.co.il\/he\/\",\"name\":\"INVERMA\",\"description\":\"Come in to the world of erotic and exotic\",\"publisher\":{\"@id\":\"https:\/\/inverma.co.il\/he\/#organization\"},\"potentialAction\":[{\"@type\":\"SearchAction\",\"target\":{\"@type\":\"EntryPoint\",\"urlTemplate\":\"https:\/\/inverma.co.il\/he\/?s={search_term_string}\"},\"query-input\":\"required name=search_term_string\"}],\"inLanguage\":\"he-IL\"},{\"@type\":\"Organization\",\"@id\":\"https:\/\/inverma.co.il\/he\/#organization\",\"name\":\"INVERMA Johannes Lange GmbH+Co KG\",\"url\":\"https:\/\/inverma.co.il\/he\/\",\"logo\":{\"@type\":\"ImageObject\",\"inLanguage\":\"he-IL\",\"@id\":\"https:\/\/inverma.co.il\/he\/#\/schema\/logo\/image\/\",\"url\":\"https:\/\/inverma.co.il\/wp-content\/uploads\/inverma_logo_neu-e1545358251143.png\",\"contentUrl\":\"https:\/\/inverma.co.il\/wp-content\/uploads\/inverma_logo_neu-e1545358251143.png\",\"width\":280,\"height\":74,\"caption\":\"INVERMA Johannes Lange GmbH+Co KG\"},\"image\":{\"@id\":\"https:\/\/inverma.co.il\/he\/#\/schema\/logo\/image\/\"},\"sameAs\":[\"https:\/\/www.facebook.com\/inverma.lange\"]}]}<\/script>\n<!-- \/ Yoast SEO plugin. -->","yoast_head_json":{"title":"INVERMA-INTIMATE-WELLNESS","description":"TAKE A FEW MINUTES TIME AND DISCOVER THE SECRET OF YOUR PERSONAL INTIMATE WELLNESS!","robots":{"index":"index","follow":"follow","max-snippet":"max-snippet:-1","max-image-preview":"max-image-preview:large","max-video-preview":"max-video-preview:-1"},"canonical":"https:\/\/inverma.co.il\/he\/infos\/","og_locale":"he_IL","og_type":"article","og_title":"INVERMA-INTIMATE-WELLNESS","og_description":"TAKE A FEW MINUTES TIME AND DISCOVER THE SECRET OF YOUR PERSONAL INTIMATE WELLNESS!","og_url":"https:\/\/inverma.co.il\/he\/infos\/","og_site_name":"INVERMA","article_publisher":"https:\/\/www.facebook.com\/inverma.lange","article_modified_time":"2019-11-21T10:34:12+00:00","og_image":[{"width":250,"height":180,"url":"https:\/\/inverma.co.il\/wp-content\/uploads\/INTIM-WELLNESS-Largo-Amorelie-lang-2017-08-10_2-2.png","type":"image\/png"}],"twitter_misc":{"\u05d6\u05de\u05df \u05e7\u05e8\u05d9\u05d0\u05d4 \u05de\u05d5\u05e2\u05e8\u05da":"6 \u05d3\u05e7\u05d5\u05ea"},"schema":{"@context":"https:\/\/schema.org","@graph":[{"@type":"WebPage","@id":"https:\/\/inverma.co.il\/he\/infos\/","url":"https:\/\/inverma.co.il\/he\/infos\/","name":"INVERMA-INTIMATE-WELLNESS","isPartOf":{"@id":"https:\/\/inverma.co.il\/he\/#website"},"datePublished":"2017-10-25T13:33:46+00:00","dateModified":"2019-11-21T10:34:12+00:00","description":"TAKE A FEW MINUTES TIME AND DISCOVER THE SECRET OF YOUR PERSONAL INTIMATE WELLNESS!","breadcrumb":{"@id":"https:\/\/inverma.co.il\/he\/infos\/#breadcrumb"},"inLanguage":"he-IL","potentialAction":[{"@type":"ReadAction","target":["https:\/\/inverma.co.il\/he\/infos\/"]}]},{"@type":"BreadcrumbList","@id":"https:\/\/inverma.co.il\/he\/infos\/#breadcrumb","itemListElement":[{"@type":"ListItem","position":1,"name":"Home","item":"https:\/\/inverma.co.il\/he\/"},{"@type":"ListItem","position":2,"name":"Infos"}]},{"@type":"WebSite","@id":"https:\/\/inverma.co.il\/he\/#website","url":"https:\/\/inverma.co.il\/he\/","name":"INVERMA","description":"Come in to the world of erotic and exotic","publisher":{"@id":"https:\/\/inverma.co.il\/he\/#organization"},"potentialAction":[{"@type":"SearchAction","target":{"@type":"EntryPoint","urlTemplate":"https:\/\/inverma.co.il\/he\/?s={search_term_string}"},"query-input":"required name=search_term_string"}],"inLanguage":"he-IL"},{"@type":"Organization","@id":"https:\/\/inverma.co.il\/he\/#organization","name":"INVERMA Johannes Lange GmbH+Co KG","url":"https:\/\/inverma.co.il\/he\/","logo":{"@type":"ImageObject","inLanguage":"he-IL","@id":"https:\/\/inverma.co.il\/he\/#\/schema\/logo\/image\/","url":"https:\/\/inverma.co.il\/wp-content\/uploads\/inverma_logo_neu-e1545358251143.png","contentUrl":"https:\/\/inverma.co.il\/wp-content\/uploads\/inverma_logo_neu-e1545358251143.png","width":280,"height":74,"caption":"INVERMA Johannes Lange GmbH+Co KG"},"image":{"@id":"https:\/\/inverma.co.il\/he\/#\/schema\/logo\/image\/"},"sameAs":["https:\/\/www.facebook.com\/inverma.lange"]}]}},"_links":{"self":[{"href":"https:\/\/inverma.co.il\/he\/wp-json\/wp\/v2\/pages\/6278"}],"collection":[{"href":"https:\/\/inverma.co.il\/he\/wp-json\/wp\/v2\/pages"}],"about":[{"href":"https:\/\/inverma.co.il\/he\/wp-json\/wp\/v2\/types\/page"}],"author":[{"embeddable":true,"href":"https:\/\/inverma.co.il\/he\/wp-json\/wp\/v2\/users\/9"}],"replies":[{"embeddable":true,"href":"https:\/\/inverma.co.il\/he\/wp-json\/wp\/v2\/comments?post=6278"}],"version-history":[{"count":0,"href":"https:\/\/inverma.co.il\/he\/wp-json\/wp\/v2\/pages\/6278\/revisions"}],"wp:featuredmedia":[{"embeddable":true,"href":"https:\/\/inverma.co.il\/he\/wp-json\/wp\/v2\/media\/7023"}],"wp:attachment":[{"href":"https:\/\/inverma.co.il\/he\/wp-json\/wp\/v2\/media?parent=6278"}],"curies":[{"name":"wp","href":"https:\/\/api.w.org\/{rel}","templated":true}]}}