{"id":5358,"date":"2017-10-09T14:41:21","date_gmt":"2017-10-09T12:41:21","guid":{"rendered":"https:\/\/inverma.co.il\/?page_id=5358"},"modified":"2022-01-04T18:10:47","modified_gmt":"2022-01-04T17:10:47","slug":"inverma-your-partner-for-love","status":"publish","type":"page","link":"https:\/\/inverma.co.il\/he\/","title":{"rendered":"INVERMA &#8211; your partner for love"},"content":{"rendered":"[et_pb_section fb_built=&quot;1&quot; fullwidth=&quot;on&quot; _builder_version=&quot;3.22.4&quot; global_colors_info=&quot;{}&quot;][et_pb_fullwidth_code admin_label=&quot;Header SmartSlider&quot; _builder_version=&quot;3.22.4&quot; z_index_tablet=&quot;500&quot; global_colors_info=&quot;{}&quot;][\/et_pb_fullwidth_code][\/et_pb_section][et_pb_section fb_built=&quot;1&quot; _builder_version=&quot;3.22.3&quot; global_colors_info=&quot;{}&quot;][et_pb_row _builder_version=&quot;4.11.3&quot; width=&quot;100%&quot; module_alignment=&quot;center&quot; custom_margin=&quot;||0px||false|false&quot; custom_margin_tablet=&quot;&quot; custom_margin_phone=&quot;&quot; custom_margin_last_edited=&quot;on|phone&quot; custom_padding=&quot;0px|0px|0px|0px|false|false&quot; z_index_tablet=&quot;500&quot; locked=&quot;off&quot; global_colors_info=&quot;{}&quot;][et_pb_column type=&quot;4_4&quot; module_class=&quot;box-shadow&quot; _builder_version=&quot;3.25&quot; background_color=&quot;#ffffff&quot; custom_padding=&quot;|||&quot; global_colors_info=&quot;{}&quot; custom_padding__hover=&quot;|||&quot;][et_pb_code disabled_on=&quot;off|off|on&quot; admin_label=&quot;Language Code only mobile&quot; module_class=&quot;switcher-shortcode&quot; _builder_version=&quot;4.11.3&quot; _module_preset=&quot;default&quot; custom_margin=&quot;||||false|false&quot; custom_margin_tablet=&quot;&quot; custom_margin_phone=&quot;&quot; custom_margin_last_edited=&quot;on|desktop&quot; custom_padding=&quot;||||false|false&quot; global_colors_info=&quot;{}&quot;]<span><a href=\"https:\/\/inverma.co.il\/he\/\"><img decoding=\"async\" src=\"https:\/\/inverma.co.il\/wp-content\/plugins\/sitepress-multilingual-cms\/res\/flags\/he.png\" alt=\"\" \/> <\/a><\/span> <span><a href=\"https:\/\/inverma.co.il\"><img decoding=\"async\" src=\"https:\/\/inverma.co.il\/wp-content\/uploads\/flags\/flag-en.png\" alt=\"\" \/> <\/a><\/span> <span><a href=\"https:\/\/inverma.co.il\/ru\/\"><img decoding=\"async\" src=\"https:\/\/inverma.co.il\/wp-content\/uploads\/flags\/flag-ru.png\" alt=\"\" \/> <\/a><\/span> [\/et_pb_code][\/et_pb_column][\/et_pb_row][et_pb_row column_structure=&quot;1_3,1_3,1_3&quot; make_equal=&quot;on&quot; _builder_version=&quot;3.25&quot; z_index_tablet=&quot;500&quot; global_colors_info=&quot;{}&quot;][et_pb_column type=&quot;1_3&quot; module_class=&quot;box-shadow&quot; _builder_version=&quot;3.25&quot; background_color=&quot;#ffffff&quot; custom_padding=&quot;|||&quot; global_colors_info=&quot;{}&quot; custom_padding__hover=&quot;|||&quot;][et_pb_text admin_label=&quot;Text&quot; _builder_version=&quot;4.6.5&quot; custom_padding=&quot;5%|5%|5%|5%&quot; link_option_url=&quot;https:\/\/inverma.co.il\/en\/products\/&quot; z_index_tablet=&quot;500&quot; global_colors_info=&quot;{}&quot;]<a href=\"https:\/\/inverma.co.il\/products\/\"><img decoding=\"async\" loading=\"lazy\" class=\"aligncenter\" src=\"https:\/\/inverma.co.il\/wp-content\/uploads\/HomeButtonProdukte-2020-10-20.png\" alt=\"\" width=\"250\" height=\"180\" \/><\/a><\/p>\n<h2 style=\"text-align: center;\">PRODUCTS<\/h2>\n<p style=\"text-align: center;\">Rediscover your passion<\/p>\n[\/et_pb_text][\/et_pb_column][et_pb_column type=&quot;1_3&quot; module_class=&quot;box-shadow&quot; _builder_version=&quot;3.25&quot; background_color=&quot;#ffffff&quot; custom_padding=&quot;|||&quot; global_colors_info=&quot;{}&quot; custom_padding__hover=&quot;|||&quot;][et_pb_text _builder_version=&quot;4.14.2&quot; custom_padding=&quot;5%|5%|5%|5%&quot; link_option_url=&quot;https:\/\/inverma.co.il\/en\/products\/&quot; hover_enabled=&quot;0&quot; z_index_tablet=&quot;500&quot; global_colors_info=&quot;{}&quot; sticky_enabled=&quot;0&quot;]<a href=\"https:\/\/inverma.co.il\/he\/inverma-effective-sexual-products\/\"><img decoding=\"async\" loading=\"lazy\" class=\"aligncenter\" src=\"https:\/\/inverma.co.il\/wp-content\/uploads\/70JahreButton.png\" alt=\"\" width=\"250\" height=\"180\" \/><\/a><\/p>\n<h2 style=\"text-align: center;\">INVERMA<\/h2>\n<p style=\"text-align: center;\">\u00abMade in Germany\u00bb since<br \/>\nmore than 71 years<\/p>\n[\/et_pb_text][\/et_pb_column][et_pb_column type=&quot;1_3&quot; module_class=&quot;box-shadow&quot; _builder_version=&quot;3.25&quot; background_color=&quot;#ffffff&quot; custom_padding=&quot;|||&quot; global_colors_info=&quot;{}&quot; custom_padding__hover=&quot;|||&quot;][et_pb_text _builder_version=&quot;4.2.2&quot; custom_padding=&quot;5%|5%|5%|5%&quot; link_option_url=&quot;https:\/\/inverma.co.il\/en\/infos\/inverma-intimate-wellness\/&quot; z_index_tablet=&quot;500&quot; global_colors_info=&quot;{}&quot;]<a href=\"https:\/\/inverma.co.il\/he\/infos\/inverma-intimate-wellness\/\"><img decoding=\"async\" loading=\"lazy\" class=\"aligncenter\" src=\"https:\/\/inverma.co.il\/wp-content\/uploads\/INTIM-WELLNESS-Largo-Amorelie-lang-2017-08-10_2-2.png\" alt=\"\" width=\"250\" height=\"180\" \/><\/a><\/p>\n<h2 style=\"text-align: center;\">INFOS<\/h2>\n<p style=\"text-align: center;\">The secret of your<br \/>\nIntimate Wellness<\/p>\n[\/et_pb_text][\/et_pb_column][\/et_pb_row][et_pb_row column_structure=&quot;1_3,1_3,1_3&quot; make_equal=&quot;on&quot; _builder_version=&quot;3.25&quot; z_index_tablet=&quot;500&quot; global_colors_info=&quot;{}&quot;][et_pb_column type=&quot;1_3&quot; module_class=&quot;box-shadow&quot; _builder_version=&quot;3.25&quot; background_color=&quot;#ffffff&quot; custom_padding=&quot;|||&quot; global_colors_info=&quot;{}&quot; custom_padding__hover=&quot;|||&quot;][et_pb_text _builder_version=&quot;3.27.4&quot; custom_padding=&quot;5%|5%|5%|5%&quot; link_option_url=&quot;https:\/\/inverma.co.il\/en\/infos\/inverma-intimate-wellness\/&quot; z_index_tablet=&quot;500&quot; global_colors_info=&quot;{}&quot;]\n<h3>DISCOVER THE SECRET OF YOUR PERSONAL INTIMATE WELLNESS!<\/h3>\n<p>Become aware of the importance of a clean intimate area and take care towards it.\u00a0\u00a0<span class=\"btn\"><a href=\"https:\/\/inverma.co.il\/he\/infos\/inverma-intimate-wellness\/\">read more&#8230;<\/a><\/span><br \/>\n[\/et_pb_text][\/et_pb_column][et_pb_column type=&quot;1_3&quot; module_class=&quot;box-shadow&quot; _builder_version=&quot;3.25&quot; background_color=&quot;#ffffff&quot; custom_padding=&quot;|||&quot; global_colors_info=&quot;{}&quot; custom_padding__hover=&quot;|||&quot;][et_pb_text _builder_version=&quot;4.14.2&quot; custom_padding=&quot;5%|5%|5%|5%&quot; link_option_url=&quot;https:\/\/inverma.co.il\/en\/inverma-effective-sexual-products\/&quot; hover_enabled=&quot;0&quot; z_index_tablet=&quot;500&quot; global_colors_info=&quot;{}&quot; sticky_enabled=&quot;0&quot;]\n<h3>PERFORMANCE AND QUALITY \u201cMADE IN GERMANY\u201d FOR MORE THAN 71 YEARS<\/h3>\n<p>The traditional company INVERMA which is run by the second generation is located nearby Hamburg and well known for its sexual brand products all over the world.\u00a0It occupies a leading position in the international ranking.\u00a0 <span class=\"btn\"><a href=\"https:\/\/inverma.co.il\/he\/inverma-effective-sexual-products\/\">read more&#8230;<\/a><\/span>[\/et_pb_text][\/et_pb_column][et_pb_column type=&quot;1_3&quot; module_class=&quot;box-shadow&quot; _builder_version=&quot;3.25&quot; background_color=&quot;#ffffff&quot; custom_padding=&quot;|||&quot; global_colors_info=&quot;{}&quot; custom_padding__hover=&quot;|||&quot;][et_pb_text _builder_version=&quot;3.27.4&quot; custom_padding=&quot;5%|5%|5%|5%&quot; link_option_url=&quot;https:\/\/inverma.co.il\/en\/infos\/news-from-inverma\/&quot; z_index_tablet=&quot;500&quot; global_colors_info=&quot;{}&quot;]\n<h3>INVERMA KEEPS ON GROWING \u2013 COME IN GLIDE-GEL WITH ALOE VERA NOW AVAILABLE IN 50 ML AND 200 ML<\/h3>\n<p>Our well established lubricant Come in Glide-Gel with Aloe Vera is now available in two new sizes. Additionally to the 100 ml tube we now offer the sizes 50 ml and 200 ml. Therefore every customer can find the appropriate tube size he needs. <span class=\"btn\"><a href=\"https:\/\/inverma.co.il\/he\/infos\/news-from-inverma\/\">read more&#8230;<\/a><\/span><br \/>\n[\/et_pb_text][\/et_pb_column][\/et_pb_row][et_pb_row _builder_version=&quot;3.25&quot; background_size=&quot;initial&quot; background_position=&quot;top_left&quot; background_repeat=&quot;repeat&quot; global_colors_info=&quot;{}&quot;][et_pb_column type=&quot;4_4&quot; _builder_version=&quot;3.25&quot; custom_padding=&quot;|||&quot; global_colors_info=&quot;{}&quot; custom_padding__hover=&quot;|||&quot;][et_pb_text admin_label=&quot;Awards f\u00fcr Inverma&quot; _builder_version=&quot;3.27.4&quot; text_orientation=&quot;center&quot; z_index_tablet=&quot;500&quot; global_colors_info=&quot;{}&quot;]\n<h2>Awards for Inverma<\/h2>\n[\/et_pb_text][\/et_pb_column][\/et_pb_row][et_pb_row column_structure=&quot;1_4,1_4,1_4,1_4&quot; make_equal=&quot;on&quot; _builder_version=&quot;3.25&quot; z_index_tablet=&quot;500&quot; global_colors_info=&quot;{}&quot;][et_pb_column type=&quot;1_4&quot; module_class=&quot;box-shadow&quot; _builder_version=&quot;3.25&quot; background_color=&quot;#ffffff&quot; custom_padding=&quot;|||&quot; global_colors_info=&quot;{}&quot; custom_padding__hover=&quot;|||&quot;][et_pb_text _builder_version=&quot;4.9.4&quot; background_color=&quot;#ffffff&quot; custom_padding=&quot;5%|5%|5%|5%&quot; z_index_tablet=&quot;500&quot; global_colors_info=&quot;{}&quot;]\n<p><a title=\"Venus Erotic Messe, Berlin 2007\" href=\"https:\/\/inverma.co.il\/he\/awards\/\"><img decoding=\"async\" loading=\"lazy\" class=\"aligncenter wp-image-507\" src=\"https:\/\/inverma.co.il\/wp-content\/uploads\/award3.png\" alt=\"INVERMA - Venus Erotic Messe, Berlin 2007\" width=\"47\" height=\"147\" \/><\/a><\/p>\n[\/et_pb_text][\/et_pb_column][et_pb_column type=&quot;1_4&quot; module_class=&quot;box-shadow&quot; _builder_version=&quot;3.25&quot; background_color=&quot;#ffffff&quot; custom_padding=&quot;|||&quot; global_colors_info=&quot;{}&quot; custom_padding__hover=&quot;|||&quot;][et_pb_text _builder_version=&quot;4.9.4&quot; background_color=&quot;#ffffff&quot; custom_padding=&quot;5%|5%|5%|5%&quot; z_index_tablet=&quot;500&quot; global_colors_info=&quot;{}&quot;]\n<p><a title=\"eroFame 2010 \u201cBest-Erotic Lifestyle Product-Line\u201d\" href=\"https:\/\/inverma.co.il\/he\/awards\/\"><img decoding=\"async\" loading=\"lazy\" class=\"aligncenter wp-image-506\" src=\"https:\/\/inverma.co.il\/wp-content\/uploads\/award2.png\" alt=\"INVERMA - eroFame 2010 \u201cBest-Erotic Lifestyle Product-Line\u201d\" width=\"53\" height=\"150\" \/><\/a><\/p>\n[\/et_pb_text][\/et_pb_column][et_pb_column type=&quot;1_4&quot; module_class=&quot;box-shadow&quot; _builder_version=&quot;3.25&quot; background_color=&quot;#ffffff&quot; custom_padding=&quot;|||&quot; global_colors_info=&quot;{}&quot; custom_padding__hover=&quot;|||&quot;][et_pb_text _builder_version=&quot;4.9.4&quot; background_color=&quot;#ffffff&quot; custom_padding=&quot;5%|5%|5%|5%&quot; z_index_tablet=&quot;500&quot; global_colors_info=&quot;{}&quot;]\n<p><a href=\"https:\/\/inverma.co.il\/he\/awards\/\"><img decoding=\"async\" loading=\"lazy\" class=\"aligncenter wp-image-3827\" src=\"https:\/\/inverma.co.il\/wp-content\/uploads\/award-bronze.png\" alt=\"award-bronze\" width=\"36\" height=\"157\" \/><\/a><\/p>\n[\/et_pb_text][\/et_pb_column][et_pb_column type=&quot;1_4&quot; module_class=&quot;box-shadow&quot; _builder_version=&quot;3.25&quot; background_color=&quot;#ffffff&quot; custom_padding=&quot;|||&quot; global_colors_info=&quot;{}&quot; custom_padding__hover=&quot;|||&quot;][et_pb_text _builder_version=&quot;4.9.4&quot; background_color=&quot;#ffffff&quot; custom_padding=&quot;5%|5%|5%|5%&quot; z_index_tablet=&quot;500&quot; global_colors_info=&quot;{}&quot;]\n<p><a href=\"https:\/\/inverma.co.il\/he\/awards\/\"><img decoding=\"async\" loading=\"lazy\" class=\"aligncenter wp-image-3826\" src=\"https:\/\/inverma.co.il\/wp-content\/uploads\/award-xshow18_2.png\" alt=\"award-xshow18+_2\" width=\"116\" height=\"154\" \/><\/a><\/p>\n[\/et_pb_text][\/et_pb_column][\/et_pb_row][\/et_pb_section]\n","protected":false},"excerpt":{"rendered":"<p><span><a href=\"https:\/\/inverma.co.il\/he\/\"><img src=\"https:\/\/inverma.co.il\/wp-content\/plugins\/sitepress-multilingual-cms\/res\/flags\/he.png\" alt=\"\" \/> <\/a><\/span> <span><a href=\"https:\/\/inverma.co.il\"><img src=\"https:\/\/inverma.co.il\/wp-content\/uploads\/flags\/flag-en.png\" alt=\"\" \/> <\/a><\/span> <span><a href=\"https:\/\/inverma.co.il\/ru\/\"><img src=\"https:\/\/inverma.co.il\/wp-content\/uploads\/flags\/flag-ru.png\" alt=\"\" \/> <\/a><\/span>  PRODUCTS Rediscover your passion INVERMA \u00abMade in Germany\u00bb since more than 71 years INFOS The secret of your Intimate Wellness DISCOVER THE SECRET OF YOUR PERSONAL INTIMATE WELLNESS! Become aware of the importance of a clean intimate area and take care towards it.\u00a0\u00a0read more&#8230; PERFORMANCE AND QUALITY \u201cMADE IN GERMANY\u201d FOR MORE THAN [&hellip;]<\/p>\n","protected":false},"author":9,"featured_media":0,"parent":0,"menu_order":1,"comment_status":"closed","ping_status":"closed","template":"","meta":{"_et_pb_use_builder":"on","_et_pb_old_content":"[su_row]\r\n[su_column size=\"1\/3\"]\r\n\r\n<a href=\"\/?page_id=18\"><img class=\"aligncenter\" src=\"https:\/\/inverma.co.il\/wp-content\/uploads\/homewidgets-rahmen2.png\" alt=\"\" width=\"250\" height=\"180\"><\/a>\r\n<h2 style=\"text-align: center;\">PRODUKTE<\/h2>\r\n<p style=\"text-align: center;\">Entdecken Sie Ihre Leidenschaft neu<\/p>\r\n[\/su_column]\r\n[su_column size=\"1\/3\"]\r\n<a href=\"\/?page_id=14\"><img class=\"aligncenter\" src=\"https:\/\/inverma.co.il\/wp-content\/uploads\/homewidgets-rahmen-1.png\" alt=\"\" width=\"250\" height=\"180\"><\/a>\r\n<h2 style=\"text-align: center;\">INVERMA<\/h2>\r\n<p style=\"text-align: center;\">\u00abMade in Germany\u00bb seit mehr als 68 Jahren<\/p>\r\n[\/su_column]\r\n[su_column size=\"1\/3\"]\r\n<a href=\"\/?page_id=3930\"><img class=\"aligncenter\" src=\"https:\/\/inverma.co.il\/wp-content\/uploads\/INTIM-WELLNESS-Largo-Amorelie-lang-2017-08-10_2-2.png\" alt=\"\" width=\"250\" height=\"180\"><\/a>\r\n<h2 style=\"text-align: center;\">INFOS\/NEWS<\/h2>\r\n<p style=\"text-align: center;\">Das Geheimnis Ihrer Intim-Wellness<\/p>\r\n[\/su_column]\r\n[\/su_row]\r\n\r\n<hr>\r\n\r\n<h3>DAS GEHEIMNIS IHRER PERS\u00d6NLICHEN INVERMA-INTIM-WELLNESS!<\/h3>\r\nWerden Sie sich der Wichtigkeit eines gepflegten Intimbereichs bewusst und tragen Sie Sorge ihm gegen\u00fcber.\u00a0\u00a0<span class=\"btn\"><a href=\"\/?page_id=16\">mehr lesen...<\/a><\/span>\r\n\r\n<hr>\r\n\r\n<h3>LEISTUNG MIT TRADITION \u201eMADE IN GERMANY\u201c SEIT 68 JAHREN<\/h3>\r\nDas Traditionsunternehmen INVERMA, welches in der zweiten Generation gef\u00fchrt wird, hat seinen Sitz in der N\u00e4he von Hamburg und ist durch seine Marken-Sexual-Produkte weltweit bekannt und nimmt im internationalen Ranking einen Spitzenplatz ein.\u00a0\u00a0<span class=\"btn\"><a href=\"\/?page_id=14\">mehr lesen...<\/a><\/span>\r\n\r\n<hr>\r\n\r\n<h3>INVERMA HAT ZUWACHS BEKOMMEN - COME IN GLEIT-GEL mit ALOE Vera jetzt auch in 50 ml und 200 ml<\/h3>\r\nUnser langj\u00e4hrig bew\u00e4hrtes Come in Gleit-Gel mit Aloe Vera gibt es jetzt in zwei neuen Verpackungsgr\u00f6ssen. Neben der 100 ml-Tube bieten wir auch die Gr\u00f6ssen 50 ml und eine 200 ml an. Somit kann jetzt jeder Kunde die f\u00fcr Ihn passende Tubengr\u00f6sse w\u00e4hlen. <span class=\"btn\"><a href=\"https:\/\/inverma.co.il\/neues-von-inverma\">mehr lesen...<\/a><\/span>\r\n\r\n<hr>\r\n\r\n<h3>AWARDS f\u00fcr INVERMA<\/h3>\r\n[su_row]\r\n[su_column size=\"1\/4\"]\r\n<a title=\"Venus Erotic Messe, Berlin 2007\" href=\"\/?page_id=367\"><img class=\"wp-image-507 aligncenter\" src=\"https:\/\/inverma.co.il\/wp-content\/uploads\/award3.png\" alt=\"INVERMA - Venus Erotic Messe, Berlin 2007\" width=\"47\" height=\"147\"><\/a>[\/su_column]\r\n[su_column size=\"1\/4\"]\r\n\r\n<a title=\"eroFame 2010 \u201cBest-Erotic Lifestyle Product-Line\u201d\" href=\"\/?page_id=367\"><img class=\"wp-image-506 aligncenter\" src=\"https:\/\/inverma.co.il\/wp-content\/uploads\/award2.png\" alt=\"INVERMA - eroFame 2010 \u201cBest-Erotic Lifestyle Product-Line\u201d\" width=\"53\" height=\"150\"><\/a>[\/su_column]\r\n[su_column size=\"1\/4\"]\r\n\r\n<a href=\"\/?page_id=367\"><img class=\"wp-image-3827 aligncenter\" src=\"https:\/\/inverma.co.il\/wp-content\/uploads\/award-bronze.png\" alt=\"award-bronze\" width=\"36\" height=\"157\"><\/a>\r\n\r\n[\/su_column]\r\n[su_column size=\"1\/4\"]\r\n\r\n<a href=\"\/?page_id=367\"><img class=\"wp-image-3826 aligncenter\" src=\"https:\/\/inverma.co.il\/wp-content\/uploads\/award-xshow18_2.png\" alt=\"award-xshow18+_2\" width=\"116\" height=\"154\"><\/a>\r\n\r\n[\/su_column]\r\n[\/su_row]","_et_gb_content_width":""},"yoast_head":"<!-- This site is optimized with the Yoast SEO plugin v19.9 - https:\/\/yoast.com\/wordpress\/plugins\/seo\/ -->\n<title>INVERMA - Come in to the world of erotic and exotic<\/title>\n<meta name=\"description\" content=\"INVERMA -\u00abMade in Germany\u00bb since more than 70 years\" \/>\n<meta name=\"robots\" content=\"index, follow, max-snippet:-1, max-image-preview:large, max-video-preview:-1\" \/>\n<link rel=\"canonical\" href=\"https:\/\/inverma.co.il\/he\/\" \/>\n<meta property=\"og:locale\" content=\"he_IL\" \/>\n<meta property=\"og:type\" content=\"article\" \/>\n<meta property=\"og:title\" content=\"INVERMA - Come in to the world of erotic and exotic\" \/>\n<meta property=\"og:description\" content=\"INVERMA -\u00abMade in Germany\u00bb since more than 70 years\" \/>\n<meta property=\"og:url\" content=\"https:\/\/inverma.co.il\/he\/\" \/>\n<meta property=\"og:site_name\" content=\"INVERMA\" \/>\n<meta property=\"article:publisher\" content=\"https:\/\/www.facebook.com\/inverma.lange\" \/>\n<meta property=\"article:modified_time\" content=\"2022-01-04T17:10:47+00:00\" \/>\n<meta property=\"og:image\" content=\"https:\/\/inverma.co.il\/wp-content\/uploads\/HomeButtonProdukte-2020-10-20.png\" \/>\n<meta name=\"twitter:label1\" content=\"\u05d6\u05de\u05df \u05e7\u05e8\u05d9\u05d0\u05d4 \u05de\u05d5\u05e2\u05e8\u05da\" \/>\n\t<meta name=\"twitter:data1\" content=\"5 \u05d3\u05e7\u05d5\u05ea\" \/>\n<script type=\"application\/ld+json\" class=\"yoast-schema-graph\">{\"@context\":\"https:\/\/schema.org\",\"@graph\":[{\"@type\":\"WebPage\",\"@id\":\"https:\/\/inverma.co.il\/he\/\",\"url\":\"https:\/\/inverma.co.il\/he\/\",\"name\":\"INVERMA - Come in to the world of erotic and exotic\",\"isPartOf\":{\"@id\":\"https:\/\/inverma.co.il\/he\/#website\"},\"datePublished\":\"2017-10-09T12:41:21+00:00\",\"dateModified\":\"2022-01-04T17:10:47+00:00\",\"description\":\"INVERMA -\u00abMade in Germany\u00bb since more than 70 years\",\"breadcrumb\":{\"@id\":\"https:\/\/inverma.co.il\/he\/#breadcrumb\"},\"inLanguage\":\"he-IL\",\"potentialAction\":[{\"@type\":\"ReadAction\",\"target\":[\"https:\/\/inverma.co.il\/he\/\"]}]},{\"@type\":\"BreadcrumbList\",\"@id\":\"https:\/\/inverma.co.il\/he\/#breadcrumb\",\"itemListElement\":[{\"@type\":\"ListItem\",\"position\":1,\"name\":\"Home\",\"item\":\"https:\/\/inverma.co.il\/he\/\"},{\"@type\":\"ListItem\",\"position\":2,\"name\":\"INVERMA &#8211; your partner for love\"}]},{\"@type\":\"WebSite\",\"@id\":\"https:\/\/inverma.co.il\/he\/#website\",\"url\":\"https:\/\/inverma.co.il\/he\/\",\"name\":\"INVERMA\",\"description\":\"Come in to the world of erotic and exotic\",\"publisher\":{\"@id\":\"https:\/\/inverma.co.il\/he\/#organization\"},\"potentialAction\":[{\"@type\":\"SearchAction\",\"target\":{\"@type\":\"EntryPoint\",\"urlTemplate\":\"https:\/\/inverma.co.il\/he\/?s={search_term_string}\"},\"query-input\":\"required name=search_term_string\"}],\"inLanguage\":\"he-IL\"},{\"@type\":\"Organization\",\"@id\":\"https:\/\/inverma.co.il\/he\/#organization\",\"name\":\"INVERMA Johannes Lange GmbH+Co KG\",\"url\":\"https:\/\/inverma.co.il\/he\/\",\"logo\":{\"@type\":\"ImageObject\",\"inLanguage\":\"he-IL\",\"@id\":\"https:\/\/inverma.co.il\/he\/#\/schema\/logo\/image\/\",\"url\":\"https:\/\/inverma.co.il\/wp-content\/uploads\/inverma_logo_neu-e1545358251143.png\",\"contentUrl\":\"https:\/\/inverma.co.il\/wp-content\/uploads\/inverma_logo_neu-e1545358251143.png\",\"width\":280,\"height\":74,\"caption\":\"INVERMA Johannes Lange GmbH+Co KG\"},\"image\":{\"@id\":\"https:\/\/inverma.co.il\/he\/#\/schema\/logo\/image\/\"},\"sameAs\":[\"https:\/\/www.facebook.com\/inverma.lange\"]}]}<\/script>\n<!-- \/ Yoast SEO plugin. -->","yoast_head_json":{"title":"INVERMA - Come in to the world of erotic and exotic","description":"INVERMA -\u00abMade in Germany\u00bb since more than 70 years","robots":{"index":"index","follow":"follow","max-snippet":"max-snippet:-1","max-image-preview":"max-image-preview:large","max-video-preview":"max-video-preview:-1"},"canonical":"https:\/\/inverma.co.il\/he\/","og_locale":"he_IL","og_type":"article","og_title":"INVERMA - Come in to the world of erotic and exotic","og_description":"INVERMA -\u00abMade in Germany\u00bb since more than 70 years","og_url":"https:\/\/inverma.co.il\/he\/","og_site_name":"INVERMA","article_publisher":"https:\/\/www.facebook.com\/inverma.lange","article_modified_time":"2022-01-04T17:10:47+00:00","og_image":[{"url":"https:\/\/inverma.co.il\/wp-content\/uploads\/HomeButtonProdukte-2020-10-20.png"}],"twitter_misc":{"\u05d6\u05de\u05df \u05e7\u05e8\u05d9\u05d0\u05d4 \u05de\u05d5\u05e2\u05e8\u05da":"5 \u05d3\u05e7\u05d5\u05ea"},"schema":{"@context":"https:\/\/schema.org","@graph":[{"@type":"WebPage","@id":"https:\/\/inverma.co.il\/he\/","url":"https:\/\/inverma.co.il\/he\/","name":"INVERMA - Come in to the world of erotic and exotic","isPartOf":{"@id":"https:\/\/inverma.co.il\/he\/#website"},"datePublished":"2017-10-09T12:41:21+00:00","dateModified":"2022-01-04T17:10:47+00:00","description":"INVERMA -\u00abMade in Germany\u00bb since more than 70 years","breadcrumb":{"@id":"https:\/\/inverma.co.il\/he\/#breadcrumb"},"inLanguage":"he-IL","potentialAction":[{"@type":"ReadAction","target":["https:\/\/inverma.co.il\/he\/"]}]},{"@type":"BreadcrumbList","@id":"https:\/\/inverma.co.il\/he\/#breadcrumb","itemListElement":[{"@type":"ListItem","position":1,"name":"Home","item":"https:\/\/inverma.co.il\/he\/"},{"@type":"ListItem","position":2,"name":"INVERMA &#8211; your partner for love"}]},{"@type":"WebSite","@id":"https:\/\/inverma.co.il\/he\/#website","url":"https:\/\/inverma.co.il\/he\/","name":"INVERMA","description":"Come in to the world of erotic and exotic","publisher":{"@id":"https:\/\/inverma.co.il\/he\/#organization"},"potentialAction":[{"@type":"SearchAction","target":{"@type":"EntryPoint","urlTemplate":"https:\/\/inverma.co.il\/he\/?s={search_term_string}"},"query-input":"required name=search_term_string"}],"inLanguage":"he-IL"},{"@type":"Organization","@id":"https:\/\/inverma.co.il\/he\/#organization","name":"INVERMA Johannes Lange GmbH+Co KG","url":"https:\/\/inverma.co.il\/he\/","logo":{"@type":"ImageObject","inLanguage":"he-IL","@id":"https:\/\/inverma.co.il\/he\/#\/schema\/logo\/image\/","url":"https:\/\/inverma.co.il\/wp-content\/uploads\/inverma_logo_neu-e1545358251143.png","contentUrl":"https:\/\/inverma.co.il\/wp-content\/uploads\/inverma_logo_neu-e1545358251143.png","width":280,"height":74,"caption":"INVERMA Johannes Lange GmbH+Co KG"},"image":{"@id":"https:\/\/inverma.co.il\/he\/#\/schema\/logo\/image\/"},"sameAs":["https:\/\/www.facebook.com\/inverma.lange"]}]}},"_links":{"self":[{"href":"https:\/\/inverma.co.il\/he\/wp-json\/wp\/v2\/pages\/5358"}],"collection":[{"href":"https:\/\/inverma.co.il\/he\/wp-json\/wp\/v2\/pages"}],"about":[{"href":"https:\/\/inverma.co.il\/he\/wp-json\/wp\/v2\/types\/page"}],"author":[{"embeddable":true,"href":"https:\/\/inverma.co.il\/he\/wp-json\/wp\/v2\/users\/9"}],"replies":[{"embeddable":true,"href":"https:\/\/inverma.co.il\/he\/wp-json\/wp\/v2\/comments?post=5358"}],"version-history":[{"count":8,"href":"https:\/\/inverma.co.il\/he\/wp-json\/wp\/v2\/pages\/5358\/revisions"}],"predecessor-version":[{"id":13133,"href":"https:\/\/inverma.co.il\/he\/wp-json\/wp\/v2\/pages\/5358\/revisions\/13133"}],"wp:attachment":[{"href":"https:\/\/inverma.co.il\/he\/wp-json\/wp\/v2\/media?parent=5358"}],"curies":[{"name":"wp","href":"https:\/\/api.w.org\/{rel}","templated":true}]}}