{"id":16111,"date":"2022-11-23T16:42:07","date_gmt":"2022-11-23T15:42:07","guid":{"rendered":"https:\/\/inverma.co.il\/inverma-herren-creme\/"},"modified":"2022-11-28T00:17:13","modified_gmt":"2022-11-27T23:17:13","slug":"inverma-herren-creme","status":"publish","type":"page","link":"https:\/\/inverma.co.il\/he\/produkte\/%d7%aa%d7%90%d7%95%d7%a8-2\/inverma-herren-creme\/","title":{"rendered":"INVERMA Herren-Creme"},"content":{"rendered":"[et_pb_section fb_built=&quot;1&quot; _builder_version=&quot;3.22.4&quot; inner_width_tablet=&quot;50px&quot; inner_max_width_tablet=&quot;50px&quot; custom_padding=&quot;0px|||&quot; z_index_tablet=&quot;500&quot;][et_pb_row _builder_version=&quot;3.25&quot; background_size=&quot;initial&quot; background_position=&quot;top_left&quot; background_repeat=&quot;repeat&quot;][et_pb_column type=&quot;4_4&quot; _builder_version=&quot;3.25&quot; custom_padding=&quot;|||&quot; custom_padding__hover=&quot;|||&quot;][et_pb_post_title meta=&quot;off&quot; featured_image=&quot;off&quot; _builder_version=&quot;3.22.4&quot; z_index_tablet=&quot;500&quot;][\/et_pb_post_title][\/et_pb_column][\/et_pb_row][et_pb_row make_equal=&quot;on&quot; _builder_version=&quot;3.25&quot; background_color=&quot;#ffffff&quot; z_index_tablet=&quot;500&quot; box_shadow_style=&quot;preset3&quot; column_structure=&quot;1_3,1_3,1_3&quot;][et_pb_column type=&quot;1_3&quot; _builder_version=&quot;3.25&quot; custom_padding=&quot;|||&quot; custom_padding__hover=&quot;|||&quot;][et_pb_text _builder_version=&quot;3.27.4&quot; background_color=&quot;#ffffff&quot; custom_padding=&quot;5%|5%|5%|5%&quot; z_index_tablet=&quot;500&quot;]\n<p><img decoding=\"async\" loading=\"lazy\" class=\"aligncenter wp-image-8061\" src=\"https:\/\/inverma.co.il\/wp-content\/uploads\/Herren-Creme_2018_web_500px.png\" alt=\"\" width=\"300\" height=\"112\" srcset=\"https:\/\/inverma.co.il\/wp-content\/uploads\/Herren-Creme_2018_web_500px.png 500w, https:\/\/inverma.co.il\/wp-content\/uploads\/Herren-Creme_2018_web_500px-80x30.png 80w\" sizes=\"(max-width: 300px) 100vw, 300px\" \/><\/p>\n<p>Mit Inverma Herren-Creme k\u00f6nnen Sie Ihren wichtigen K\u00f6rperteilen etwas Gutes tun. Dieses leistungsstarke Pflegeprodukt ist angenehm auf der Haut und zieht schnell ein. Es erm\u00f6glicht Attraktivit\u00e4t dort, wo es in den Augen ihres Partners darauf ankommt und kann Ihnen f\u00fcr besondere erotische Momente Kraft schenken. Genussvolle Pflege mit Verw\u00f6hncharakter. Eine kleine Menge Inverma Herren-Creme leicht einreiben und einmassieren bis die Creme eingezogen ist.<\/p>\n[\/et_pb_text][\/et_pb_column][et_pb_column type=&quot;1_3&quot; _builder_version=&quot;3.25&quot; custom_padding=&quot;|||&quot; custom_padding__hover=&quot;|||&quot;][et_pb_text _builder_version=&quot;3.27.4&quot; background_color=&quot;#ffffff&quot; custom_padding=&quot;5%|||&quot; custom_padding_tablet=&quot;|5%||5%&quot; custom_padding_phone=&quot;&quot; custom_padding_last_edited=&quot;on|phone&quot; z_index_tablet=&quot;500&quot;]\n<div class=\"prod_box\">\u05ea\u05d0\u05d5\u05e8 \u05d4\u05de\u05d5\u05e6\u05e8:<\/div>\n<div class=\"prod_list\">\n<ul>\n<li><i class=\"far fa-check-circle\"><\/i>\u05de\u05db\u05d9\u05dc 20 \u05de\u05d9\u05dc'<\/li>\n<li><i class=\"far fa-check-circle\"><\/i>\u05e0\u05d1\u05d3\u05e7 \u05d3\u05e8\u05de\u05d8\u05d5\u05dc\u05d5\u05d2\u05d9\u05ea \u05db&quot;\u05d8\u05d5\u05d1 \u05de\u05d0\u05d5\u05d3&quot;<\/li>\n<li><i class=\"far fa-check-circle\"><\/i>\u05d4\u05d9\u05d9\u05e9\u05d5\u05dd \u05e0\u05e2\u05d9\u05dd,<\/li>\n<li><i class=\"far fa-check-circle\"><\/i>\u05d7\u05d5\u05de\u05e8\u05d9 \u05d4\u05d8\u05d9\u05e4\u05d5\u05d7 \u05d0\u05d9\u05db\u05d5\u05ea\u05d9\u05d9\u05dd,<\/li>\n<li><i class=\"far fa-check-circle\"><\/i>\u05dc\u05dc\u05d0 \u05d0\u05dc\u05db\u05d5\u05d4\u05d5\u05dc \u05d5\u05e6\u05d1\u05e2\u05d9\u05dd,<\/li>\n<li><i class=\"far fa-check-circle\"><\/i>\u05de\u05d9\u05d5\u05e6\u05e8 \u05d1\u05d2\u05e8\u05de\u05e0\u05d9\u05d4<\/li>\n<li><i class=\"far fa-check-circle\"><\/i><strong>\u05de\u05e1' \u05e4\u05e8\u05d9\u05d8 52300<\/strong><\/li>\n<\/ul>\n<\/div>\n[\/et_pb_text][et_pb_button button_url=&quot;https:\/\/inverma.co.il\/de\/inverma-kontakt\/&quot; url_new_window=&quot;on&quot; button_text=&quot;\u05e2\u05d5\u05d3 \u05e9\u05d0\u05dc\u05d5\u05ea?&quot; button_alignment=&quot;left&quot; admin_label=&quot;Noch Fragen? Button&quot; _builder_version=&quot;3.22.4&quot; custom_button=&quot;on&quot; button_text_color=&quot;#e2007a&quot; button_bg_color=&quot;#efefef&quot; button_use_icon=&quot;off&quot; custom_padding_tablet=&quot;&quot; custom_padding_phone=&quot;&quot; custom_padding_last_edited=&quot;on|desktop&quot; animation_style=&quot;bounce&quot; z_index_tablet=&quot;500&quot; global_module=&quot;9175&quot; saved_tabs=&quot;all&quot;][\/et_pb_button][\/et_pb_column][et_pb_column type=&quot;1_3&quot; _builder_version=&quot;3.25&quot; custom_padding=&quot;|||&quot; custom_padding__hover=&quot;|||&quot;][et_pb_text admin_label=&quot;Siblings&quot; _builder_version=&quot;3.27.4&quot; background_color=&quot;#efefef&quot; use_background_color_gradient=&quot;on&quot; background_color_gradient_start=&quot;#efefef&quot; background_color_gradient_end=&quot;#ffffff&quot; custom_margin=&quot;5%|5%||&quot; custom_margin_tablet=&quot;5%|5%|5%|5%&quot; custom_margin_phone=&quot;&quot; custom_margin_last_edited=&quot;on|phone&quot; custom_padding=&quot;5%|5%|5%|5%&quot; z_index_tablet=&quot;500&quot;]\n<h3><a title=\"Produkte f\u00fcr ihn\" href=\"https:\/\/inverma.co.il\/he\/produkte\/%d7%aa%d7%90%d7%95%d7%a8-2\/\">\u05de\u05d5\u05e6\u05e8\u05d9\u05dd \u05e0\u05d5\u05e1\u05e4\u05d9\u05dd \u05e2\u05d1\u05d5\u05e8\u05d5<\/a><\/h3>\n<ul class=\"su-siblings\"><li class=\"page_item page-item-16089\"><a href=\"https:\/\/inverma.co.il\/he\/produkte\/%d7%aa%d7%90%d7%95%d7%a8-2\/erekta-absolut\/\">erekta absolut<\/a><\/li>\n<li class=\"page_item page-item-16179\"><a href=\"https:\/\/inverma.co.il\/he\/produkte\/%d7%aa%d7%90%d7%95%d7%a8-2\/magnaphall\/\">Magnaphall<\/a><\/li>\n<li class=\"page_item page-item-16059\"><a href=\"https:\/\/inverma.co.il\/he\/produkte\/%d7%aa%d7%90%d7%95%d7%a8-2\/men-stop-stop\/\">men stop-stop<\/a><\/li>\n<\/ul>\n[\/et_pb_text][\/et_pb_column][\/et_pb_row][\/et_pb_section]\n","protected":false},"excerpt":{"rendered":"<p>Mit Inverma Herren-Creme k\u00f6nnen Sie Ihren wichtigen K\u00f6rperteilen etwas Gutes tun. Dieses leistungsstarke Pflegeprodukt ist angenehm auf der Haut und zieht schnell ein. Es erm\u00f6glicht Attraktivit\u00e4t dort, wo es in den Augen ihres Partners darauf ankommt und kann Ihnen f\u00fcr besondere erotische Momente Kraft schenken. Genussvolle Pflege mit Verw\u00f6hncharakter. Eine kleine Menge Inverma Herren-Creme leicht [&hellip;]<\/p>\n","protected":false},"author":9,"featured_media":15329,"parent":16135,"menu_order":13,"comment_status":"closed","ping_status":"closed","template":"","meta":{"_et_pb_use_builder":"on","_et_pb_old_content":"[et_pb_section fb_built=\"1\" _builder_version=\"3.22.4\" inner_width_tablet=\"50px\" inner_max_width_tablet=\"50px\" custom_padding=\"0px|||\" z_index_tablet=\"500\"][et_pb_row _builder_version=\"3.25\" background_size=\"initial\" background_position=\"top_left\" background_repeat=\"repeat\"][et_pb_column type=\"4_4\" _builder_version=\"3.25\" custom_padding=\"|||\" custom_padding__hover=\"|||\"][et_pb_post_title meta=\"off\" featured_image=\"off\" _builder_version=\"3.22.4\" z_index_tablet=\"500\"][\/et_pb_post_title][\/et_pb_column][\/et_pb_row][et_pb_row make_equal=\"on\" _builder_version=\"3.25\" background_color=\"#ffffff\" z_index_tablet=\"500\" box_shadow_style=\"preset3\" column_structure=\"1_3,1_3,1_3\"][et_pb_column type=\"1_3\" _builder_version=\"3.25\" custom_padding=\"|||\" custom_padding__hover=\"|||\"][et_pb_text _builder_version=\"3.27.4\" background_color=\"#ffffff\" custom_padding=\"5%|5%|5%|5%\" z_index_tablet=\"500\"]<p><img class=\"aligncenter wp-image-8061\" src=\"https:\/\/inverma.co.il\/wp-content\/uploads\/Herren-Creme_2018_web_500px.png\" alt=\"\" width=\"300\" height=\"112\" \/><\/p><p>Mit Inverma Herren-Creme k\u00f6nnen Sie Ihren wichtigen K\u00f6rperteilen etwas Gutes tun. Dieses leistungsstarke Pflegeprodukt ist angenehm auf der Haut und zieht schnell ein. Es erm\u00f6glicht Attraktivit\u00e4t dort, wo es in den Augen ihres Partners darauf ankommt und kann Ihnen f\u00fcr besondere erotische Momente Kraft schenken. Genussvolle Pflege mit Verw\u00f6hncharakter. Eine kleine Menge Inverma Herren-Creme leicht einreiben und einmassieren bis die Creme eingezogen ist.<\/p>\r\n[\/et_pb_text][\/et_pb_column][et_pb_column type=\"1_3\" _builder_version=\"3.25\" custom_padding=\"|||\" custom_padding__hover=\"|||\"][et_pb_text _builder_version=\"3.27.4\" background_color=\"#ffffff\" custom_padding=\"5%|||\" custom_padding_tablet=\"|5%||5%\" custom_padding_phone=\"\" custom_padding_last_edited=\"on|phone\" z_index_tablet=\"500\"]<div class=\"prod_box\">Produktinformation<\/div>\r\n<div class=\"prod_list\">\r\n<ul>\r\n \t<li><i class=\"far fa-check-circle\"><\/i>\u05e4\u05e8\u05d8\u05d9 \u05d4\u05de\u05d5\u05e6\u05e8:\r\n\u05de\u05db\u05d9\u05dc 20 \u05de\u05d9\u05dc'<\/li>\r\n \t<li><i class=\"far fa-check-circle\"><\/i>\u05e0\u05d1\u05d3\u05e7 \u05d3\u05e8\u05de\u05d8\u05d5\u05dc\u05d5\u05d2\u05d9\u05ea \u05db\"\u05d8\u05d5 \u05de\u05d0\u05d5\u05d3\"<\/li>\r\n \t<li><i class=\"far fa-check-circle\"><\/i>\u05d9\u05d9\u05e9\u05d5\u05dd \u05e0\u05e2\u05d9<\/li>\r\n \t<li><i class=\"far fa-check-circle\"><\/i>\u05d7\u05d5\u05de\u05e8\u05d9 \u05d4\u05d8\u05d9\u05e4\u05d5\u05d7 \u05d0\u05d9\u05db\u05d5\u05ea\u05d9\u05d9<\/li>\r\n \t<li><i class=\"far fa-check-circle\"><\/i>\u05dc\u05dc\u05d0 \u05d0\u05dc\u05db\u05d5\u05d4\u05d5\u05dc \u05d5\u05e6\u05d1\u05e2<\/li>\r\n<li><i class=\"far fa-check-circle\"><\/i>\u05de\u05d9\u05d5\u05e6\u05e8 \u05d1\u05d2\u05e8\u05de\u05e0\u05d9\u05d4<\/li>\r\n\r\n \t<li><i class=\"far fa-check-circle\"><\/i><strong>\u05de\u05e1' \u05e4\u05e8\u05d9\u05d8 52300\u05e5\u05ea\u05e6\u05d7\u05de\u05e0<\/strong><\/li>\r\n<\/ul>\r\n<\/div>\r\n[\/et_pb_text][et_pb_button button_url=\"https:\/\/inverma.co.il\/de\/inverma-kontakt\/\" url_new_window=\"on\" button_text=\"Noch Fragen?\" button_alignment=\"left\" admin_label=\"Noch Fragen? Button\" _builder_version=\"3.22.4\" custom_button=\"on\" button_text_color=\"#e2007a\" button_bg_color=\"#efefef\" button_use_icon=\"off\" custom_padding_tablet=\"\" custom_padding_phone=\"\" custom_padding_last_edited=\"on|desktop\" animation_style=\"bounce\" z_index_tablet=\"500\" global_module=\"9175\" saved_tabs=\"all\"][\/et_pb_button][\/et_pb_column][et_pb_column type=\"1_3\" _builder_version=\"3.25\" custom_padding=\"|||\" custom_padding__hover=\"|||\"][et_pb_text admin_label=\"Siblings\" _builder_version=\"3.27.4\" background_color=\"#efefef\" use_background_color_gradient=\"on\" background_color_gradient_start=\"#efefef\" background_color_gradient_end=\"#ffffff\" custom_margin=\"5%|5%||\" custom_margin_tablet=\"5%|5%|5%|5%\" custom_margin_phone=\"\" custom_margin_last_edited=\"on|phone\" custom_padding=\"5%|5%|5%|5%\" z_index_tablet=\"500\"]<h3><a title=\"Produkte f\u00fcr ihn\" href=\"\/?page_id=1996\">Weitere Produkte f\u00fcr ihn:<\/a><\/h3>\r\n[su_siblings]\r\n[\/et_pb_text][\/et_pb_column][\/et_pb_row][\/et_pb_section]","_et_gb_content_width":""},"yoast_head":"<!-- This site is optimized with the Yoast SEO plugin v19.9 - https:\/\/yoast.com\/wordpress\/plugins\/seo\/ -->\n<title>INVERMA Herren-Creme - INVERMA<\/title>\n<meta name=\"description\" content=\"INVERMA - LEISTUNG MIT TRADITION \u201eMADE IN GERMANY\u201c SEIT \u00dcBER 69 JAHREN. Das Traditionsunternehmen INVERMA hat seinen Sitz in der N\u00e4he von Hamburg und ist durch seine Marken-Sexual-Produkte weltweit bekannt und nimmt im internationalen Ranking einen Spitzenplatz ein.\" \/>\n<meta name=\"robots\" content=\"index, follow, max-snippet:-1, max-image-preview:large, max-video-preview:-1\" \/>\n<link rel=\"canonical\" href=\"https:\/\/inverma.co.il\/he\/produkte\/%d7%aa%d7%90%d7%95%d7%a8-2\/inverma-herren-creme\/\" \/>\n<meta property=\"og:locale\" content=\"he_IL\" \/>\n<meta property=\"og:type\" content=\"article\" \/>\n<meta property=\"og:title\" content=\"INVERMA Herren-Creme - INVERMA\" \/>\n<meta property=\"og:description\" content=\"INVERMA - LEISTUNG MIT TRADITION \u201eMADE IN GERMANY\u201c SEIT \u00dcBER 69 JAHREN. Das Traditionsunternehmen INVERMA hat seinen Sitz in der N\u00e4he von Hamburg und ist durch seine Marken-Sexual-Produkte weltweit bekannt und nimmt im internationalen Ranking einen Spitzenplatz ein.\" \/>\n<meta property=\"og:url\" content=\"https:\/\/inverma.co.il\/he\/produkte\/%d7%aa%d7%90%d7%95%d7%a8-2\/inverma-herren-creme\/\" \/>\n<meta property=\"og:site_name\" content=\"INVERMA\" \/>\n<meta property=\"article:publisher\" content=\"https:\/\/www.facebook.com\/inverma.lange\" \/>\n<meta property=\"article:modified_time\" content=\"2022-11-27T23:17:13+00:00\" \/>\n<meta property=\"og:image\" content=\"https:\/\/inverma.co.il\/wp-content\/uploads\/Herren-Creme_2018_web_500px.png\" \/>\n\t<meta property=\"og:image:width\" content=\"500\" \/>\n\t<meta property=\"og:image:height\" content=\"187\" \/>\n\t<meta property=\"og:image:type\" content=\"image\/png\" \/>\n<meta name=\"twitter:label1\" content=\"\u05d6\u05de\u05df \u05e7\u05e8\u05d9\u05d0\u05d4 \u05de\u05d5\u05e2\u05e8\u05da\" \/>\n\t<meta name=\"twitter:data1\" content=\"2 \u05d3\u05e7\u05d5\u05ea\" \/>\n<script type=\"application\/ld+json\" class=\"yoast-schema-graph\">{\"@context\":\"https:\/\/schema.org\",\"@graph\":[{\"@type\":\"WebPage\",\"@id\":\"https:\/\/inverma.co.il\/he\/produkte\/%d7%aa%d7%90%d7%95%d7%a8-2\/inverma-herren-creme\/\",\"url\":\"https:\/\/inverma.co.il\/he\/produkte\/%d7%aa%d7%90%d7%95%d7%a8-2\/inverma-herren-creme\/\",\"name\":\"INVERMA Herren-Creme - INVERMA\",\"isPartOf\":{\"@id\":\"https:\/\/inverma.co.il\/he\/#website\"},\"datePublished\":\"2022-11-23T15:42:07+00:00\",\"dateModified\":\"2022-11-27T23:17:13+00:00\",\"description\":\"INVERMA - LEISTUNG MIT TRADITION \u201eMADE IN GERMANY\u201c SEIT \u00dcBER 69 JAHREN. Das Traditionsunternehmen INVERMA hat seinen Sitz in der N\u00e4he von Hamburg und ist durch seine Marken-Sexual-Produkte weltweit bekannt und nimmt im internationalen Ranking einen Spitzenplatz ein.\",\"breadcrumb\":{\"@id\":\"https:\/\/inverma.co.il\/he\/produkte\/%d7%aa%d7%90%d7%95%d7%a8-2\/inverma-herren-creme\/#breadcrumb\"},\"inLanguage\":\"he-IL\",\"potentialAction\":[{\"@type\":\"ReadAction\",\"target\":[\"https:\/\/inverma.co.il\/he\/produkte\/%d7%aa%d7%90%d7%95%d7%a8-2\/inverma-herren-creme\/\"]}]},{\"@type\":\"BreadcrumbList\",\"@id\":\"https:\/\/inverma.co.il\/he\/produkte\/%d7%aa%d7%90%d7%95%d7%a8-2\/inverma-herren-creme\/#breadcrumb\",\"itemListElement\":[{\"@type\":\"ListItem\",\"position\":1,\"name\":\"Home\",\"item\":\"https:\/\/inverma.co.il\/he\/\"},{\"@type\":\"ListItem\",\"position\":2,\"name\":\"Produkte\",\"item\":\"https:\/\/inverma.co.il\/he\/produkte\/\"},{\"@type\":\"ListItem\",\"position\":3,\"name\":\"\u05de\u05d5\u05e6\u05e8\u05d9\u05dd \u05e2\u05d1\u05d5\u05e8\u05d5\",\"item\":\"https:\/\/inverma.co.il\/he\/products\/products-for-him\/\"},{\"@type\":\"ListItem\",\"position\":4,\"name\":\"INVERMA Herren-Creme\"}]},{\"@type\":\"WebSite\",\"@id\":\"https:\/\/inverma.co.il\/he\/#website\",\"url\":\"https:\/\/inverma.co.il\/he\/\",\"name\":\"INVERMA\",\"description\":\"Come in to the world of erotic and exotic\",\"publisher\":{\"@id\":\"https:\/\/inverma.co.il\/he\/#organization\"},\"potentialAction\":[{\"@type\":\"SearchAction\",\"target\":{\"@type\":\"EntryPoint\",\"urlTemplate\":\"https:\/\/inverma.co.il\/he\/?s={search_term_string}\"},\"query-input\":\"required name=search_term_string\"}],\"inLanguage\":\"he-IL\"},{\"@type\":\"Organization\",\"@id\":\"https:\/\/inverma.co.il\/he\/#organization\",\"name\":\"INVERMA Johannes Lange GmbH+Co KG\",\"url\":\"https:\/\/inverma.co.il\/he\/\",\"logo\":{\"@type\":\"ImageObject\",\"inLanguage\":\"he-IL\",\"@id\":\"https:\/\/inverma.co.il\/he\/#\/schema\/logo\/image\/\",\"url\":\"https:\/\/inverma.co.il\/wp-content\/uploads\/inverma_logo_neu-e1545358251143.png\",\"contentUrl\":\"https:\/\/inverma.co.il\/wp-content\/uploads\/inverma_logo_neu-e1545358251143.png\",\"width\":280,\"height\":74,\"caption\":\"INVERMA Johannes Lange GmbH+Co KG\"},\"image\":{\"@id\":\"https:\/\/inverma.co.il\/he\/#\/schema\/logo\/image\/\"},\"sameAs\":[\"https:\/\/www.facebook.com\/inverma.lange\"]}]}<\/script>\n<!-- \/ Yoast SEO plugin. -->","yoast_head_json":{"title":"INVERMA Herren-Creme - INVERMA","description":"INVERMA - LEISTUNG MIT TRADITION \u201eMADE IN GERMANY\u201c SEIT \u00dcBER 69 JAHREN. Das Traditionsunternehmen INVERMA hat seinen Sitz in der N\u00e4he von Hamburg und ist durch seine Marken-Sexual-Produkte weltweit bekannt und nimmt im internationalen Ranking einen Spitzenplatz ein.","robots":{"index":"index","follow":"follow","max-snippet":"max-snippet:-1","max-image-preview":"max-image-preview:large","max-video-preview":"max-video-preview:-1"},"canonical":"https:\/\/inverma.co.il\/he\/produkte\/%d7%aa%d7%90%d7%95%d7%a8-2\/inverma-herren-creme\/","og_locale":"he_IL","og_type":"article","og_title":"INVERMA Herren-Creme - INVERMA","og_description":"INVERMA - LEISTUNG MIT TRADITION \u201eMADE IN GERMANY\u201c SEIT \u00dcBER 69 JAHREN. Das Traditionsunternehmen INVERMA hat seinen Sitz in der N\u00e4he von Hamburg und ist durch seine Marken-Sexual-Produkte weltweit bekannt und nimmt im internationalen Ranking einen Spitzenplatz ein.","og_url":"https:\/\/inverma.co.il\/he\/produkte\/%d7%aa%d7%90%d7%95%d7%a8-2\/inverma-herren-creme\/","og_site_name":"INVERMA","article_publisher":"https:\/\/www.facebook.com\/inverma.lange","article_modified_time":"2022-11-27T23:17:13+00:00","og_image":[{"width":500,"height":187,"url":"https:\/\/inverma.co.il\/wp-content\/uploads\/Herren-Creme_2018_web_500px.png","type":"image\/png"}],"twitter_misc":{"\u05d6\u05de\u05df \u05e7\u05e8\u05d9\u05d0\u05d4 \u05de\u05d5\u05e2\u05e8\u05da":"2 \u05d3\u05e7\u05d5\u05ea"},"schema":{"@context":"https:\/\/schema.org","@graph":[{"@type":"WebPage","@id":"https:\/\/inverma.co.il\/he\/produkte\/%d7%aa%d7%90%d7%95%d7%a8-2\/inverma-herren-creme\/","url":"https:\/\/inverma.co.il\/he\/produkte\/%d7%aa%d7%90%d7%95%d7%a8-2\/inverma-herren-creme\/","name":"INVERMA Herren-Creme - INVERMA","isPartOf":{"@id":"https:\/\/inverma.co.il\/he\/#website"},"datePublished":"2022-11-23T15:42:07+00:00","dateModified":"2022-11-27T23:17:13+00:00","description":"INVERMA - LEISTUNG MIT TRADITION \u201eMADE IN GERMANY\u201c SEIT \u00dcBER 69 JAHREN. Das Traditionsunternehmen INVERMA hat seinen Sitz in der N\u00e4he von Hamburg und ist durch seine Marken-Sexual-Produkte weltweit bekannt und nimmt im internationalen Ranking einen Spitzenplatz ein.","breadcrumb":{"@id":"https:\/\/inverma.co.il\/he\/produkte\/%d7%aa%d7%90%d7%95%d7%a8-2\/inverma-herren-creme\/#breadcrumb"},"inLanguage":"he-IL","potentialAction":[{"@type":"ReadAction","target":["https:\/\/inverma.co.il\/he\/produkte\/%d7%aa%d7%90%d7%95%d7%a8-2\/inverma-herren-creme\/"]}]},{"@type":"BreadcrumbList","@id":"https:\/\/inverma.co.il\/he\/produkte\/%d7%aa%d7%90%d7%95%d7%a8-2\/inverma-herren-creme\/#breadcrumb","itemListElement":[{"@type":"ListItem","position":1,"name":"Home","item":"https:\/\/inverma.co.il\/he\/"},{"@type":"ListItem","position":2,"name":"Produkte","item":"https:\/\/inverma.co.il\/he\/produkte\/"},{"@type":"ListItem","position":3,"name":"\u05de\u05d5\u05e6\u05e8\u05d9\u05dd \u05e2\u05d1\u05d5\u05e8\u05d5","item":"https:\/\/inverma.co.il\/he\/products\/products-for-him\/"},{"@type":"ListItem","position":4,"name":"INVERMA Herren-Creme"}]},{"@type":"WebSite","@id":"https:\/\/inverma.co.il\/he\/#website","url":"https:\/\/inverma.co.il\/he\/","name":"INVERMA","description":"Come in to the world of erotic and exotic","publisher":{"@id":"https:\/\/inverma.co.il\/he\/#organization"},"potentialAction":[{"@type":"SearchAction","target":{"@type":"EntryPoint","urlTemplate":"https:\/\/inverma.co.il\/he\/?s={search_term_string}"},"query-input":"required name=search_term_string"}],"inLanguage":"he-IL"},{"@type":"Organization","@id":"https:\/\/inverma.co.il\/he\/#organization","name":"INVERMA Johannes Lange GmbH+Co KG","url":"https:\/\/inverma.co.il\/he\/","logo":{"@type":"ImageObject","inLanguage":"he-IL","@id":"https:\/\/inverma.co.il\/he\/#\/schema\/logo\/image\/","url":"https:\/\/inverma.co.il\/wp-content\/uploads\/inverma_logo_neu-e1545358251143.png","contentUrl":"https:\/\/inverma.co.il\/wp-content\/uploads\/inverma_logo_neu-e1545358251143.png","width":280,"height":74,"caption":"INVERMA Johannes Lange GmbH+Co KG"},"image":{"@id":"https:\/\/inverma.co.il\/he\/#\/schema\/logo\/image\/"},"sameAs":["https:\/\/www.facebook.com\/inverma.lange"]}]}},"_links":{"self":[{"href":"https:\/\/inverma.co.il\/he\/wp-json\/wp\/v2\/pages\/16111"}],"collection":[{"href":"https:\/\/inverma.co.il\/he\/wp-json\/wp\/v2\/pages"}],"about":[{"href":"https:\/\/inverma.co.il\/he\/wp-json\/wp\/v2\/types\/page"}],"author":[{"embeddable":true,"href":"https:\/\/inverma.co.il\/he\/wp-json\/wp\/v2\/users\/9"}],"replies":[{"embeddable":true,"href":"https:\/\/inverma.co.il\/he\/wp-json\/wp\/v2\/comments?post=16111"}],"version-history":[{"count":8,"href":"https:\/\/inverma.co.il\/he\/wp-json\/wp\/v2\/pages\/16111\/revisions"}],"predecessor-version":[{"id":16170,"href":"https:\/\/inverma.co.il\/he\/wp-json\/wp\/v2\/pages\/16111\/revisions\/16170"}],"up":[{"embeddable":true,"href":"https:\/\/inverma.co.il\/he\/wp-json\/wp\/v2\/pages\/16135"}],"wp:featuredmedia":[{"embeddable":true,"href":"https:\/\/inverma.co.il\/he\/wp-json\/wp\/v2\/media\/15329"}],"wp:attachment":[{"href":"https:\/\/inverma.co.il\/he\/wp-json\/wp\/v2\/media?parent=16111"}],"curies":[{"name":"wp","href":"https:\/\/api.w.org\/{rel}","templated":true}]}}